{"id":6987,"date":"2021-01-08T18:02:03","date_gmt":"2021-01-08T16:02:03","guid":{"rendered":"https:\/\/www.ksttukku.fi\/kauppa\/?post_type=product&#038;p=6987"},"modified":"2022-11-22T18:34:42","modified_gmt":"2022-11-22T16:34:42","slug":"hallivalaisin-200w-19200lm-ip44","status":"publish","type":"product","link":"https:\/\/www.ksttukku.fi\/kauppa\/tuote\/hallivalaisin-200w-19200lm-ip44\/","title":{"rendered":"Hallivalaisin 200W 19200lm IP44"},"content":{"rendered":"<p><span id=\"data1\" class=\"pt1\">J\u00e4nnite: 220-240 V ~50 Hz<br \/>\nTeho: 200 W<br \/>\nValoteho: 19200 lm<br \/>\nPF&gt; 0.9<br \/>\nV\u00e4ril\u00e4mp\u00f6tila: 4000 K<br \/>\nValaisukulma: 115\u02da<br \/>\nKotelointiluokka: IP44<br \/>\nMateriaali: Alumiini<br \/>\nMitat: \u00d8 335 x 95 mm<br \/>\nRipustusketju: 1,5 m<br \/>\nPistotulppajohdonpituus: 2 m<br \/>\nTakuu 2 vuotta <\/span><\/p>\n","protected":false},"excerpt":{"rendered":"<p>Ripustettava UFO-hallivalaisin (syv\u00e4s\u00e4teilij\u00e4) valaisee tehokkaasti korkeankin varasto- tai hallitilan.<\/p>\n","protected":false},"featured_media":6988,"comment_status":"closed","ping_status":"closed","template":"","meta":[],"product_brand":[],"product_cat":[61],"product_tag":[],"class_list":{"0":"post-6987","1":"product","2":"type-product","3":"status-publish","4":"has-post-thumbnail","6":"product_cat-yleisvalaisimet","8":"first","9":"instock","10":"sale","11":"taxable","12":"shipping-taxable","13":"purchasable","14":"product-type-simple"},"_links":{"self":[{"href":"https:\/\/www.ksttukku.fi\/kauppa\/wp-json\/wp\/v2\/product\/6987","targetHints":{"allow":["GET"]}}],"collection":[{"href":"https:\/\/www.ksttukku.fi\/kauppa\/wp-json\/wp\/v2\/product"}],"about":[{"href":"https:\/\/www.ksttukku.fi\/kauppa\/wp-json\/wp\/v2\/types\/product"}],"replies":[{"embeddable":true,"href":"https:\/\/www.ksttukku.fi\/kauppa\/wp-json\/wp\/v2\/comments?post=6987"}],"wp:featuredmedia":[{"embeddable":true,"href":"https:\/\/www.ksttukku.fi\/kauppa\/wp-json\/wp\/v2\/media\/6988"}],"wp:attachment":[{"href":"https:\/\/www.ksttukku.fi\/kauppa\/wp-json\/wp\/v2\/media?parent=6987"}],"wp:term":[{"taxonomy":"product_brand","embeddable":true,"href":"https:\/\/www.ksttukku.fi\/kauppa\/wp-json\/wp\/v2\/product_brand?post=6987"},{"taxonomy":"product_cat","embeddable":true,"href":"https:\/\/www.ksttukku.fi\/kauppa\/wp-json\/wp\/v2\/product_cat?post=6987"},{"taxonomy":"product_tag","embeddable":true,"href":"https:\/\/www.ksttukku.fi\/kauppa\/wp-json\/wp\/v2\/product_tag?post=6987"}],"curies":[{"name":"wp","href":"https:\/\/api.w.org\/{rel}","templated":true}]}}