{"id":7007,"date":"2021-01-15T18:01:11","date_gmt":"2021-01-15T16:01:11","guid":{"rendered":"https:\/\/www.ksttukku.fi\/kauppa\/?post_type=product&#038;p=7007"},"modified":"2022-09-24T14:56:45","modified_gmt":"2022-09-24T11:56:45","slug":"oljytaytteinen-lammitin-2500w","status":"publish","type":"product","link":"https:\/\/www.ksttukku.fi\/kauppa\/tuote\/oljytaytteinen-lammitin-2500w\/","title":{"rendered":"\u00d6ljyt\u00e4ytteinen l\u00e4mmitin 2500W"},"content":{"rendered":"<p><span id=\"data1\" class=\"pt1\">Ominaisuudet:<br \/>\n13 lohkoa (yhden lohkon mitat: 150 mm x 580 mm)<br \/>\nkaksi l\u00e4mmitystehoa: 1500 W ja 2500 W<br \/>\nmerkkivalo<br \/>\ntermostaatti<br \/>\nylikuumenemissuoja<br \/>\nkaatumissuojakytkin<br \/>\npy\u00f6r\u00e4t ja vetokahva<br \/>\nlattiamalli<br \/>\nKotelointiluokka: IP20 (kuiviin sis\u00e4tiloihin)<br \/>\nTakuu 2 vuotta. <\/span><\/p>\n","protected":false},"excerpt":{"rendered":"<p>Helposti siirrett\u00e4v\u00e4 \u00f6ljyt\u00e4ytteinen 13-lohkoinen l\u00e4mmitin kuiviin tiloihin. L\u00e4mmittimess\u00e4 on kaksi l\u00e4mmitystehovalintaa. Ylikuumenemissuoja ja kaatumissuojakytkin varmistavat turvallisen k\u00e4yt\u00f6n.<\/p>\n","protected":false},"featured_media":7008,"comment_status":"closed","ping_status":"closed","template":"","meta":[],"product_brand":[],"product_cat":[201],"product_tag":[],"class_list":{"0":"post-7007","1":"product","2":"type-product","3":"status-publish","4":"has-post-thumbnail","6":"product_cat-lammittimet","8":"first","9":"instock","10":"taxable","11":"shipping-taxable","12":"purchasable","13":"product-type-simple"},"_links":{"self":[{"href":"https:\/\/www.ksttukku.fi\/kauppa\/wp-json\/wp\/v2\/product\/7007","targetHints":{"allow":["GET"]}}],"collection":[{"href":"https:\/\/www.ksttukku.fi\/kauppa\/wp-json\/wp\/v2\/product"}],"about":[{"href":"https:\/\/www.ksttukku.fi\/kauppa\/wp-json\/wp\/v2\/types\/product"}],"replies":[{"embeddable":true,"href":"https:\/\/www.ksttukku.fi\/kauppa\/wp-json\/wp\/v2\/comments?post=7007"}],"wp:featuredmedia":[{"embeddable":true,"href":"https:\/\/www.ksttukku.fi\/kauppa\/wp-json\/wp\/v2\/media\/7008"}],"wp:attachment":[{"href":"https:\/\/www.ksttukku.fi\/kauppa\/wp-json\/wp\/v2\/media?parent=7007"}],"wp:term":[{"taxonomy":"product_brand","embeddable":true,"href":"https:\/\/www.ksttukku.fi\/kauppa\/wp-json\/wp\/v2\/product_brand?post=7007"},{"taxonomy":"product_cat","embeddable":true,"href":"https:\/\/www.ksttukku.fi\/kauppa\/wp-json\/wp\/v2\/product_cat?post=7007"},{"taxonomy":"product_tag","embeddable":true,"href":"https:\/\/www.ksttukku.fi\/kauppa\/wp-json\/wp\/v2\/product_tag?post=7007"}],"curies":[{"name":"wp","href":"https:\/\/api.w.org\/{rel}","templated":true}]}}