{"id":7036,"date":"2021-01-25T18:07:23","date_gmt":"2021-01-25T16:07:23","guid":{"rendered":"https:\/\/www.ksttukku.fi\/kauppa\/?post_type=product&#038;p=7036"},"modified":"2021-01-25T18:07:25","modified_gmt":"2021-01-25T16:07:25","slug":"kattovalaisin-shogun-215w-2400lm","status":"publish","type":"product","link":"https:\/\/www.ksttukku.fi\/kauppa\/tuote\/kattovalaisin-shogun-215w-2400lm\/","title":{"rendered":"Kattovalaisin Shogun 21,5W 2400lm"},"content":{"rendered":"<p>Valaisinta voi himment\u00e4\u00e4 portaattomasti integroidulla valons\u00e4\u00e4timell\u00e4.<\/p>\n<p>Valon v\u00e4ri\u00e4 (v\u00e4ril\u00e4mp\u00f6tilaa kelvinasteina) voi s\u00e4\u00e4t\u00e4\u00e4 portaattomasti.<\/p>\n<p>Valaisimessa on y\u00f6valotoiminto<\/p>\n<p>Teho: 21,5 W<\/p>\n<p>Valovirta: 2400 lm<\/p>\n<p>Valaisimen koko: \u2205 420 mm, korkeus 60 mm<\/p>\n<p>V\u00e4ril\u00e4mp\u00f6: 3000 \u2013 5500 K<\/p>\n","protected":false},"excerpt":{"rendered":"<p>Valaisinta voi himment\u00e4\u00e4 portaattomasti integroidulla valons\u00e4\u00e4timell\u00e4. Valon v\u00e4ri\u00e4 (v\u00e4ril\u00e4mp\u00f6tilaa kelvinasteina) voi s\u00e4\u00e4t\u00e4\u00e4 portaattomasti. Valaisimessa on y\u00f6valotoiminto Teho: 21,5 W Valovirta: 2400 lm Valaisimen koko: \u2205 420 mm, korkeus 60 mm V\u00e4ril\u00e4mp\u00f6: 3000 \u2013 5500 K<\/p>\n","protected":false},"featured_media":7037,"comment_status":"closed","ping_status":"closed","template":"","meta":[],"product_brand":[],"product_cat":[40,35,34],"product_tag":[],"class_list":{"0":"post-7036","1":"product","2":"type-product","3":"status-publish","4":"has-post-thumbnail","6":"product_cat-kattovalaisimet","7":"product_cat-sisavalaisimet","8":"product_cat-valaisimet","10":"first","11":"instock","12":"taxable","13":"shipping-taxable","14":"purchasable","15":"product-type-simple"},"_links":{"self":[{"href":"https:\/\/www.ksttukku.fi\/kauppa\/wp-json\/wp\/v2\/product\/7036","targetHints":{"allow":["GET"]}}],"collection":[{"href":"https:\/\/www.ksttukku.fi\/kauppa\/wp-json\/wp\/v2\/product"}],"about":[{"href":"https:\/\/www.ksttukku.fi\/kauppa\/wp-json\/wp\/v2\/types\/product"}],"replies":[{"embeddable":true,"href":"https:\/\/www.ksttukku.fi\/kauppa\/wp-json\/wp\/v2\/comments?post=7036"}],"wp:featuredmedia":[{"embeddable":true,"href":"https:\/\/www.ksttukku.fi\/kauppa\/wp-json\/wp\/v2\/media\/7037"}],"wp:attachment":[{"href":"https:\/\/www.ksttukku.fi\/kauppa\/wp-json\/wp\/v2\/media?parent=7036"}],"wp:term":[{"taxonomy":"product_brand","embeddable":true,"href":"https:\/\/www.ksttukku.fi\/kauppa\/wp-json\/wp\/v2\/product_brand?post=7036"},{"taxonomy":"product_cat","embeddable":true,"href":"https:\/\/www.ksttukku.fi\/kauppa\/wp-json\/wp\/v2\/product_cat?post=7036"},{"taxonomy":"product_tag","embeddable":true,"href":"https:\/\/www.ksttukku.fi\/kauppa\/wp-json\/wp\/v2\/product_tag?post=7036"}],"curies":[{"name":"wp","href":"https:\/\/api.w.org\/{rel}","templated":true}]}}