{"id":7044,"date":"2021-01-29T17:52:48","date_gmt":"2021-01-29T15:52:48","guid":{"rendered":"https:\/\/www.ksttukku.fi\/kauppa\/?post_type=product&#038;p=7044"},"modified":"2026-02-17T10:46:39","modified_gmt":"2026-02-17T08:46:39","slug":"kaytavamatto-dawn-foam-100cm-6826-harmaa","status":"publish","type":"product","link":"https:\/\/www.ksttukku.fi\/kauppa\/tuote\/kaytavamatto-dawn-foam-100cm-6826-harmaa\/","title":{"rendered":"K\u00e4yt\u00e4v\u00e4matto Dawn Foam 100cm 6826 harmaa"},"content":{"rendered":"<h3><span style=\"font-size: 12pt;\">Konekudottu, sile\u00e4pintainen moderni matto. <\/span><br \/>\n<span style=\"font-size: 12pt;\">Foam-pohjaus.<\/span><\/h3>\n<p><span style=\"font-size: 12pt;\">Materiaali: 100% Heat-Set polypropyleeni<\/span><\/p>\n<p><span style=\"font-size: 12pt;\">Hoito-ohjeet: Kevyt imurointi, tuuletus silloin t\u00e4ll\u00f6in, ei tamppausta<\/span><br \/>\n<span style=\"font-size: 12pt;\">Paikallisten tuoreiden tahrojen poisto mahdollista kostealla<\/span><br \/>\n<span style=\"font-size: 12pt;\">vaahdotetulla (Marseille-saippua) sienell\u00e4 tai liinalla.<\/span><br \/>\n<span style=\"font-size: 12pt;\">Vesipesu 30\u00b0C.<\/span><\/p>\n<p>Leveys: 100 cm<\/p>\n<p>\u00c4l\u00e4 unohda tilata mattojen p\u00e4iden kanttauspalvelua.<\/p>\n<p>&nbsp;<\/p>\n","protected":false},"excerpt":{"rendered":"<p>Konekudottu, sile\u00e4pintainen moderni matto. Foam-pohjaus. Materiaali: 100% Heat-Set polypropyleeni Hoito-ohjeet: Kevyt imurointi, tuuletus silloin t\u00e4ll\u00f6in, ei tamppausta Paikallisten tuoreiden tahrojen poisto mahdollista kostealla vaahdotetulla (Marseille-saippua) sienell\u00e4 tai liinalla. Vesipesu 30\u00b0C. Leveys: 100 cm \u00c4l\u00e4 unohda tilata mattojen p\u00e4iden kanttauspalvelua. &nbsp;<\/p>\n","protected":false},"featured_media":7045,"comment_status":"closed","ping_status":"closed","template":"","meta":[],"product_brand":[],"product_cat":[345,23,22],"product_tag":[],"class_list":{"0":"post-7044","1":"product","2":"type-product","3":"status-publish","4":"has-post-thumbnail","6":"product_cat-dawn-foam-6826","7":"product_cat-kaytava-ja-yleismatot","8":"product_cat-matot","10":"first","11":"instock","12":"taxable","13":"shipping-taxable","14":"purchasable","15":"product-type-simple"},"_links":{"self":[{"href":"https:\/\/www.ksttukku.fi\/kauppa\/wp-json\/wp\/v2\/product\/7044","targetHints":{"allow":["GET"]}}],"collection":[{"href":"https:\/\/www.ksttukku.fi\/kauppa\/wp-json\/wp\/v2\/product"}],"about":[{"href":"https:\/\/www.ksttukku.fi\/kauppa\/wp-json\/wp\/v2\/types\/product"}],"replies":[{"embeddable":true,"href":"https:\/\/www.ksttukku.fi\/kauppa\/wp-json\/wp\/v2\/comments?post=7044"}],"wp:featuredmedia":[{"embeddable":true,"href":"https:\/\/www.ksttukku.fi\/kauppa\/wp-json\/wp\/v2\/media\/7045"}],"wp:attachment":[{"href":"https:\/\/www.ksttukku.fi\/kauppa\/wp-json\/wp\/v2\/media?parent=7044"}],"wp:term":[{"taxonomy":"product_brand","embeddable":true,"href":"https:\/\/www.ksttukku.fi\/kauppa\/wp-json\/wp\/v2\/product_brand?post=7044"},{"taxonomy":"product_cat","embeddable":true,"href":"https:\/\/www.ksttukku.fi\/kauppa\/wp-json\/wp\/v2\/product_cat?post=7044"},{"taxonomy":"product_tag","embeddable":true,"href":"https:\/\/www.ksttukku.fi\/kauppa\/wp-json\/wp\/v2\/product_tag?post=7044"}],"curies":[{"name":"wp","href":"https:\/\/api.w.org\/{rel}","templated":true}]}}