{"id":7046,"date":"2021-01-29T18:19:00","date_gmt":"2021-01-29T16:19:00","guid":{"rendered":"https:\/\/www.ksttukku.fi\/kauppa\/?post_type=product&#038;p=7046"},"modified":"2023-08-08T14:41:08","modified_gmt":"2023-08-08T11:41:08","slug":"keskilattiamatto-dawn-foam-6826-harmaa","status":"publish","type":"product","link":"https:\/\/www.ksttukku.fi\/kauppa\/tuote\/keskilattiamatto-dawn-foam-6826-harmaa\/","title":{"rendered":"Keskilattiamatto Dawn Foam 6826 harmaa"},"content":{"rendered":"<h3><span style=\"font-size: 12pt;\">Konekudottu, sile\u00e4pintainen moderni matto. <\/span><br \/>\n<span style=\"font-size: 12pt;\">Foam-pohjaus.<\/span><\/h3>\n<p><span style=\"font-size: 12pt;\">Materiaali: 100% Heat-Set polypropyleeni<\/span><\/p>\n<p><span style=\"font-size: 12pt;\">Hoito-ohjeet: Kevyt imurointi, tuuletus silloin t\u00e4ll\u00f6in, ei tamppausta<\/span><br \/>\n<span style=\"font-size: 12pt;\">Paikallisten tuoreiden tahrojen poisto mahdollista kostealla<\/span><br \/>\n<span style=\"font-size: 12pt;\">vaahdotetulla (Marseille-saippua) sienell\u00e4 tai liinalla.<\/span><br \/>\n<span style=\"font-size: 12pt;\">Vesipesu 30\u00b0C.<\/span><\/p>\n","protected":false},"excerpt":{"rendered":"<p>Konekudottu, sile\u00e4pintainen moderni matto. Foam-pohjaus. Materiaali: 100% Heat-Set polypropyleeni Hoito-ohjeet: Kevyt imurointi, tuuletus silloin t\u00e4ll\u00f6in, ei tamppausta Paikallisten tuoreiden tahrojen poisto mahdollista kostealla vaahdotetulla (Marseille-saippua) sienell\u00e4 tai liinalla. Vesipesu 30\u00b0C.<\/p>\n","protected":false},"featured_media":7049,"comment_status":"closed","ping_status":"closed","template":"","meta":[],"product_brand":[],"product_cat":[345,23],"product_tag":[],"class_list":{"0":"post-7046","1":"product","2":"type-product","3":"status-publish","4":"has-post-thumbnail","6":"product_cat-dawn-foam-6826","7":"product_cat-kaytava-ja-yleismatot","9":"first","10":"instock","11":"taxable","12":"shipping-taxable","13":"purchasable","14":"product-type-variable"},"_links":{"self":[{"href":"https:\/\/www.ksttukku.fi\/kauppa\/wp-json\/wp\/v2\/product\/7046","targetHints":{"allow":["GET"]}}],"collection":[{"href":"https:\/\/www.ksttukku.fi\/kauppa\/wp-json\/wp\/v2\/product"}],"about":[{"href":"https:\/\/www.ksttukku.fi\/kauppa\/wp-json\/wp\/v2\/types\/product"}],"replies":[{"embeddable":true,"href":"https:\/\/www.ksttukku.fi\/kauppa\/wp-json\/wp\/v2\/comments?post=7046"}],"wp:featuredmedia":[{"embeddable":true,"href":"https:\/\/www.ksttukku.fi\/kauppa\/wp-json\/wp\/v2\/media\/7049"}],"wp:attachment":[{"href":"https:\/\/www.ksttukku.fi\/kauppa\/wp-json\/wp\/v2\/media?parent=7046"}],"wp:term":[{"taxonomy":"product_brand","embeddable":true,"href":"https:\/\/www.ksttukku.fi\/kauppa\/wp-json\/wp\/v2\/product_brand?post=7046"},{"taxonomy":"product_cat","embeddable":true,"href":"https:\/\/www.ksttukku.fi\/kauppa\/wp-json\/wp\/v2\/product_cat?post=7046"},{"taxonomy":"product_tag","embeddable":true,"href":"https:\/\/www.ksttukku.fi\/kauppa\/wp-json\/wp\/v2\/product_tag?post=7046"}],"curies":[{"name":"wp","href":"https:\/\/api.w.org\/{rel}","templated":true}]}}