{"id":708,"date":"2018-02-23T11:43:33","date_gmt":"2018-02-23T09:43:33","guid":{"rendered":"http:\/\/www.ksttukku.fi\/kauppa\/?post_type=product&#038;p=708"},"modified":"2018-10-04T16:46:41","modified_gmt":"2018-10-04T13:46:41","slug":"faro-yleisvalaisin-ip65-28w-2500lm","status":"publish","type":"product","link":"https:\/\/www.ksttukku.fi\/kauppa\/tuote\/faro-yleisvalaisin-ip65-28w-2500lm\/","title":{"rendered":"Faro yleisvalaisin IP65 28W 2500lm"},"content":{"rendered":"<p>IP65-kotelointiluokan vesitiivis ja pitk\u00e4ik\u00e4inen yleisvalaisin (k\u00e4ytt\u00f6ymp\u00e4rist\u00f6n l\u00e4mp\u00f6tila -20 \u00b0C &#8211; +45 \u00b0C), k\u00e4ytt\u00f6 esim. autokatokset, varastotilat ja kellarit. Tasainen ja tehokas led-valo, joka syttyy heti my\u00f6s ulkok\u00e4yt\u00f6ss\u00e4. Valaisin on helppo asentaa. Pakkauksessa mukana metalliset asennuskiinnikkeet. Valikoimassa on kolme pituutta.<\/p>\n<p>Valaisimen mitat: 67 x 76 x 600 mm<\/p>\n<p>Teho: 28 W<\/p>\n<p>Valovirta: 2500 lm<\/p>\n<p>V\u00e4ril\u00e4mp\u00f6tila: 4000 K<\/p>\n<p>V\u00e4ri: harmaa<\/p>\n","protected":false},"excerpt":{"rendered":"<p>IP65-kotelointiluokan vesitiivis ja pitk\u00e4ik\u00e4inen yleisvalaisin (k\u00e4ytt\u00f6ymp\u00e4rist\u00f6n l\u00e4mp\u00f6tila -20 \u00b0C &#8211; +45 \u00b0C), k\u00e4ytt\u00f6 esim. autokatokset, varastotilat ja kellarit. Tasainen ja tehokas led-valo, joka syttyy heti my\u00f6s ulkok\u00e4yt\u00f6ss\u00e4. Valaisin on helppo asentaa. Pakkauksessa mukana metalliset asennuskiinnikkeet. Valikoimassa on kolme pituutta. Valaisimen mitat: 67 x 76 x 600 mm Teho: 28 W Valovirta: 2500 lm V\u00e4ril\u00e4mp\u00f6tila: 4000 [&hellip;]<\/p>\n","protected":false},"featured_media":711,"comment_status":"closed","ping_status":"closed","template":"","meta":[],"product_brand":[],"product_cat":[61,34],"product_tag":[],"class_list":{"0":"post-708","1":"product","2":"type-product","3":"status-publish","4":"has-post-thumbnail","6":"product_cat-yleisvalaisimet","7":"product_cat-valaisimet","9":"first","10":"instock","11":"taxable","12":"shipping-taxable","13":"purchasable","14":"product-type-simple"},"_links":{"self":[{"href":"https:\/\/www.ksttukku.fi\/kauppa\/wp-json\/wp\/v2\/product\/708","targetHints":{"allow":["GET"]}}],"collection":[{"href":"https:\/\/www.ksttukku.fi\/kauppa\/wp-json\/wp\/v2\/product"}],"about":[{"href":"https:\/\/www.ksttukku.fi\/kauppa\/wp-json\/wp\/v2\/types\/product"}],"replies":[{"embeddable":true,"href":"https:\/\/www.ksttukku.fi\/kauppa\/wp-json\/wp\/v2\/comments?post=708"}],"wp:featuredmedia":[{"embeddable":true,"href":"https:\/\/www.ksttukku.fi\/kauppa\/wp-json\/wp\/v2\/media\/711"}],"wp:attachment":[{"href":"https:\/\/www.ksttukku.fi\/kauppa\/wp-json\/wp\/v2\/media?parent=708"}],"wp:term":[{"taxonomy":"product_brand","embeddable":true,"href":"https:\/\/www.ksttukku.fi\/kauppa\/wp-json\/wp\/v2\/product_brand?post=708"},{"taxonomy":"product_cat","embeddable":true,"href":"https:\/\/www.ksttukku.fi\/kauppa\/wp-json\/wp\/v2\/product_cat?post=708"},{"taxonomy":"product_tag","embeddable":true,"href":"https:\/\/www.ksttukku.fi\/kauppa\/wp-json\/wp\/v2\/product_tag?post=708"}],"curies":[{"name":"wp","href":"https:\/\/api.w.org\/{rel}","templated":true}]}}