{"id":7091,"date":"2021-02-17T13:00:40","date_gmt":"2021-02-17T11:00:40","guid":{"rendered":"https:\/\/www.ksttukku.fi\/kauppa\/?post_type=product&#038;p=7091"},"modified":"2022-10-31T12:20:03","modified_gmt":"2022-10-31T10:20:03","slug":"orsa-riippuvalaisin-puu","status":"publish","type":"product","link":"https:\/\/www.ksttukku.fi\/kauppa\/tuote\/orsa-riippuvalaisin-puu\/","title":{"rendered":"Orsa riippuvalaisin 43cm puu"},"content":{"rendered":"<p>ORSA on n\u00e4ytt\u00e4v\u00e4sti muotoiltu riippuvalaisin joka sopii t\u00e4ydellisesti kodin kaikkiin kuiviin tiloihin. Valaisin on valmistettu puunv\u00e4risist\u00e4 puulamelleista ja sis\u00e4lt\u00e4\u00e4 valaisinpistotulpan. Orsa on siro ja elegantti ja sopii hyvin skandinaaviseen makuun.<\/p>\n<p>Mitat: \u2205 430 mm. korkeus 1600 mm<\/p>\n<p>Kanta: E27 (pakkaus ei sis\u00e4ll\u00e4 lamppua)<\/p>\n<p>V\u00e4ri: Luonnon puu<\/p>\n<p>&nbsp;<\/p>\n","protected":false},"excerpt":{"rendered":"<p>ORSA on n\u00e4ytt\u00e4v\u00e4sti muotoiltu riippuvalaisin joka sopii t\u00e4ydellisesti kodin kaikkiin kuiviin tiloihin. Valaisin on valmistettu puunv\u00e4risist\u00e4 puulamelleista ja sis\u00e4lt\u00e4\u00e4 valaisinpistotulpan. Orsa on siro ja elegantti ja sopii hyvin skandinaaviseen makuun. Mitat: \u2205 430 mm. korkeus 1600 mm Kanta: E27 (pakkaus ei sis\u00e4ll\u00e4 lamppua) V\u00e4ri: Luonnon puu &nbsp;<\/p>\n","protected":false},"featured_media":7092,"comment_status":"closed","ping_status":"closed","template":"","meta":[],"product_brand":[],"product_cat":[49,35,34],"product_tag":[],"class_list":{"0":"post-7091","1":"product","2":"type-product","3":"status-publish","4":"has-post-thumbnail","6":"product_cat-riippuvalaisimet","7":"product_cat-sisavalaisimet","8":"product_cat-valaisimet","10":"first","11":"instock","12":"taxable","13":"shipping-taxable","14":"purchasable","15":"product-type-simple"},"_links":{"self":[{"href":"https:\/\/www.ksttukku.fi\/kauppa\/wp-json\/wp\/v2\/product\/7091","targetHints":{"allow":["GET"]}}],"collection":[{"href":"https:\/\/www.ksttukku.fi\/kauppa\/wp-json\/wp\/v2\/product"}],"about":[{"href":"https:\/\/www.ksttukku.fi\/kauppa\/wp-json\/wp\/v2\/types\/product"}],"replies":[{"embeddable":true,"href":"https:\/\/www.ksttukku.fi\/kauppa\/wp-json\/wp\/v2\/comments?post=7091"}],"wp:featuredmedia":[{"embeddable":true,"href":"https:\/\/www.ksttukku.fi\/kauppa\/wp-json\/wp\/v2\/media\/7092"}],"wp:attachment":[{"href":"https:\/\/www.ksttukku.fi\/kauppa\/wp-json\/wp\/v2\/media?parent=7091"}],"wp:term":[{"taxonomy":"product_brand","embeddable":true,"href":"https:\/\/www.ksttukku.fi\/kauppa\/wp-json\/wp\/v2\/product_brand?post=7091"},{"taxonomy":"product_cat","embeddable":true,"href":"https:\/\/www.ksttukku.fi\/kauppa\/wp-json\/wp\/v2\/product_cat?post=7091"},{"taxonomy":"product_tag","embeddable":true,"href":"https:\/\/www.ksttukku.fi\/kauppa\/wp-json\/wp\/v2\/product_tag?post=7091"}],"curies":[{"name":"wp","href":"https:\/\/api.w.org\/{rel}","templated":true}]}}