{"id":7098,"date":"2021-02-17T13:44:20","date_gmt":"2021-02-17T11:44:20","guid":{"rendered":"https:\/\/www.ksttukku.fi\/kauppa\/?post_type=product&#038;p=7098"},"modified":"2022-10-31T12:21:29","modified_gmt":"2022-10-31T10:21:29","slug":"orsa-riippuvalaisin-43cm-musta","status":"publish","type":"product","link":"https:\/\/www.ksttukku.fi\/kauppa\/tuote\/orsa-riippuvalaisin-43cm-musta\/","title":{"rendered":"Orsa riippuvalaisin 43cm musta"},"content":{"rendered":"<p>ORSA on n\u00e4ytt\u00e4v\u00e4sti muotoiltu riippuvalaisin joka sopii t\u00e4ydellisesti kodin kaikkiin kuiviin tiloihin. Valaisin on valmistettu mustista puulamelleista ja sis\u00e4lt\u00e4\u00e4 valaisinpistotulpan. Orsa on siro ja elegantti ja sopii hyvin skandinaaviseen makuun.<\/p>\n<p>Mitat: \u2205 430 mm. korkeus 1750 mm<\/p>\n<p>Kanta: E27 (pakkaus ei sis\u00e4ll\u00e4 lamppua)<\/p>\n<p>V\u00e4ri: musta<\/p>\n","protected":false},"excerpt":{"rendered":"<p>ORSA on n\u00e4ytt\u00e4v\u00e4sti muotoiltu riippuvalaisin joka sopii t\u00e4ydellisesti kodin kaikkiin kuiviin tiloihin. Valaisin on valmistettu mustista puulamelleista ja sis\u00e4lt\u00e4\u00e4 valaisinpistotulpan. Orsa on siro ja elegantti ja sopii hyvin skandinaaviseen makuun. Mitat: \u2205 430 mm. korkeus 1750 mm Kanta: E27 (pakkaus ei sis\u00e4ll\u00e4 lamppua) V\u00e4ri: musta<\/p>\n","protected":false},"featured_media":7099,"comment_status":"closed","ping_status":"closed","template":"","meta":[],"product_brand":[],"product_cat":[49,35,34],"product_tag":[],"class_list":{"0":"post-7098","1":"product","2":"type-product","3":"status-publish","4":"has-post-thumbnail","6":"product_cat-riippuvalaisimet","7":"product_cat-sisavalaisimet","8":"product_cat-valaisimet","10":"first","11":"instock","12":"taxable","13":"shipping-taxable","14":"purchasable","15":"product-type-simple"},"_links":{"self":[{"href":"https:\/\/www.ksttukku.fi\/kauppa\/wp-json\/wp\/v2\/product\/7098","targetHints":{"allow":["GET"]}}],"collection":[{"href":"https:\/\/www.ksttukku.fi\/kauppa\/wp-json\/wp\/v2\/product"}],"about":[{"href":"https:\/\/www.ksttukku.fi\/kauppa\/wp-json\/wp\/v2\/types\/product"}],"replies":[{"embeddable":true,"href":"https:\/\/www.ksttukku.fi\/kauppa\/wp-json\/wp\/v2\/comments?post=7098"}],"wp:featuredmedia":[{"embeddable":true,"href":"https:\/\/www.ksttukku.fi\/kauppa\/wp-json\/wp\/v2\/media\/7099"}],"wp:attachment":[{"href":"https:\/\/www.ksttukku.fi\/kauppa\/wp-json\/wp\/v2\/media?parent=7098"}],"wp:term":[{"taxonomy":"product_brand","embeddable":true,"href":"https:\/\/www.ksttukku.fi\/kauppa\/wp-json\/wp\/v2\/product_brand?post=7098"},{"taxonomy":"product_cat","embeddable":true,"href":"https:\/\/www.ksttukku.fi\/kauppa\/wp-json\/wp\/v2\/product_cat?post=7098"},{"taxonomy":"product_tag","embeddable":true,"href":"https:\/\/www.ksttukku.fi\/kauppa\/wp-json\/wp\/v2\/product_tag?post=7098"}],"curies":[{"name":"wp","href":"https:\/\/api.w.org\/{rel}","templated":true}]}}