{"id":7124,"date":"2021-02-22T17:47:10","date_gmt":"2021-02-22T15:47:10","guid":{"rendered":"https:\/\/www.ksttukku.fi\/kauppa\/?post_type=product&#038;p=7124"},"modified":"2024-09-05T15:43:52","modified_gmt":"2024-09-05T12:43:52","slug":"pesuallashana-kaisla","status":"publish","type":"product","link":"https:\/\/www.ksttukku.fi\/kauppa\/tuote\/pesuallashana-kaisla\/","title":{"rendered":"Pesuallashana Kaisla"},"content":{"rendered":"<p><span id=\"data1\" class=\"pt1\">Messinkirunko<br \/>\nKromattu sinkkikahva<br \/>\nEN248 kromaus (NSS 200h)<br \/>\n40 mm keraaminen s\u00e4\u00e4t\u00f6osa<br \/>\nJoustavat liit\u00e4nt\u00e4putket (2&#215;40 cm x 3\/8&#8243;) takaavat nopean ja helpon asennuksen<br \/>\nT\u00e4ydellinen kiinnityssarja<br \/>\n\u00c4\u00e4nitasoluokka 3<br \/>\nSTF-tyyppihyv\u00e4ksynt\u00e4 19-002848-TH<br \/>\nTakuu 5 vuotta<\/span><\/p>\n","protected":false},"excerpt":{"rendered":"<p>Laadukas STF-tyyppihyv\u00e4ksytty KAISLA pesuallashana t\u00e4ysmetallisella rungolla ja kahvalla. Joustavien liit\u00e4nt\u00e4putkien ansiosta hana on nopea ja helppo asentaa.<\/p>\n","protected":false},"featured_media":7125,"comment_status":"closed","ping_status":"closed","template":"","meta":[],"product_brand":[],"product_cat":[374],"product_tag":[],"class_list":{"0":"post-7124","1":"product","2":"type-product","3":"status-publish","4":"has-post-thumbnail","6":"product_cat-hanat","8":"first","9":"instock","10":"taxable","11":"shipping-taxable","12":"purchasable","13":"product-type-simple"},"_links":{"self":[{"href":"https:\/\/www.ksttukku.fi\/kauppa\/wp-json\/wp\/v2\/product\/7124","targetHints":{"allow":["GET"]}}],"collection":[{"href":"https:\/\/www.ksttukku.fi\/kauppa\/wp-json\/wp\/v2\/product"}],"about":[{"href":"https:\/\/www.ksttukku.fi\/kauppa\/wp-json\/wp\/v2\/types\/product"}],"replies":[{"embeddable":true,"href":"https:\/\/www.ksttukku.fi\/kauppa\/wp-json\/wp\/v2\/comments?post=7124"}],"wp:featuredmedia":[{"embeddable":true,"href":"https:\/\/www.ksttukku.fi\/kauppa\/wp-json\/wp\/v2\/media\/7125"}],"wp:attachment":[{"href":"https:\/\/www.ksttukku.fi\/kauppa\/wp-json\/wp\/v2\/media?parent=7124"}],"wp:term":[{"taxonomy":"product_brand","embeddable":true,"href":"https:\/\/www.ksttukku.fi\/kauppa\/wp-json\/wp\/v2\/product_brand?post=7124"},{"taxonomy":"product_cat","embeddable":true,"href":"https:\/\/www.ksttukku.fi\/kauppa\/wp-json\/wp\/v2\/product_cat?post=7124"},{"taxonomy":"product_tag","embeddable":true,"href":"https:\/\/www.ksttukku.fi\/kauppa\/wp-json\/wp\/v2\/product_tag?post=7124"}],"curies":[{"name":"wp","href":"https:\/\/api.w.org\/{rel}","templated":true}]}}