{"id":7140,"date":"2021-02-24T17:29:39","date_gmt":"2021-02-24T15:29:39","guid":{"rendered":"https:\/\/www.ksttukku.fi\/kauppa\/?post_type=product&#038;p=7140"},"modified":"2025-09-05T15:24:24","modified_gmt":"2025-09-05T12:24:24","slug":"suihkuhana-kaisla","status":"publish","type":"product","link":"https:\/\/www.ksttukku.fi\/kauppa\/tuote\/suihkuhana-kaisla\/","title":{"rendered":"Suihkuhana Kaisla"},"content":{"rendered":"<p><span id=\"data1\" class=\"pt1\">Kromattu messinkirunko<br \/>\nKromattu sinkkikahva<br \/>\nEN248 kromaus (NSS 200h)<br \/>\n40 mm keraaminen s\u00e4\u00e4t\u00f6osa<br \/>\nJoustavat liit\u00e4nt\u00e4letkut (2&#215;40 cm x 3\/8&#8243;) takaavat nopean ja helpon asennuksen<br \/>\nT\u00e4ydellinen kiinnityssarja<br \/>\nSTF-tyyppihyv\u00e4ksynt\u00e4 19-002848-TH<\/span><\/p>\n<p>Takuu 5 vuotta<\/p>\n","protected":false},"excerpt":{"rendered":"<p>Laadukas STF-tyyppihyv\u00e4ksytty suihkuhana t\u00e4ysmetallisella rungolla ja kahvalla.<\/p>\n","protected":false},"featured_media":7141,"comment_status":"closed","ping_status":"closed","template":"","meta":[],"product_brand":[],"product_cat":[374],"product_tag":[],"class_list":{"0":"post-7140","1":"product","2":"type-product","3":"status-publish","4":"has-post-thumbnail","6":"product_cat-hanat","8":"first","9":"instock","10":"taxable","11":"shipping-taxable","12":"purchasable","13":"product-type-simple"},"_links":{"self":[{"href":"https:\/\/www.ksttukku.fi\/kauppa\/wp-json\/wp\/v2\/product\/7140","targetHints":{"allow":["GET"]}}],"collection":[{"href":"https:\/\/www.ksttukku.fi\/kauppa\/wp-json\/wp\/v2\/product"}],"about":[{"href":"https:\/\/www.ksttukku.fi\/kauppa\/wp-json\/wp\/v2\/types\/product"}],"replies":[{"embeddable":true,"href":"https:\/\/www.ksttukku.fi\/kauppa\/wp-json\/wp\/v2\/comments?post=7140"}],"wp:featuredmedia":[{"embeddable":true,"href":"https:\/\/www.ksttukku.fi\/kauppa\/wp-json\/wp\/v2\/media\/7141"}],"wp:attachment":[{"href":"https:\/\/www.ksttukku.fi\/kauppa\/wp-json\/wp\/v2\/media?parent=7140"}],"wp:term":[{"taxonomy":"product_brand","embeddable":true,"href":"https:\/\/www.ksttukku.fi\/kauppa\/wp-json\/wp\/v2\/product_brand?post=7140"},{"taxonomy":"product_cat","embeddable":true,"href":"https:\/\/www.ksttukku.fi\/kauppa\/wp-json\/wp\/v2\/product_cat?post=7140"},{"taxonomy":"product_tag","embeddable":true,"href":"https:\/\/www.ksttukku.fi\/kauppa\/wp-json\/wp\/v2\/product_tag?post=7140"}],"curies":[{"name":"wp","href":"https:\/\/api.w.org\/{rel}","templated":true}]}}