{"id":7142,"date":"2021-02-24T17:41:01","date_gmt":"2021-02-24T15:41:01","guid":{"rendered":"https:\/\/www.ksttukku.fi\/kauppa\/?post_type=product&#038;p=7142"},"modified":"2024-09-05T16:51:15","modified_gmt":"2024-09-05T13:51:15","slug":"amme-ja-suihkuhana-kaisla","status":"publish","type":"product","link":"https:\/\/www.ksttukku.fi\/kauppa\/tuote\/amme-ja-suihkuhana-kaisla\/","title":{"rendered":"Amme- ja suihkuhana Kaisla"},"content":{"rendered":"<p><span id=\"data1\" class=\"pt1\">Kiinte\u00e4 vaihdinjuoksuputki<br \/>\nMessinkirunko<br \/>\nKromattu sinkkikahva<br \/>\nEN248 kromaus (NSS 200h)<br \/>\n40 mm keraaminen s\u00e4\u00e4t\u00f6osa<br \/>\n2 x ep\u00e4keskeiset sulkuliittimet + hanaprikat<\/span><\/p>\n<p>Takuu 5 vuotta<\/p>\n","protected":false},"excerpt":{"rendered":"<p>Laadukas STF-tyyppihyv\u00e4ksytty amme- ja suihkuhana t\u00e4ysmetallisella rungolla, kahvalla ja vaihtimella.<\/p>\n","protected":false},"featured_media":7143,"comment_status":"closed","ping_status":"closed","template":"","meta":[],"product_brand":[],"product_cat":[374],"product_tag":[],"class_list":{"0":"post-7142","1":"product","2":"type-product","3":"status-publish","4":"has-post-thumbnail","6":"product_cat-hanat","8":"first","9":"instock","10":"taxable","11":"shipping-taxable","12":"purchasable","13":"product-type-simple"},"_links":{"self":[{"href":"https:\/\/www.ksttukku.fi\/kauppa\/wp-json\/wp\/v2\/product\/7142","targetHints":{"allow":["GET"]}}],"collection":[{"href":"https:\/\/www.ksttukku.fi\/kauppa\/wp-json\/wp\/v2\/product"}],"about":[{"href":"https:\/\/www.ksttukku.fi\/kauppa\/wp-json\/wp\/v2\/types\/product"}],"replies":[{"embeddable":true,"href":"https:\/\/www.ksttukku.fi\/kauppa\/wp-json\/wp\/v2\/comments?post=7142"}],"wp:featuredmedia":[{"embeddable":true,"href":"https:\/\/www.ksttukku.fi\/kauppa\/wp-json\/wp\/v2\/media\/7143"}],"wp:attachment":[{"href":"https:\/\/www.ksttukku.fi\/kauppa\/wp-json\/wp\/v2\/media?parent=7142"}],"wp:term":[{"taxonomy":"product_brand","embeddable":true,"href":"https:\/\/www.ksttukku.fi\/kauppa\/wp-json\/wp\/v2\/product_brand?post=7142"},{"taxonomy":"product_cat","embeddable":true,"href":"https:\/\/www.ksttukku.fi\/kauppa\/wp-json\/wp\/v2\/product_cat?post=7142"},{"taxonomy":"product_tag","embeddable":true,"href":"https:\/\/www.ksttukku.fi\/kauppa\/wp-json\/wp\/v2\/product_tag?post=7142"}],"curies":[{"name":"wp","href":"https:\/\/api.w.org\/{rel}","templated":true}]}}