{"id":7175,"date":"2021-03-05T12:53:19","date_gmt":"2021-03-05T10:53:19","guid":{"rendered":"https:\/\/www.ksttukku.fi\/kauppa\/?post_type=product&#038;p=7175"},"modified":"2024-08-05T18:53:34","modified_gmt":"2024-08-05T15:53:34","slug":"era-outdoor-asekaappi","status":"publish","type":"product","link":"https:\/\/www.ksttukku.fi\/kauppa\/tuote\/era-outdoor-asekaappi\/","title":{"rendered":"Er\u00e4 Outdoor Asekaappi"},"content":{"rendered":"<p>Pulverimusta asekaappi 4:lle aseelle. 1 hylly, avainlukko, 3 telke\u00e4, 2 avainta, ter\u00e4srunko ja -ovi. Asekaapin mukana toimitetaan kiinnitykseen sopivat ankkuripultit (6 kpl) sek\u00e4 2 kpl avaimia. Asekaappi t\u00e4ytt\u00e4\u00e4 laissa s\u00e4\u00e4detyt vaatimukset kun siell\u00e4 s\u00e4ilytet\u00e4\u00e4n v\u00e4hemm\u00e4n kuin viisi pistoolia, revolveria tai itselataavaa kiv\u00e4\u00e4ri\u00e4. T\u00e4t\u00e4 suuremmalle m\u00e4\u00e4r\u00e4lle em. aseita vaaditaan standardin EN-14450 S1\/S2 mukaan hyv\u00e4ksytty murtosuojattu turvakaappi, mutta esim. haulikot ja pulttilukkokiv\u00e4\u00e4rit eiv\u00e4t edellyt\u00e4 murtosuojattua kaappia. T\u00e4m\u00e4 asekaappi ei tarvitse hyv\u00e4ksynt\u00e4todistusta, kun kyseess\u00e4 on alle kuuden aseen s\u00e4ilytys. Yli viisi asetta vaatii todistuksellisen kaapin. Mitat: 25 x 24 x 135 cm, vahvuus 2mm Paino tyhj\u00e4n\u00e4: 21 kg Ulkomitat: 250 x 220 x 1325 mm (L\/S\/K) Sis\u00e4mitat: 246 x 190 x 1320 mm (L\/S\/K) HUOM! T\u00e4m\u00e4 asekaappi t\u00e4ytt\u00e4\u00e4 laissa s\u00e4\u00e4detyt vaatimukset aseiden s\u00e4ilytyksest\u00e4, kun s\u00e4ilytett\u00e4v\u00e4n\u00e4 on yhteens\u00e4 v\u00e4hemm\u00e4n kuin viisi pistoolia, revolveria tai itselataavaa kiv\u00e4\u00e4ri\u00e4 Takasein\u00e4ss\u00e4 6 aukkoa sein\u00e4kiinnityst\u00e4 varten, pakkauksessa pultit mukana.<\/p>\n","protected":false},"excerpt":{"rendered":"<table>\n<tbody>\n<tr>\n<th class=\"nowrap\" align=\"right\" valign=\"top\">:<\/th>\n<td>Tyylik\u00e4s pulverimusta asekaappi, joka t\u00e4ytt\u00e4\u00e4 laissa s\u00e4\u00e4detyt vaatimukset enint\u00e4\u00e4n nelj\u00e4n pistoolin, revolverin tai itselataavan kiv\u00e4\u00e4rin s\u00e4ilytt\u00e4miselle. Sis. hylly, avainlukko, 3 telke\u00e4, 2 avainta, ter\u00e4srunko ja -ovi. Mukana kiinnitykseen sopivat ankkuripultit 6 kpl. Kaapin vahvuus 2mm.<\/td>\n<\/tr>\n<\/tbody>\n<\/table>\n","protected":false},"featured_media":7179,"comment_status":"closed","ping_status":"closed","template":"","meta":[],"product_brand":[],"product_cat":[375],"product_tag":[],"class_list":{"0":"post-7175","1":"product","2":"type-product","3":"status-publish","4":"has-post-thumbnail","6":"product_cat-asekaapit","8":"first","9":"outofstock","10":"sale","11":"taxable","12":"shipping-taxable","13":"purchasable","14":"product-type-simple"},"_links":{"self":[{"href":"https:\/\/www.ksttukku.fi\/kauppa\/wp-json\/wp\/v2\/product\/7175","targetHints":{"allow":["GET"]}}],"collection":[{"href":"https:\/\/www.ksttukku.fi\/kauppa\/wp-json\/wp\/v2\/product"}],"about":[{"href":"https:\/\/www.ksttukku.fi\/kauppa\/wp-json\/wp\/v2\/types\/product"}],"replies":[{"embeddable":true,"href":"https:\/\/www.ksttukku.fi\/kauppa\/wp-json\/wp\/v2\/comments?post=7175"}],"wp:featuredmedia":[{"embeddable":true,"href":"https:\/\/www.ksttukku.fi\/kauppa\/wp-json\/wp\/v2\/media\/7179"}],"wp:attachment":[{"href":"https:\/\/www.ksttukku.fi\/kauppa\/wp-json\/wp\/v2\/media?parent=7175"}],"wp:term":[{"taxonomy":"product_brand","embeddable":true,"href":"https:\/\/www.ksttukku.fi\/kauppa\/wp-json\/wp\/v2\/product_brand?post=7175"},{"taxonomy":"product_cat","embeddable":true,"href":"https:\/\/www.ksttukku.fi\/kauppa\/wp-json\/wp\/v2\/product_cat?post=7175"},{"taxonomy":"product_tag","embeddable":true,"href":"https:\/\/www.ksttukku.fi\/kauppa\/wp-json\/wp\/v2\/product_tag?post=7175"}],"curies":[{"name":"wp","href":"https:\/\/api.w.org\/{rel}","templated":true}]}}