{"id":719,"date":"2018-02-23T17:02:19","date_gmt":"2018-02-23T15:02:19","guid":{"rendered":"http:\/\/www.ksttukku.fi\/kauppa\/?post_type=product&#038;p=719"},"modified":"2018-02-23T17:02:19","modified_gmt":"2018-02-23T15:02:19","slug":"led-yleisvalaisin-ip54-9w","status":"publish","type":"product","link":"https:\/\/www.ksttukku.fi\/kauppa\/tuote\/led-yleisvalaisin-ip54-9w\/","title":{"rendered":"Led-yleisvalaisin IP54 9W"},"content":{"rendered":"<p>Kest\u00e4v\u00e4 ja monik\u00e4ytt\u00f6inen yleisvalaisin sis\u00e4- ja ulkok\u00e4ytt\u00f6\u00f6n<\/p>\n<p>Asennus pinta-asennuksena katto- tai sein\u00e4pintaan<\/p>\n<p>Teho: 9 W<\/p>\n<p>Valovirta: 540 lm<\/p>\n<p>IP-luokitus: IP54<\/p>\n<p>Valaisimen koko: \u2205 260 mm, korkeus 110 (mm)<\/p>\n<p>Valonjakokulma: 120\u00b0<\/p>\n<p>V\u00e4ril\u00e4mp\u00f6 4000 K<\/p>\n","protected":false},"excerpt":{"rendered":"<p>Led-yleisvalaisin kaikkiin kodin tiloihin sis\u00e4lle ja ulos<\/p>\n","protected":false},"featured_media":718,"comment_status":"closed","ping_status":"closed","template":"","meta":[],"product_brand":[],"product_cat":[61,34],"product_tag":[],"class_list":{"0":"post-719","1":"product","2":"type-product","3":"status-publish","4":"has-post-thumbnail","6":"product_cat-yleisvalaisimet","7":"product_cat-valaisimet","9":"first","10":"instock","11":"taxable","12":"shipping-taxable","13":"purchasable","14":"product-type-simple"},"_links":{"self":[{"href":"https:\/\/www.ksttukku.fi\/kauppa\/wp-json\/wp\/v2\/product\/719","targetHints":{"allow":["GET"]}}],"collection":[{"href":"https:\/\/www.ksttukku.fi\/kauppa\/wp-json\/wp\/v2\/product"}],"about":[{"href":"https:\/\/www.ksttukku.fi\/kauppa\/wp-json\/wp\/v2\/types\/product"}],"replies":[{"embeddable":true,"href":"https:\/\/www.ksttukku.fi\/kauppa\/wp-json\/wp\/v2\/comments?post=719"}],"wp:featuredmedia":[{"embeddable":true,"href":"https:\/\/www.ksttukku.fi\/kauppa\/wp-json\/wp\/v2\/media\/718"}],"wp:attachment":[{"href":"https:\/\/www.ksttukku.fi\/kauppa\/wp-json\/wp\/v2\/media?parent=719"}],"wp:term":[{"taxonomy":"product_brand","embeddable":true,"href":"https:\/\/www.ksttukku.fi\/kauppa\/wp-json\/wp\/v2\/product_brand?post=719"},{"taxonomy":"product_cat","embeddable":true,"href":"https:\/\/www.ksttukku.fi\/kauppa\/wp-json\/wp\/v2\/product_cat?post=719"},{"taxonomy":"product_tag","embeddable":true,"href":"https:\/\/www.ksttukku.fi\/kauppa\/wp-json\/wp\/v2\/product_tag?post=719"}],"curies":[{"name":"wp","href":"https:\/\/api.w.org\/{rel}","templated":true}]}}