{"id":727,"date":"2018-02-24T11:31:55","date_gmt":"2018-02-24T09:31:55","guid":{"rendered":"http:\/\/www.ksttukku.fi\/kauppa\/?post_type=product&#038;p=727"},"modified":"2024-11-15T10:06:26","modified_gmt":"2024-11-15T08:06:26","slug":"led-c-spot-valonheitin-30w-valkoinen","status":"publish","type":"product","link":"https:\/\/www.ksttukku.fi\/kauppa\/tuote\/led-c-spot-valonheitin-30w-valkoinen\/","title":{"rendered":"Led C-Spot valonheitin 30W valkoinen"},"content":{"rendered":"<p>Valaisimessa valmiina 0,8 m liit\u00e4nt\u00e4johto(kumikaapeli) ja IP44 SUKO-pistotulppa<\/p>\n<p>Ohut muotoilu<\/p>\n<p>Teho: 30 W<\/p>\n<p>Valovirta: 2400 lm<\/p>\n<p>IP-luokitus: IP44<\/p>\n<p>Valaisimen koko: 260 x 225 x 37 (mm)<\/p>\n<p>Valonjakokulma 120\u00b0<\/p>\n<p>V\u00e4ril\u00e4mp\u00f6: 4500K<\/p>\n<p>V\u00e4ri: valkoinen<\/p>\n","protected":false},"excerpt":{"rendered":"<p>Valaisimessa valmiina 0,8 m liit\u00e4nt\u00e4johto(kumikaapeli) ja IP44 SUKO-pistotulppa Ohut muotoilu Teho: 30 W Valovirta: 2400 lm IP-luokitus: IP44 Valaisimen koko: 260 x 225 x 37 (mm) Valonjakokulma 120\u00b0 V\u00e4ril\u00e4mp\u00f6: 4500K V\u00e4ri: valkoinen<\/p>\n","protected":false},"featured_media":724,"comment_status":"closed","ping_status":"closed","template":"","meta":[],"product_brand":[],"product_cat":[62,36,39],"product_tag":[],"class_list":{"0":"post-727","1":"product","2":"type-product","3":"status-publish","4":"has-post-thumbnail","6":"product_cat-c-spot-valonheittimet","7":"product_cat-ulkovalaisimet","8":"product_cat-valonheittimet","10":"first","11":"outofstock","12":"taxable","13":"shipping-taxable","14":"purchasable","15":"product-type-simple"},"_links":{"self":[{"href":"https:\/\/www.ksttukku.fi\/kauppa\/wp-json\/wp\/v2\/product\/727","targetHints":{"allow":["GET"]}}],"collection":[{"href":"https:\/\/www.ksttukku.fi\/kauppa\/wp-json\/wp\/v2\/product"}],"about":[{"href":"https:\/\/www.ksttukku.fi\/kauppa\/wp-json\/wp\/v2\/types\/product"}],"replies":[{"embeddable":true,"href":"https:\/\/www.ksttukku.fi\/kauppa\/wp-json\/wp\/v2\/comments?post=727"}],"wp:featuredmedia":[{"embeddable":true,"href":"https:\/\/www.ksttukku.fi\/kauppa\/wp-json\/wp\/v2\/media\/724"}],"wp:attachment":[{"href":"https:\/\/www.ksttukku.fi\/kauppa\/wp-json\/wp\/v2\/media?parent=727"}],"wp:term":[{"taxonomy":"product_brand","embeddable":true,"href":"https:\/\/www.ksttukku.fi\/kauppa\/wp-json\/wp\/v2\/product_brand?post=727"},{"taxonomy":"product_cat","embeddable":true,"href":"https:\/\/www.ksttukku.fi\/kauppa\/wp-json\/wp\/v2\/product_cat?post=727"},{"taxonomy":"product_tag","embeddable":true,"href":"https:\/\/www.ksttukku.fi\/kauppa\/wp-json\/wp\/v2\/product_tag?post=727"}],"curies":[{"name":"wp","href":"https:\/\/api.w.org\/{rel}","templated":true}]}}