{"id":7289,"date":"2021-04-20T12:49:47","date_gmt":"2021-04-20T09:49:47","guid":{"rendered":"https:\/\/www.ksttukku.fi\/kauppa\/?post_type=product&#038;p=7289"},"modified":"2025-07-15T15:26:55","modified_gmt":"2025-07-15T12:26:55","slug":"valopeili-riflesso-600mm-ip44","status":"publish","type":"product","link":"https:\/\/www.ksttukku.fi\/kauppa\/tuote\/valopeili-riflesso-600mm-ip44\/","title":{"rendered":"Valopeili Riflesso IP44"},"content":{"rendered":"<p>Tyylik\u00e4s py\u00f6re\u00e4 Riflesso on sile\u00e4 peili, jossa on valaistus sein\u00e4lle.<br \/>\nK\u00e4yt\u00e4nn\u00f6llisyyden lis\u00e4ksi valopeili Riflesso on n\u00e4ytt\u00e4v\u00e4 sisustuselementti.<\/p>\n<p>IP-luokitus: IP44<br \/>\nTeho: 10,8W NW \/ metri<br \/>\nHalkaisija 600 mm \/ 800 mm<\/p>\n<p>&nbsp;<\/p>\n","protected":false},"excerpt":{"rendered":"<p>Tyylik\u00e4s py\u00f6re\u00e4 Riflesso on sile\u00e4 peili, jossa on valaistus sein\u00e4lle. K\u00e4yt\u00e4nn\u00f6llisyyden lis\u00e4ksi valopeili Riflesso on n\u00e4ytt\u00e4v\u00e4 sisustuselementti. IP-luokitus: IP44 Teho: 10,8W NW \/ metri Halkaisija 600 mm \/ 800 mm &nbsp;<\/p>\n","protected":false},"featured_media":7290,"comment_status":"closed","ping_status":"closed","template":"","meta":[],"product_brand":[],"product_cat":[150,237],"product_tag":[],"class_list":{"0":"post-7289","1":"product","2":"type-product","3":"status-publish","4":"has-post-thumbnail","6":"product_cat-kylpyhuone","7":"product_cat-valopeilit","9":"first","10":"instock","11":"sale","12":"taxable","13":"shipping-taxable","14":"purchasable","15":"product-type-variable"},"_links":{"self":[{"href":"https:\/\/www.ksttukku.fi\/kauppa\/wp-json\/wp\/v2\/product\/7289","targetHints":{"allow":["GET"]}}],"collection":[{"href":"https:\/\/www.ksttukku.fi\/kauppa\/wp-json\/wp\/v2\/product"}],"about":[{"href":"https:\/\/www.ksttukku.fi\/kauppa\/wp-json\/wp\/v2\/types\/product"}],"replies":[{"embeddable":true,"href":"https:\/\/www.ksttukku.fi\/kauppa\/wp-json\/wp\/v2\/comments?post=7289"}],"wp:featuredmedia":[{"embeddable":true,"href":"https:\/\/www.ksttukku.fi\/kauppa\/wp-json\/wp\/v2\/media\/7290"}],"wp:attachment":[{"href":"https:\/\/www.ksttukku.fi\/kauppa\/wp-json\/wp\/v2\/media?parent=7289"}],"wp:term":[{"taxonomy":"product_brand","embeddable":true,"href":"https:\/\/www.ksttukku.fi\/kauppa\/wp-json\/wp\/v2\/product_brand?post=7289"},{"taxonomy":"product_cat","embeddable":true,"href":"https:\/\/www.ksttukku.fi\/kauppa\/wp-json\/wp\/v2\/product_cat?post=7289"},{"taxonomy":"product_tag","embeddable":true,"href":"https:\/\/www.ksttukku.fi\/kauppa\/wp-json\/wp\/v2\/product_tag?post=7289"}],"curies":[{"name":"wp","href":"https:\/\/api.w.org\/{rel}","templated":true}]}}