{"id":7293,"date":"2021-04-20T17:12:31","date_gmt":"2021-04-20T14:12:31","guid":{"rendered":"https:\/\/www.ksttukku.fi\/kauppa\/?post_type=product&#038;p=7293"},"modified":"2022-09-20T17:49:39","modified_gmt":"2022-09-20T14:49:39","slug":"valopeili-polaris-800mm-ip44","status":"publish","type":"product","link":"https:\/\/www.ksttukku.fi\/kauppa\/tuote\/valopeili-polaris-800mm-ip44\/","title":{"rendered":"Valopeili Polaris 800mm IP44"},"content":{"rendered":"<p>Py\u00f6re\u00e4 reunahiottu valopeili Polaris valaisee huonetta niin eteen kuin sein\u00e4llekin p\u00e4in.<br \/>\nIP-luokitus: IP 44<br \/>\nTeho: 9,6W NW \/ metri<br \/>\nHalkaisija 800mm<\/p>\n","protected":false},"excerpt":{"rendered":"<p>Py\u00f6re\u00e4 reunahiottu valopeili Polaris valaisee huonetta niin eteen kuin sein\u00e4llekin p\u00e4in. IP-luokitus: IP 44 Teho: 9,6W NW \/ metri Halkaisija 800mm<\/p>\n","protected":false},"featured_media":7294,"comment_status":"closed","ping_status":"closed","template":"","meta":[],"product_brand":[],"product_cat":[150,237],"product_tag":[],"class_list":{"0":"post-7293","1":"product","2":"type-product","3":"status-publish","4":"has-post-thumbnail","6":"product_cat-kylpyhuone","7":"product_cat-valopeilit","9":"first","10":"instock","11":"sale","12":"taxable","13":"shipping-taxable","14":"purchasable","15":"product-type-simple"},"_links":{"self":[{"href":"https:\/\/www.ksttukku.fi\/kauppa\/wp-json\/wp\/v2\/product\/7293","targetHints":{"allow":["GET"]}}],"collection":[{"href":"https:\/\/www.ksttukku.fi\/kauppa\/wp-json\/wp\/v2\/product"}],"about":[{"href":"https:\/\/www.ksttukku.fi\/kauppa\/wp-json\/wp\/v2\/types\/product"}],"replies":[{"embeddable":true,"href":"https:\/\/www.ksttukku.fi\/kauppa\/wp-json\/wp\/v2\/comments?post=7293"}],"wp:featuredmedia":[{"embeddable":true,"href":"https:\/\/www.ksttukku.fi\/kauppa\/wp-json\/wp\/v2\/media\/7294"}],"wp:attachment":[{"href":"https:\/\/www.ksttukku.fi\/kauppa\/wp-json\/wp\/v2\/media?parent=7293"}],"wp:term":[{"taxonomy":"product_brand","embeddable":true,"href":"https:\/\/www.ksttukku.fi\/kauppa\/wp-json\/wp\/v2\/product_brand?post=7293"},{"taxonomy":"product_cat","embeddable":true,"href":"https:\/\/www.ksttukku.fi\/kauppa\/wp-json\/wp\/v2\/product_cat?post=7293"},{"taxonomy":"product_tag","embeddable":true,"href":"https:\/\/www.ksttukku.fi\/kauppa\/wp-json\/wp\/v2\/product_tag?post=7293"}],"curies":[{"name":"wp","href":"https:\/\/api.w.org\/{rel}","templated":true}]}}