{"id":7323,"date":"2021-04-29T18:09:49","date_gmt":"2021-04-29T15:09:49","guid":{"rendered":"https:\/\/www.ksttukku.fi\/kauppa\/?post_type=product&#038;p=7323"},"modified":"2025-05-17T13:05:48","modified_gmt":"2025-05-17T10:05:48","slug":"bestway-sup-lauta-aqua-journey-274m","status":"publish","type":"product","link":"https:\/\/www.ksttukku.fi\/kauppa\/tuote\/bestway-sup-lauta-aqua-journey-274m\/","title":{"rendered":"Bestway SUP-lauta Aqua Journey 2,74m"},"content":{"rendered":"<p>Sis\u00e4lt\u00e4\u00e4: sup-laudan, melan, k\u00e4sipumpun, s\u00e4ilytysrepun, jalkaremmin, ev\u00e4n, korjaussarjan. Helposti ohjattava ja kevyt lauta tyynelle s\u00e4\u00e4lle ja pieneen allokkoon. Maksimipaino 100 kg.<\/p>\n","protected":false},"excerpt":{"rendered":"<p>Sis\u00e4lt\u00e4\u00e4: sup-laudan, melan, k\u00e4sipumpun, s\u00e4ilytysrepun, jalkaremmin, ev\u00e4n, korjaussarjan. Helposti ohjattava ja kevyt lauta tyynelle s\u00e4\u00e4lle ja pieneen allokkoon. Maksimipaino 100 kg.<\/p>\n","protected":false},"featured_media":7326,"comment_status":"closed","ping_status":"closed","template":"","meta":[],"product_brand":[],"product_cat":[206],"product_tag":[],"class_list":{"0":"post-7323","1":"product","2":"type-product","3":"status-publish","4":"has-post-thumbnail","6":"product_cat-sup-laudat","8":"first","9":"instock","10":"taxable","11":"shipping-taxable","12":"purchasable","13":"product-type-simple"},"_links":{"self":[{"href":"https:\/\/www.ksttukku.fi\/kauppa\/wp-json\/wp\/v2\/product\/7323","targetHints":{"allow":["GET"]}}],"collection":[{"href":"https:\/\/www.ksttukku.fi\/kauppa\/wp-json\/wp\/v2\/product"}],"about":[{"href":"https:\/\/www.ksttukku.fi\/kauppa\/wp-json\/wp\/v2\/types\/product"}],"replies":[{"embeddable":true,"href":"https:\/\/www.ksttukku.fi\/kauppa\/wp-json\/wp\/v2\/comments?post=7323"}],"wp:featuredmedia":[{"embeddable":true,"href":"https:\/\/www.ksttukku.fi\/kauppa\/wp-json\/wp\/v2\/media\/7326"}],"wp:attachment":[{"href":"https:\/\/www.ksttukku.fi\/kauppa\/wp-json\/wp\/v2\/media?parent=7323"}],"wp:term":[{"taxonomy":"product_brand","embeddable":true,"href":"https:\/\/www.ksttukku.fi\/kauppa\/wp-json\/wp\/v2\/product_brand?post=7323"},{"taxonomy":"product_cat","embeddable":true,"href":"https:\/\/www.ksttukku.fi\/kauppa\/wp-json\/wp\/v2\/product_cat?post=7323"},{"taxonomy":"product_tag","embeddable":true,"href":"https:\/\/www.ksttukku.fi\/kauppa\/wp-json\/wp\/v2\/product_tag?post=7323"}],"curies":[{"name":"wp","href":"https:\/\/api.w.org\/{rel}","templated":true}]}}