{"id":7327,"date":"2021-04-29T18:25:20","date_gmt":"2021-04-29T15:25:20","guid":{"rendered":"https:\/\/www.ksttukku.fi\/kauppa\/?post_type=product&#038;p=7327"},"modified":"2023-06-02T12:41:22","modified_gmt":"2023-06-02T09:41:22","slug":"bestway-sup-lauta-sea-breeze-305m","status":"publish","type":"product","link":"https:\/\/www.ksttukku.fi\/kauppa\/tuote\/bestway-sup-lauta-sea-breeze-305m\/","title":{"rendered":"Bestway SUP-lauta Sea Breeze 3,05m"},"content":{"rendered":"<p>Sis\u00e4lt\u00e4\u00e4: sup-laudan, melan, k\u00e4sipumpun, s\u00e4ilytysrepun, jalkaremmin, ev\u00e4n, korjaussarjan. Helposti ohjattava ja kevyt lauta tyynelle s\u00e4\u00e4lle ja pieneen allokkoon. Maksimipaino 120kg.<\/p>\n","protected":false},"excerpt":{"rendered":"<p>Sis\u00e4lt\u00e4\u00e4: sup-laudan, melan, k\u00e4sipumpun, s\u00e4ilytysrepun, jalkaremmin, ev\u00e4n, korjaussarjan. Helposti ohjattava ja kevyt lauta tyynelle s\u00e4\u00e4lle ja pieneen allokkoon. Maksimipaino 120kg.<\/p>\n","protected":false},"featured_media":7328,"comment_status":"closed","ping_status":"closed","template":"","meta":[],"product_brand":[],"product_cat":[529,206],"product_tag":[],"class_list":{"0":"post-7327","1":"product","2":"type-product","3":"status-publish","4":"has-post-thumbnail","6":"product_cat-sea-breeze-sub-lauta","7":"product_cat-sup-laudat","9":"first","10":"instock","11":"taxable","12":"shipping-taxable","13":"purchasable","14":"product-type-simple"},"_links":{"self":[{"href":"https:\/\/www.ksttukku.fi\/kauppa\/wp-json\/wp\/v2\/product\/7327","targetHints":{"allow":["GET"]}}],"collection":[{"href":"https:\/\/www.ksttukku.fi\/kauppa\/wp-json\/wp\/v2\/product"}],"about":[{"href":"https:\/\/www.ksttukku.fi\/kauppa\/wp-json\/wp\/v2\/types\/product"}],"replies":[{"embeddable":true,"href":"https:\/\/www.ksttukku.fi\/kauppa\/wp-json\/wp\/v2\/comments?post=7327"}],"wp:featuredmedia":[{"embeddable":true,"href":"https:\/\/www.ksttukku.fi\/kauppa\/wp-json\/wp\/v2\/media\/7328"}],"wp:attachment":[{"href":"https:\/\/www.ksttukku.fi\/kauppa\/wp-json\/wp\/v2\/media?parent=7327"}],"wp:term":[{"taxonomy":"product_brand","embeddable":true,"href":"https:\/\/www.ksttukku.fi\/kauppa\/wp-json\/wp\/v2\/product_brand?post=7327"},{"taxonomy":"product_cat","embeddable":true,"href":"https:\/\/www.ksttukku.fi\/kauppa\/wp-json\/wp\/v2\/product_cat?post=7327"},{"taxonomy":"product_tag","embeddable":true,"href":"https:\/\/www.ksttukku.fi\/kauppa\/wp-json\/wp\/v2\/product_tag?post=7327"}],"curies":[{"name":"wp","href":"https:\/\/api.w.org\/{rel}","templated":true}]}}