{"id":7333,"date":"2021-04-30T13:17:34","date_gmt":"2021-04-30T10:17:34","guid":{"rendered":"https:\/\/www.ksttukku.fi\/kauppa\/?post_type=product&#038;p=7333"},"modified":"2024-05-30T14:13:45","modified_gmt":"2024-05-30T11:13:45","slug":"oxychock-pool-spa-1-kg","status":"publish","type":"product","link":"https:\/\/www.ksttukku.fi\/kauppa\/tuote\/oxychock-pool-spa-1-kg\/","title":{"rendered":"OxyChock 1 kg klooriton aktiivihappi"},"content":{"rendered":"<div class=\"prod-description\">\n<p><strong>OxyChock uima-altaan ja porealtaan kloorittomaan sokkik\u00e4sittelyyn ja jatkuvaan desinfiointiin<\/strong><\/p>\n<p>OxyChock-rakeita k\u00e4ytet\u00e4\u00e4n kloorittomaan sokkidesinfiointiin uimakauden alussa tai huonolaatuisen veden desinfiointiin. Hellekausien aikana on suositeltavaa tehd\u00e4 vedelle ylim\u00e4\u00e4r\u00e4inen sokkidesinfiointi noin kahden viikon v\u00e4lein. Allasta voi k\u00e4ytt\u00e4\u00e4 melko pian tuotteen lis\u00e4\u00e4misen j\u00e4lkeen. OxyChock sopii my\u00f6s yll\u00e4pitodesinfiointiin. Siin\u00e4 tapauksessa sit\u00e4 tulee k\u00e4ytt\u00e4\u00e4 yhdess\u00e4 uima-altaan Aktivaattorin (1735) kanssa, joka pident\u00e4\u00e4 ja tehostaa aktiivihapen desinfiointitehoa merkitt\u00e4v\u00e4sti.<\/p>\n<p><strong>1 tabletti\/10\u00a0000 litraa vett\u00e4.<\/strong><\/p>\n<p>Alkuannostus: Lis\u00e4\u00e4 200 grammaa OxyChock-rakeita.<br \/>\nHeikkolaatuinen vesi: Lis\u00e4\u00e4 250 grammaa OxyChock-rakeita.<br \/>\nP\u00e4ivitt\u00e4inen hoito: Lis\u00e4\u00e4 jopa p\u00e4iv\u00e4 20 grammaa OxyChock-rakeita.<\/p>\n<\/div>\n","protected":false},"excerpt":{"rendered":"<p>OxyChock uima-altaan ja porealtaan kloorittomaan sokkik\u00e4sittelyyn ja jatkuvaan desinfiointiin OxyChock-rakeita k\u00e4ytet\u00e4\u00e4n kloorittomaan sokkidesinfiointiin uimakauden alussa tai huonolaatuisen veden desinfiointiin. Hellekausien aikana on suositeltavaa tehd\u00e4 vedelle ylim\u00e4\u00e4r\u00e4inen sokkidesinfiointi noin kahden viikon v\u00e4lein. Allasta voi k\u00e4ytt\u00e4\u00e4 melko pian tuotteen lis\u00e4\u00e4misen j\u00e4lkeen. OxyChock sopii my\u00f6s yll\u00e4pitodesinfiointiin. Siin\u00e4 tapauksessa sit\u00e4 tulee k\u00e4ytt\u00e4\u00e4 yhdess\u00e4 uima-altaan Aktivaattorin (1735) kanssa, joka pident\u00e4\u00e4 [&hellip;]<\/p>\n","protected":false},"featured_media":13637,"comment_status":"closed","ping_status":"closed","template":"","meta":[],"product_brand":[],"product_cat":[206],"product_tag":[],"class_list":{"0":"post-7333","1":"product","2":"type-product","3":"status-publish","4":"has-post-thumbnail","6":"product_cat-sup-laudat","8":"first","9":"instock","10":"taxable","11":"shipping-taxable","12":"purchasable","13":"product-type-simple"},"_links":{"self":[{"href":"https:\/\/www.ksttukku.fi\/kauppa\/wp-json\/wp\/v2\/product\/7333","targetHints":{"allow":["GET"]}}],"collection":[{"href":"https:\/\/www.ksttukku.fi\/kauppa\/wp-json\/wp\/v2\/product"}],"about":[{"href":"https:\/\/www.ksttukku.fi\/kauppa\/wp-json\/wp\/v2\/types\/product"}],"replies":[{"embeddable":true,"href":"https:\/\/www.ksttukku.fi\/kauppa\/wp-json\/wp\/v2\/comments?post=7333"}],"wp:featuredmedia":[{"embeddable":true,"href":"https:\/\/www.ksttukku.fi\/kauppa\/wp-json\/wp\/v2\/media\/13637"}],"wp:attachment":[{"href":"https:\/\/www.ksttukku.fi\/kauppa\/wp-json\/wp\/v2\/media?parent=7333"}],"wp:term":[{"taxonomy":"product_brand","embeddable":true,"href":"https:\/\/www.ksttukku.fi\/kauppa\/wp-json\/wp\/v2\/product_brand?post=7333"},{"taxonomy":"product_cat","embeddable":true,"href":"https:\/\/www.ksttukku.fi\/kauppa\/wp-json\/wp\/v2\/product_cat?post=7333"},{"taxonomy":"product_tag","embeddable":true,"href":"https:\/\/www.ksttukku.fi\/kauppa\/wp-json\/wp\/v2\/product_tag?post=7333"}],"curies":[{"name":"wp","href":"https:\/\/api.w.org\/{rel}","templated":true}]}}