{"id":7336,"date":"2021-04-30T13:28:16","date_gmt":"2021-04-30T10:28:16","guid":{"rendered":"https:\/\/www.ksttukku.fi\/kauppa\/?post_type=product&#038;p=7336"},"modified":"2021-04-30T14:55:24","modified_gmt":"2021-04-30T11:55:24","slug":"klor-starter-pikakloorirakeita-tabs-20-g-1-kg","status":"publish","type":"product","link":"https:\/\/www.ksttukku.fi\/kauppa\/tuote\/klor-starter-pikakloorirakeita-tabs-20-g-1-kg\/","title":{"rendered":"Klor Starter pikakloorirakeita tabs 20 g 1 kg"},"content":{"rendered":"<p><strong>Nopea tehokas allasveden desinfiointi<\/strong><\/p>\n<p>Klor Starter pikakloorirakeita tabs k\u00e4ytet\u00e4\u00e4n kun allas on juuri t\u00e4ytetty tai kun esiintyy joku ongelma vedenlaadussa esim. pinnassa saostumista tai vesi ei ole kirkasta. Veteen lis\u00e4t\u00e4\u00e4n korkeampi m\u00e4\u00e4r\u00e4 desinfiointiainetta kun normaalisti. Klor Starter pikakloorirakeita tabs sis\u00e4lt\u00e4\u00e4 stabilisaattiota edist\u00e4v\u00e4\u00e4 ainetta joka ehk\u00e4isee auringon UV s\u00e4teilyn vaikutusta veden laatuun.<\/p>\n<p>Suosittelemme Klor Starter pikakloorirakeita tabs k\u00e4ytt\u00f6\u00e4 yhdess\u00e4 Klor WeekTabs Viikkoklooritablettejen (1729) kanssa tai k\u00e4ytt\u00e4m\u00e4ll\u00e4 Multiklooria (1768) saavuttaaksenne tasapainon veden laadussa. Vesi pidet\u00e4\u00e4n desinfioituna kloorisis\u00e4ll\u00f6ll\u00e4 0,5 \u2013 1 mg \/l. Taso voidaan tarkistaa jatkuvasti Testitikulla (1537)<\/p>\n<p>Annostelu:<br \/>\nAloitus\/sokkik\u00e4sittely: 4 tablettia \/10.000 l.<br \/>\nHuoltotasom\u00e4\u00e4r\u00e4: 1-2 tablettia \/ 10.000 l.<\/p>\n<p>Klor Starter pikakloorirakeita tabs toimitetaan turvallisessa lapsiturvallisella kannella varustetussa purkissa.<\/p>\n","protected":false},"excerpt":{"rendered":"<p>Nopea tehokas allasveden desinfiointi Klor Starter pikakloorirakeita tabs k\u00e4ytet\u00e4\u00e4n kun allas on juuri t\u00e4ytetty tai kun esiintyy joku ongelma vedenlaadussa esim. pinnassa saostumista tai vesi ei ole kirkasta. Veteen lis\u00e4t\u00e4\u00e4n korkeampi m\u00e4\u00e4r\u00e4 desinfiointiainetta kun normaalisti. Klor Starter pikakloorirakeita tabs sis\u00e4lt\u00e4\u00e4 stabilisaattiota edist\u00e4v\u00e4\u00e4 ainetta joka ehk\u00e4isee auringon UV s\u00e4teilyn vaikutusta veden laatuun. Suosittelemme Klor Starter pikakloorirakeita [&hellip;]<\/p>\n","protected":false},"featured_media":7337,"comment_status":"closed","ping_status":"closed","template":"","meta":[],"product_brand":[],"product_cat":[206],"product_tag":[],"class_list":{"0":"post-7336","1":"product","2":"type-product","3":"status-publish","4":"has-post-thumbnail","6":"product_cat-sup-laudat","8":"first","9":"instock","10":"taxable","11":"shipping-taxable","12":"purchasable","13":"product-type-simple"},"_links":{"self":[{"href":"https:\/\/www.ksttukku.fi\/kauppa\/wp-json\/wp\/v2\/product\/7336","targetHints":{"allow":["GET"]}}],"collection":[{"href":"https:\/\/www.ksttukku.fi\/kauppa\/wp-json\/wp\/v2\/product"}],"about":[{"href":"https:\/\/www.ksttukku.fi\/kauppa\/wp-json\/wp\/v2\/types\/product"}],"replies":[{"embeddable":true,"href":"https:\/\/www.ksttukku.fi\/kauppa\/wp-json\/wp\/v2\/comments?post=7336"}],"wp:featuredmedia":[{"embeddable":true,"href":"https:\/\/www.ksttukku.fi\/kauppa\/wp-json\/wp\/v2\/media\/7337"}],"wp:attachment":[{"href":"https:\/\/www.ksttukku.fi\/kauppa\/wp-json\/wp\/v2\/media?parent=7336"}],"wp:term":[{"taxonomy":"product_brand","embeddable":true,"href":"https:\/\/www.ksttukku.fi\/kauppa\/wp-json\/wp\/v2\/product_brand?post=7336"},{"taxonomy":"product_cat","embeddable":true,"href":"https:\/\/www.ksttukku.fi\/kauppa\/wp-json\/wp\/v2\/product_cat?post=7336"},{"taxonomy":"product_tag","embeddable":true,"href":"https:\/\/www.ksttukku.fi\/kauppa\/wp-json\/wp\/v2\/product_tag?post=7336"}],"curies":[{"name":"wp","href":"https:\/\/api.w.org\/{rel}","templated":true}]}}