{"id":7340,"date":"2021-04-30T13:46:02","date_gmt":"2021-04-30T10:46:02","guid":{"rendered":"https:\/\/www.ksttukku.fi\/kauppa\/?post_type=product&#038;p=7340"},"modified":"2024-06-08T11:42:30","modified_gmt":"2024-06-08T08:42:30","slug":"klarpool-1l","status":"publish","type":"product","link":"https:\/\/www.ksttukku.fi\/kauppa\/tuote\/klarpool-1l\/","title":{"rendered":"KlarPool 1L"},"content":{"rendered":"<p><span lang=\"EN-GB\"><strong>KlarPool est\u00e4\u00e4tehokkaasti kertymien muodostumisen altaan pohjalle ja sivuille.<br data-sanitized-data-mce-fragment=\"1\" \/><\/strong><\/span><\/p>\n<div class=\"prod-description\" data-sanitized-data-mce-fragment=\"1\"><br data-sanitized-data-mce-fragment=\"1\" \/>Mikro-organismien hiukkasia kulkeutuu ilmassa, eik\u00e4 niiden joutumista allasveteen voi v\u00e4ltt\u00e4\u00e4. Ymp\u00e4rist\u00f6olosuhteet, kuten kuumuus, rankkasateet ja uima-altaan kova k\u00e4ytt\u00f6, vaikuttavat my\u00f6s kerrostumien syntymiseen.<br data-sanitized-data-mce-fragment=\"1\" \/><br data-sanitized-data-mce-fragment=\"1\" \/>KlarPool est\u00e4\u00e4 liukkaiden lev\u00e4kerrostumien muodostumisen altaan pohjaan ja seiniin. <br data-sanitized-data-mce-fragment=\"1\" \/>Lev\u00e4n kasvua est\u00e4v\u00e4 viikoittainen annostus: 0,5 dl KlarPoolia\/10 000 litraa vett\u00e4.<br data-sanitized-data-mce-fragment=\"1\" \/><br data-sanitized-data-mce-fragment=\"1\" \/><strong data-sanitized-data-mce-fragment=\"1\">Kun vahinko on sattunut<\/strong><br data-sanitized-data-mce-fragment=\"1\" \/>Jos altaan pohjaan ja seiniin on p\u00e4\u00e4ssyt muodostuman lev\u00e4kerrostumia, allasvesi tulee ensin sokkidesinfioida joko Pikakloorilla (1701) tai OxyChockilla (1784) ennen KlarPoolin k\u00e4ytt\u00f6\u00e4.<\/div>\n","protected":false},"excerpt":{"rendered":"<p>KlarPool est\u00e4\u00e4tehokkaasti kertymien muodostumisen altaan pohjalle ja sivuille. Mikro-organismien hiukkasia kulkeutuu ilmassa, eik\u00e4 niiden joutumista allasveteen voi v\u00e4ltt\u00e4\u00e4. Ymp\u00e4rist\u00f6olosuhteet, kuten kuumuus, rankkasateet ja uima-altaan kova k\u00e4ytt\u00f6, vaikuttavat my\u00f6s kerrostumien syntymiseen.KlarPool est\u00e4\u00e4 liukkaiden lev\u00e4kerrostumien muodostumisen altaan pohjaan ja seiniin. Lev\u00e4n kasvua est\u00e4v\u00e4 viikoittainen annostus: 0,5 dl KlarPoolia\/10 000 litraa vett\u00e4.Kun vahinko on sattunutJos altaan pohjaan ja [&hellip;]<\/p>\n","protected":false},"featured_media":13650,"comment_status":"closed","ping_status":"closed","template":"","meta":[],"product_brand":[],"product_cat":[206],"product_tag":[],"class_list":{"0":"post-7340","1":"product","2":"type-product","3":"status-publish","4":"has-post-thumbnail","6":"product_cat-sup-laudat","8":"first","9":"instock","10":"taxable","11":"shipping-taxable","12":"purchasable","13":"product-type-simple"},"_links":{"self":[{"href":"https:\/\/www.ksttukku.fi\/kauppa\/wp-json\/wp\/v2\/product\/7340","targetHints":{"allow":["GET"]}}],"collection":[{"href":"https:\/\/www.ksttukku.fi\/kauppa\/wp-json\/wp\/v2\/product"}],"about":[{"href":"https:\/\/www.ksttukku.fi\/kauppa\/wp-json\/wp\/v2\/types\/product"}],"replies":[{"embeddable":true,"href":"https:\/\/www.ksttukku.fi\/kauppa\/wp-json\/wp\/v2\/comments?post=7340"}],"wp:featuredmedia":[{"embeddable":true,"href":"https:\/\/www.ksttukku.fi\/kauppa\/wp-json\/wp\/v2\/media\/13650"}],"wp:attachment":[{"href":"https:\/\/www.ksttukku.fi\/kauppa\/wp-json\/wp\/v2\/media?parent=7340"}],"wp:term":[{"taxonomy":"product_brand","embeddable":true,"href":"https:\/\/www.ksttukku.fi\/kauppa\/wp-json\/wp\/v2\/product_brand?post=7340"},{"taxonomy":"product_cat","embeddable":true,"href":"https:\/\/www.ksttukku.fi\/kauppa\/wp-json\/wp\/v2\/product_cat?post=7340"},{"taxonomy":"product_tag","embeddable":true,"href":"https:\/\/www.ksttukku.fi\/kauppa\/wp-json\/wp\/v2\/product_tag?post=7340"}],"curies":[{"name":"wp","href":"https:\/\/api.w.org\/{rel}","templated":true}]}}