{"id":7346,"date":"2021-04-30T14:11:00","date_gmt":"2021-04-30T11:11:00","guid":{"rendered":"https:\/\/www.ksttukku.fi\/kauppa\/?post_type=product&#038;p=7346"},"modified":"2023-08-08T18:49:39","modified_gmt":"2023-08-08T15:49:39","slug":"automaattinen-pore-ja-uima-allasimuri","status":"publish","type":"product","link":"https:\/\/www.ksttukku.fi\/kauppa\/tuote\/automaattinen-pore-ja-uima-allasimuri\/","title":{"rendered":"Automaattinen pore- ja uima-allasimuri"},"content":{"rendered":"<div class=\"prod-description\">\n<p><strong>Altaan ja ammeen puhdistaminen ei voisi en\u00e4\u00e4 olla paljon helpompaa. S\u00e4hk\u00f6akku tuottaa alipaineen, joka imee lian pois.<\/strong><\/p>\n<p>Kevyt all-in-one-ty\u00f6kalu, jolla uima- ja porealtaiden puhdistus k\u00e4y nopeasti ja helposti. Laitteen akut tuottavat voimakkaan tyhji\u00f6n, joka imee lian, hiekan ja pienet kivet. Ep\u00e4puhtaudet ker\u00e4\u00e4ntyv\u00e4t s\u00e4ili\u00f6\u00f6n, joka on helppo tyhjent\u00e4\u00e4.<\/p>\n<\/div>\n","protected":false},"excerpt":{"rendered":"<p>Altaan ja ammeen puhdistaminen ei voisi en\u00e4\u00e4 olla paljon helpompaa. S\u00e4hk\u00f6akku tuottaa alipaineen, joka imee lian pois. Kevyt all-in-one-ty\u00f6kalu, jolla uima- ja porealtaiden puhdistus k\u00e4y nopeasti ja helposti. Laitteen akut tuottavat voimakkaan tyhji\u00f6n, joka imee lian, hiekan ja pienet kivet. Ep\u00e4puhtaudet ker\u00e4\u00e4ntyv\u00e4t s\u00e4ili\u00f6\u00f6n, joka on helppo tyhjent\u00e4\u00e4.<\/p>\n","protected":false},"featured_media":7347,"comment_status":"closed","ping_status":"closed","template":"","meta":[],"product_brand":[],"product_cat":[206],"product_tag":[],"class_list":{"0":"post-7346","1":"product","2":"type-product","3":"status-publish","4":"has-post-thumbnail","6":"product_cat-sup-laudat","8":"first","9":"instock","10":"taxable","11":"shipping-taxable","12":"purchasable","13":"product-type-simple"},"_links":{"self":[{"href":"https:\/\/www.ksttukku.fi\/kauppa\/wp-json\/wp\/v2\/product\/7346","targetHints":{"allow":["GET"]}}],"collection":[{"href":"https:\/\/www.ksttukku.fi\/kauppa\/wp-json\/wp\/v2\/product"}],"about":[{"href":"https:\/\/www.ksttukku.fi\/kauppa\/wp-json\/wp\/v2\/types\/product"}],"replies":[{"embeddable":true,"href":"https:\/\/www.ksttukku.fi\/kauppa\/wp-json\/wp\/v2\/comments?post=7346"}],"wp:featuredmedia":[{"embeddable":true,"href":"https:\/\/www.ksttukku.fi\/kauppa\/wp-json\/wp\/v2\/media\/7347"}],"wp:attachment":[{"href":"https:\/\/www.ksttukku.fi\/kauppa\/wp-json\/wp\/v2\/media?parent=7346"}],"wp:term":[{"taxonomy":"product_brand","embeddable":true,"href":"https:\/\/www.ksttukku.fi\/kauppa\/wp-json\/wp\/v2\/product_brand?post=7346"},{"taxonomy":"product_cat","embeddable":true,"href":"https:\/\/www.ksttukku.fi\/kauppa\/wp-json\/wp\/v2\/product_cat?post=7346"},{"taxonomy":"product_tag","embeddable":true,"href":"https:\/\/www.ksttukku.fi\/kauppa\/wp-json\/wp\/v2\/product_tag?post=7346"}],"curies":[{"name":"wp","href":"https:\/\/api.w.org\/{rel}","templated":true}]}}