{"id":7355,"date":"2021-04-30T15:42:31","date_gmt":"2021-04-30T12:42:31","guid":{"rendered":"https:\/\/www.ksttukku.fi\/kauppa\/?post_type=product&#038;p=7355"},"modified":"2023-07-12T12:23:53","modified_gmt":"2023-07-12T09:23:53","slug":"ankkalampomittari","status":"publish","type":"product","link":"https:\/\/www.ksttukku.fi\/kauppa\/tuote\/ankkalampomittari\/","title":{"rendered":"Ankkal\u00e4mp\u00f6mittari"},"content":{"rendered":"<p><strong>K\u00e4tev\u00e4 ja koristeellinen keltaisen ankan muotoinen l\u00e4mp\u00f6mittari<\/strong><\/p>\n<p>K\u00e4tev\u00e4 ja koristeellinen l\u00e4mp\u00f6mittari, jonka kelluva muoviosa on perinteisen kylpyankan muotoinen.<\/p>\n<p>L\u00e4mp\u00f6mittari on vedess\u00e4. Narulla mittari on helppo sitoa vaikkapa tikkaisiin.<\/p>\n<p>Kaksi l\u00e4mp\u00f6tila-asteikkoa, Celsius (\u20136&#8230;+50 astetta) ja Fahrenheit (22\u2013120 astetta)<\/p>\n","protected":false},"excerpt":{"rendered":"<p>K\u00e4tev\u00e4 ja koristeellinen keltaisen ankan muotoinen l\u00e4mp\u00f6mittari K\u00e4tev\u00e4 ja koristeellinen l\u00e4mp\u00f6mittari, jonka kelluva muoviosa on perinteisen kylpyankan muotoinen. L\u00e4mp\u00f6mittari on vedess\u00e4. Narulla mittari on helppo sitoa vaikkapa tikkaisiin. Kaksi l\u00e4mp\u00f6tila-asteikkoa, Celsius (\u20136&#8230;+50 astetta) ja Fahrenheit (22\u2013120 astetta)<\/p>\n","protected":false},"featured_media":7356,"comment_status":"closed","ping_status":"closed","template":"","meta":[],"product_brand":[],"product_cat":[206],"product_tag":[],"class_list":{"0":"post-7355","1":"product","2":"type-product","3":"status-publish","4":"has-post-thumbnail","6":"product_cat-sup-laudat","8":"first","9":"instock","10":"taxable","11":"shipping-taxable","12":"purchasable","13":"product-type-simple"},"_links":{"self":[{"href":"https:\/\/www.ksttukku.fi\/kauppa\/wp-json\/wp\/v2\/product\/7355","targetHints":{"allow":["GET"]}}],"collection":[{"href":"https:\/\/www.ksttukku.fi\/kauppa\/wp-json\/wp\/v2\/product"}],"about":[{"href":"https:\/\/www.ksttukku.fi\/kauppa\/wp-json\/wp\/v2\/types\/product"}],"replies":[{"embeddable":true,"href":"https:\/\/www.ksttukku.fi\/kauppa\/wp-json\/wp\/v2\/comments?post=7355"}],"wp:featuredmedia":[{"embeddable":true,"href":"https:\/\/www.ksttukku.fi\/kauppa\/wp-json\/wp\/v2\/media\/7356"}],"wp:attachment":[{"href":"https:\/\/www.ksttukku.fi\/kauppa\/wp-json\/wp\/v2\/media?parent=7355"}],"wp:term":[{"taxonomy":"product_brand","embeddable":true,"href":"https:\/\/www.ksttukku.fi\/kauppa\/wp-json\/wp\/v2\/product_brand?post=7355"},{"taxonomy":"product_cat","embeddable":true,"href":"https:\/\/www.ksttukku.fi\/kauppa\/wp-json\/wp\/v2\/product_cat?post=7355"},{"taxonomy":"product_tag","embeddable":true,"href":"https:\/\/www.ksttukku.fi\/kauppa\/wp-json\/wp\/v2\/product_tag?post=7355"}],"curies":[{"name":"wp","href":"https:\/\/api.w.org\/{rel}","templated":true}]}}