{"id":7359,"date":"2021-04-30T16:11:45","date_gmt":"2021-04-30T13:11:45","guid":{"rendered":"https:\/\/www.ksttukku.fi\/kauppa\/?post_type=product&#038;p=7359"},"modified":"2024-06-08T12:05:08","modified_gmt":"2024-06-08T09:05:08","slug":"allastarvikkeet-perussetti","status":"publish","type":"product","link":"https:\/\/www.ksttukku.fi\/kauppa\/tuote\/allastarvikkeet-perussetti\/","title":{"rendered":"Allastarvikkeet Perussetti"},"content":{"rendered":"<div class=\"prod-description\">\n<p><strong>Kaikki allashoidon perustarvikkeet<\/strong><\/p>\n<p>Kaikki mit\u00e4 pienempien perusaltaiden hoitoon tarvitaan vedenhoitoaineiden lis\u00e4ksi, pit\u00e4\u00e4ksemme altaat aina k\u00e4ytt\u00f6valmiina.<\/p>\n<p><strong>Setti sis\u00e4lt\u00e4\u00e4:<\/strong><\/p>\n<ul>\n<li>Pohjaimuri<\/li>\n<li>Veden l\u00e4mp\u00f6mittari<\/li>\n<li>Teleskooppivarsi 1,35 metri\u00e4<\/li>\n<li>Allasroskien ker\u00e4\u00e4j\u00e4<\/li>\n<li>Allassieni<\/li>\n<\/ul>\n<\/div>\n","protected":false},"excerpt":{"rendered":"<p>Kaikki allashoidon perustarvikkeet Kaikki mit\u00e4 pienempien perusaltaiden hoitoon tarvitaan vedenhoitoaineiden lis\u00e4ksi, pit\u00e4\u00e4ksemme altaat aina k\u00e4ytt\u00f6valmiina. Setti sis\u00e4lt\u00e4\u00e4: Pohjaimuri Veden l\u00e4mp\u00f6mittari Teleskooppivarsi 1,35 metri\u00e4 Allasroskien ker\u00e4\u00e4j\u00e4 Allassieni<\/p>\n","protected":false},"featured_media":15552,"comment_status":"closed","ping_status":"closed","template":"","meta":[],"product_brand":[],"product_cat":[206],"product_tag":[],"class_list":{"0":"post-7359","1":"product","2":"type-product","3":"status-publish","4":"has-post-thumbnail","6":"product_cat-sup-laudat","8":"first","9":"instock","10":"taxable","11":"shipping-taxable","12":"purchasable","13":"product-type-simple"},"_links":{"self":[{"href":"https:\/\/www.ksttukku.fi\/kauppa\/wp-json\/wp\/v2\/product\/7359","targetHints":{"allow":["GET"]}}],"collection":[{"href":"https:\/\/www.ksttukku.fi\/kauppa\/wp-json\/wp\/v2\/product"}],"about":[{"href":"https:\/\/www.ksttukku.fi\/kauppa\/wp-json\/wp\/v2\/types\/product"}],"replies":[{"embeddable":true,"href":"https:\/\/www.ksttukku.fi\/kauppa\/wp-json\/wp\/v2\/comments?post=7359"}],"wp:featuredmedia":[{"embeddable":true,"href":"https:\/\/www.ksttukku.fi\/kauppa\/wp-json\/wp\/v2\/media\/15552"}],"wp:attachment":[{"href":"https:\/\/www.ksttukku.fi\/kauppa\/wp-json\/wp\/v2\/media?parent=7359"}],"wp:term":[{"taxonomy":"product_brand","embeddable":true,"href":"https:\/\/www.ksttukku.fi\/kauppa\/wp-json\/wp\/v2\/product_brand?post=7359"},{"taxonomy":"product_cat","embeddable":true,"href":"https:\/\/www.ksttukku.fi\/kauppa\/wp-json\/wp\/v2\/product_cat?post=7359"},{"taxonomy":"product_tag","embeddable":true,"href":"https:\/\/www.ksttukku.fi\/kauppa\/wp-json\/wp\/v2\/product_tag?post=7359"}],"curies":[{"name":"wp","href":"https:\/\/api.w.org\/{rel}","templated":true}]}}