{"id":7361,"date":"2021-04-30T16:58:32","date_gmt":"2021-04-30T13:58:32","guid":{"rendered":"https:\/\/www.ksttukku.fi\/kauppa\/?post_type=product&#038;p=7361"},"modified":"2022-05-27T16:21:16","modified_gmt":"2022-05-27T13:21:16","slug":"haavi-pintapuhdistin-muovi-ja-polyesteriverkko","status":"publish","type":"product","link":"https:\/\/www.ksttukku.fi\/kauppa\/tuote\/haavi-pintapuhdistin-muovi-ja-polyesteriverkko\/","title":{"rendered":"Haavi, pintapuhdistin, muovi ja polyesteriverkko"},"content":{"rendered":"<p><strong>Pintapuhdistin lian poistamiseen allasveden pinnalta<\/strong><\/p>\n<p>Kest\u00e4v\u00e4st\u00e4 muovista valmistettu ja polyesteriverkolla varustettu pintapuhdistin ker\u00e4\u00e4 veden pinnalle nousseet ep\u00e4puhtaudet. Tasainen verkko ei muutu liian painavaksi ja on aina helppo k\u00e4sitell\u00e4.<\/p>\n","protected":false},"excerpt":{"rendered":"<p>Pintapuhdistin lian poistamiseen allasveden pinnalta Kest\u00e4v\u00e4st\u00e4 muovista valmistettu ja polyesteriverkolla varustettu pintapuhdistin ker\u00e4\u00e4 veden pinnalle nousseet ep\u00e4puhtaudet. Tasainen verkko ei muutu liian painavaksi ja on aina helppo k\u00e4sitell\u00e4.<\/p>\n","protected":false},"featured_media":7363,"comment_status":"closed","ping_status":"closed","template":"","meta":[],"product_brand":[],"product_cat":[206],"product_tag":[],"class_list":{"0":"post-7361","1":"product","2":"type-product","3":"status-publish","4":"has-post-thumbnail","6":"product_cat-sup-laudat","8":"first","9":"instock","10":"taxable","11":"shipping-taxable","12":"purchasable","13":"product-type-simple"},"_links":{"self":[{"href":"https:\/\/www.ksttukku.fi\/kauppa\/wp-json\/wp\/v2\/product\/7361","targetHints":{"allow":["GET"]}}],"collection":[{"href":"https:\/\/www.ksttukku.fi\/kauppa\/wp-json\/wp\/v2\/product"}],"about":[{"href":"https:\/\/www.ksttukku.fi\/kauppa\/wp-json\/wp\/v2\/types\/product"}],"replies":[{"embeddable":true,"href":"https:\/\/www.ksttukku.fi\/kauppa\/wp-json\/wp\/v2\/comments?post=7361"}],"wp:featuredmedia":[{"embeddable":true,"href":"https:\/\/www.ksttukku.fi\/kauppa\/wp-json\/wp\/v2\/media\/7363"}],"wp:attachment":[{"href":"https:\/\/www.ksttukku.fi\/kauppa\/wp-json\/wp\/v2\/media?parent=7361"}],"wp:term":[{"taxonomy":"product_brand","embeddable":true,"href":"https:\/\/www.ksttukku.fi\/kauppa\/wp-json\/wp\/v2\/product_brand?post=7361"},{"taxonomy":"product_cat","embeddable":true,"href":"https:\/\/www.ksttukku.fi\/kauppa\/wp-json\/wp\/v2\/product_cat?post=7361"},{"taxonomy":"product_tag","embeddable":true,"href":"https:\/\/www.ksttukku.fi\/kauppa\/wp-json\/wp\/v2\/product_tag?post=7361"}],"curies":[{"name":"wp","href":"https:\/\/api.w.org\/{rel}","templated":true}]}}