{"id":7375,"date":"2021-05-03T12:03:00","date_gmt":"2021-05-03T09:03:00","guid":{"rendered":"https:\/\/www.ksttukku.fi\/kauppa\/?post_type=product&#038;p=7375"},"modified":"2021-05-03T12:27:33","modified_gmt":"2021-05-03T09:27:33","slug":"mustang-pizzakivi-32-cm","status":"publish","type":"product","link":"https:\/\/www.ksttukku.fi\/kauppa\/tuote\/mustang-pizzakivi-32-cm\/","title":{"rendered":"Mustang Pizzakivi 32 cm"},"content":{"rendered":"<p>Pizzakiven avulla valmistat pizzaa grillin l\u00e4mm\u00f6ss\u00e4! Pizzakivell\u00e4 pitsapohjasta tulee t\u00e4ydellisen rapea. Kordieriitist\u00e4 valmistettu pitsakivi sopii k\u00e4ytett\u00e4v\u00e4ksi kaasu- tai hiiligrilliss\u00e4. Pizzakivi sopii hyvin k\u00e4ytett\u00e4v\u00e4ksi my\u00f6s uunissa.<\/p>\n<p>Laita pizzakivi kylm\u00e4\u00e4n uuniin tai grilliin kuumenemaan. Uunin\/grillin pit\u00e4\u00e4 my\u00f6s j\u00e4\u00e4hty\u00e4 ennen kuin otat kiven sielt\u00e4 pois.<\/p>\n<p>Halk. 32 cm, vahvuus 11 mm. Pizzakivi 47 ja 57 cm pallogrilliin. Kordieriitist\u00e4 valmistettu kivitaso. Mukana kromattu ter\u00e4ksinen teline \u00d85mm, telineen mitat 36,5 x 18 x 5 cm.<\/p>\n","protected":false},"excerpt":{"rendered":"<p>Pizzakiven avulla valmistat pizzaa grillin l\u00e4mm\u00f6ss\u00e4! Pizzakivell\u00e4 pitsapohjasta tulee t\u00e4ydellisen rapea. Kordieriitist\u00e4 valmistettu pitsakivi sopii k\u00e4ytett\u00e4v\u00e4ksi kaasu- tai hiiligrilliss\u00e4. Pizzakivi sopii hyvin k\u00e4ytett\u00e4v\u00e4ksi my\u00f6s uunissa. Laita pizzakivi kylm\u00e4\u00e4n uuniin tai grilliin kuumenemaan. Uunin\/grillin pit\u00e4\u00e4 my\u00f6s j\u00e4\u00e4hty\u00e4 ennen kuin otat kiven sielt\u00e4 pois. Halk. 32 cm, vahvuus 11 mm. Pizzakivi 47 ja 57 cm pallogrilliin. Kordieriitist\u00e4 [&hellip;]<\/p>\n","protected":false},"featured_media":7376,"comment_status":"closed","ping_status":"closed","template":"","meta":[],"product_brand":[],"product_cat":[134,132],"product_tag":[378,380,379],"class_list":{"0":"post-7375","1":"product","2":"type-product","3":"status-publish","4":"has-post-thumbnail","6":"product_cat-grillaustarvikkeet","7":"product_cat-grillit-ja-grillausarvikkeet","8":"product_tag-grillaus","9":"product_tag-kesakeittio","10":"product_tag-ruuanlaittto","12":"first","13":"instock","14":"taxable","15":"shipping-taxable","16":"purchasable","17":"product-type-simple"},"_links":{"self":[{"href":"https:\/\/www.ksttukku.fi\/kauppa\/wp-json\/wp\/v2\/product\/7375","targetHints":{"allow":["GET"]}}],"collection":[{"href":"https:\/\/www.ksttukku.fi\/kauppa\/wp-json\/wp\/v2\/product"}],"about":[{"href":"https:\/\/www.ksttukku.fi\/kauppa\/wp-json\/wp\/v2\/types\/product"}],"replies":[{"embeddable":true,"href":"https:\/\/www.ksttukku.fi\/kauppa\/wp-json\/wp\/v2\/comments?post=7375"}],"wp:featuredmedia":[{"embeddable":true,"href":"https:\/\/www.ksttukku.fi\/kauppa\/wp-json\/wp\/v2\/media\/7376"}],"wp:attachment":[{"href":"https:\/\/www.ksttukku.fi\/kauppa\/wp-json\/wp\/v2\/media?parent=7375"}],"wp:term":[{"taxonomy":"product_brand","embeddable":true,"href":"https:\/\/www.ksttukku.fi\/kauppa\/wp-json\/wp\/v2\/product_brand?post=7375"},{"taxonomy":"product_cat","embeddable":true,"href":"https:\/\/www.ksttukku.fi\/kauppa\/wp-json\/wp\/v2\/product_cat?post=7375"},{"taxonomy":"product_tag","embeddable":true,"href":"https:\/\/www.ksttukku.fi\/kauppa\/wp-json\/wp\/v2\/product_tag?post=7375"}],"curies":[{"name":"wp","href":"https:\/\/api.w.org\/{rel}","templated":true}]}}