{"id":7396,"date":"2021-05-04T17:32:07","date_gmt":"2021-05-04T14:32:07","guid":{"rendered":"https:\/\/www.ksttukku.fi\/kauppa\/?post_type=product&#038;p=7396"},"modified":"2021-07-01T00:01:05","modified_gmt":"2021-06-30T21:01:05","slug":"oleskeluryhma-tobago","status":"publish","type":"product","link":"https:\/\/www.ksttukku.fi\/kauppa\/tuote\/oleskeluryhma-tobago\/","title":{"rendered":"Oleskeluryhm\u00e4 Tobago"},"content":{"rendered":"<p>Kahdenistuttava sohva 119 x 77 x 65 cm, max 240 kg. 2 kpl tuoli 64 x 77 x 65 cm, max 120 kg. P\u00f6yt\u00e4 81 x 41 x 48 cm. P\u00f6yt\u00e4levy mustaa karkaistua lasia. Istuintyynyjen paksuus 5 cm.<\/p>\n","protected":false},"excerpt":{"rendered":"<p>Kahdenistuttava sohva 119 x 77 x 65 cm, max 240 kg. 2 kpl tuoli 64 x 77 x 65 cm, max 120 kg. P\u00f6yt\u00e4 81 x 41 x 48 cm. P\u00f6yt\u00e4levy mustaa karkaistua lasia. Istuintyynyjen paksuus 5 cm.<\/p>\n","protected":false},"featured_media":7397,"comment_status":"closed","ping_status":"closed","template":"","meta":[],"product_brand":[],"product_cat":[119,120],"product_tag":[],"class_list":{"0":"post-7396","1":"product","2":"type-product","3":"status-publish","4":"has-post-thumbnail","6":"product_cat-kesakalusteet","7":"product_cat-oleskeluryhmat","9":"first","10":"instock","11":"taxable","12":"shipping-taxable","13":"purchasable","14":"product-type-simple"},"_links":{"self":[{"href":"https:\/\/www.ksttukku.fi\/kauppa\/wp-json\/wp\/v2\/product\/7396","targetHints":{"allow":["GET"]}}],"collection":[{"href":"https:\/\/www.ksttukku.fi\/kauppa\/wp-json\/wp\/v2\/product"}],"about":[{"href":"https:\/\/www.ksttukku.fi\/kauppa\/wp-json\/wp\/v2\/types\/product"}],"replies":[{"embeddable":true,"href":"https:\/\/www.ksttukku.fi\/kauppa\/wp-json\/wp\/v2\/comments?post=7396"}],"wp:featuredmedia":[{"embeddable":true,"href":"https:\/\/www.ksttukku.fi\/kauppa\/wp-json\/wp\/v2\/media\/7397"}],"wp:attachment":[{"href":"https:\/\/www.ksttukku.fi\/kauppa\/wp-json\/wp\/v2\/media?parent=7396"}],"wp:term":[{"taxonomy":"product_brand","embeddable":true,"href":"https:\/\/www.ksttukku.fi\/kauppa\/wp-json\/wp\/v2\/product_brand?post=7396"},{"taxonomy":"product_cat","embeddable":true,"href":"https:\/\/www.ksttukku.fi\/kauppa\/wp-json\/wp\/v2\/product_cat?post=7396"},{"taxonomy":"product_tag","embeddable":true,"href":"https:\/\/www.ksttukku.fi\/kauppa\/wp-json\/wp\/v2\/product_tag?post=7396"}],"curies":[{"name":"wp","href":"https:\/\/api.w.org\/{rel}","templated":true}]}}