{"id":7400,"date":"2021-05-07T17:29:34","date_gmt":"2021-05-07T14:29:34","guid":{"rendered":"https:\/\/www.ksttukku.fi\/kauppa\/?post_type=product&#038;p=7400"},"modified":"2024-06-11T16:31:49","modified_gmt":"2024-06-11T13:31:49","slug":"kasvihuone-balance-8x12-harmaa","status":"publish","type":"product","link":"https:\/\/www.ksttukku.fi\/kauppa\/tuote\/kasvihuone-balance-8x12-harmaa\/","title":{"rendered":"Kasvihuone Balance 8&#215;12 harmaa 9m2"},"content":{"rendered":"<p>Palram Balance Hybrid harmaa kasvihuone, jonka tilavuus on 9m\u00b2 takaa suojaisat kasvuolosuhteet kasveille joka mahdollistaa aikaisen istutuksen ja my\u00f6h\u00e4isen sadonkorjuun.<br \/>\nOmasta kasvihuoneesta poimit suoraan ruokap\u00f6yt\u00e4\u00e4n herkulliset tomaatit, kurkut, salaatit, yrtit ja chilit<br \/>\nPalram Balance Hybrid -kasvihuoneessa pystyt kasvattamaan jopa eksoottisia lajeja, jotka eiv\u00e4t muuten menestyisi Suomen kes\u00e4ss\u00e4.<br \/>\nPalram Balance Hybrid -kasvihuoneessa on ruuvikiristeinen j\u00e4mpti runko sek\u00e4 Snap-N-Grow tekniikan slide-in paneeliasetus, jolloin erillisi\u00e4 levyjen kiinnityslistoja ei tarvita.<br \/>\nLasin kirkkaat polykarbonaatti-sein\u00e4paneelit pit\u00e4v\u00e4t huoneen kirkkaan valoisana ja kennolevyt katossa antavat varjoisan suojan.<br \/>\nMatala kynnys ja saranoidut leve\u00e4t tuplaovet helpottavat kulkua ja takaavat esteett\u00f6m\u00e4n liikkumisen.<br \/>\nEi en\u00e4\u00e4 raskasta multas\u00e4kkien kantamista, koska kotik\u00e4rryt mahtuvat ovesta!<br \/>\nKasvihuone Palram Balance Hybrid harmaa 9m\u00b2, kennolevyll\u00e4, sokkelilla<br \/>\nKennolevyn paksuus: 4mm<br \/>\nSeinien valon l\u00e4p\u00e4isykyky on 90% ja katon 83%<br \/>\nSis\u00e4lt\u00e4\u00e4 kattoikkunat ja r\u00e4yst\u00e4\u00e4t sek\u00e4 sokkelin<br \/>\nSuuri harja- ja r\u00e4yst\u00e4skorkeus lis\u00e4\u00e4 ty\u00f6skentelytilaa<br \/>\nHuoltovapaa<br \/>\nMagneettinen ovenhaka pit\u00e4\u00e4 kasvihuoneen oven avoimena<br \/>\nK\u00e4yt\u00e4nn\u00f6ss\u00e4 s\u00e4rkym\u00e4tt\u00f6m\u00e4t polykarbonaattipaneelit<br \/>\nSuojaa sis\u00e4ll\u00e4 olevia laitteita UV-s\u00e4teilt\u00e4<br \/>\nPaneelit suojaavat haitallisilta auringon UV-s\u00e4teilt\u00e4<br \/>\nVahva ruostumaton pulverimaalattu alumiinirunko kest\u00e4\u00e4 pitk\u00e4\u00e4n<br \/>\nPaneelien liukuasennus ei vaadi lukittavia osia<br \/>\nYhdenmukaiset profiilit<br \/>\nHelpot asennusohjeet<br \/>\nSis\u00e4lt\u00e4\u00e4: sokkelin, kattoluukun ja r\u00e4yst\u00e4\u00e4t<\/p>\n","protected":false},"excerpt":{"rendered":"<p>Palram Balance Hybrid harmaa kasvihuone, jonka tilavuus on 9m\u00b2 takaa suojaisat kasvuolosuhteet kasveille joka mahdollistaa aikaisen istutuksen ja my\u00f6h\u00e4isen sadonkorjuun. Omasta kasvihuoneesta poimit suoraan ruokap\u00f6yt\u00e4\u00e4n herkulliset tomaatit, kurkut, salaatit, yrtit ja chilit Palram Balance Hybrid -kasvihuoneessa pystyt kasvattamaan jopa eksoottisia lajeja, jotka eiv\u00e4t muuten menestyisi Suomen kes\u00e4ss\u00e4. Palram Balance Hybrid -kasvihuoneessa on ruuvikiristeinen j\u00e4mpti runko [&hellip;]<\/p>\n","protected":false},"featured_media":7405,"comment_status":"closed","ping_status":"closed","template":"","meta":[],"product_brand":[],"product_cat":[119,130],"product_tag":[],"class_list":{"0":"post-7400","1":"product","2":"type-product","3":"status-publish","4":"has-post-thumbnail","6":"product_cat-kesakalusteet","7":"product_cat-puutarhakatokset","9":"first","10":"instock","11":"sale","12":"taxable","13":"shipping-taxable","14":"purchasable","15":"product-type-simple"},"_links":{"self":[{"href":"https:\/\/www.ksttukku.fi\/kauppa\/wp-json\/wp\/v2\/product\/7400","targetHints":{"allow":["GET"]}}],"collection":[{"href":"https:\/\/www.ksttukku.fi\/kauppa\/wp-json\/wp\/v2\/product"}],"about":[{"href":"https:\/\/www.ksttukku.fi\/kauppa\/wp-json\/wp\/v2\/types\/product"}],"replies":[{"embeddable":true,"href":"https:\/\/www.ksttukku.fi\/kauppa\/wp-json\/wp\/v2\/comments?post=7400"}],"wp:featuredmedia":[{"embeddable":true,"href":"https:\/\/www.ksttukku.fi\/kauppa\/wp-json\/wp\/v2\/media\/7405"}],"wp:attachment":[{"href":"https:\/\/www.ksttukku.fi\/kauppa\/wp-json\/wp\/v2\/media?parent=7400"}],"wp:term":[{"taxonomy":"product_brand","embeddable":true,"href":"https:\/\/www.ksttukku.fi\/kauppa\/wp-json\/wp\/v2\/product_brand?post=7400"},{"taxonomy":"product_cat","embeddable":true,"href":"https:\/\/www.ksttukku.fi\/kauppa\/wp-json\/wp\/v2\/product_cat?post=7400"},{"taxonomy":"product_tag","embeddable":true,"href":"https:\/\/www.ksttukku.fi\/kauppa\/wp-json\/wp\/v2\/product_tag?post=7400"}],"curies":[{"name":"wp","href":"https:\/\/api.w.org\/{rel}","templated":true}]}}