{"id":7406,"date":"2021-05-07T18:12:32","date_gmt":"2021-05-07T15:12:32","guid":{"rendered":"https:\/\/www.ksttukku.fi\/kauppa\/?post_type=product&#038;p=7406"},"modified":"2021-05-07T18:12:34","modified_gmt":"2021-05-07T15:12:34","slug":"automaattinen-tuuletusikkunan-avaaja-kasvihuoneeseen","status":"publish","type":"product","link":"https:\/\/www.ksttukku.fi\/kauppa\/tuote\/automaattinen-tuuletusikkunan-avaaja-kasvihuoneeseen\/","title":{"rendered":"Automaattinen tuuletusikkunan avaaja kasvihuoneeseen"},"content":{"rendered":"<p>Kattoluukun\/tuuletusikkunan automaattisesti avaava ja sulkeva avaaja.<\/p>\n<p>Auttaa tasaamaan kasvihuoneen l\u00e4mp\u00f6tilavaihteluja.<\/p>\n<p>Mekanismi kalibroidaan j\u00e4\u00e4kaapissa sulkeutumisl\u00e4mp\u00f6tilaan (n. +6 \u00b0C) ja avautumaan n. + 25 asteen l\u00e4mp\u00f6tilassa.<\/p>\n<p>Automaattinen avaaja vapauttaa sinut kasvihuoneen l\u00e4mp\u00f6tilan vahtimisesta. Sen toiminta perustuu l\u00e4mp\u00f6laajenemiseen. Kun l\u00e4mp\u00f6tila kasvihuoneessa nousee, avaajan sylinteriss\u00e4 oleva aine (mehil\u00e4isvaha) laajenee, jolloin avaajan varsi ty\u00f6ntyy ulos sylinterist\u00e4 ja avaa kattoluukun. L\u00e4mp\u00f6tilan laskiessa avaaja vastaavasti vet\u00e4\u00e4 luukun kiinni.<\/p>\n<p>Mitat n. 40 x 7 x 5 cm.<\/p>\n<p>Sopii kaikkiin Palram-kasvihuonemalleihin.<\/p>\n","protected":false},"excerpt":{"rendered":"<p>Kattoluukun\/tuuletusikkunan automaattisesti avaava ja sulkeva avaaja. Auttaa tasaamaan kasvihuoneen l\u00e4mp\u00f6tilavaihteluja. Mekanismi kalibroidaan j\u00e4\u00e4kaapissa sulkeutumisl\u00e4mp\u00f6tilaan (n. +6 \u00b0C) ja avautumaan n. + 25 asteen l\u00e4mp\u00f6tilassa. Automaattinen avaaja vapauttaa sinut kasvihuoneen l\u00e4mp\u00f6tilan vahtimisesta. Sen toiminta perustuu l\u00e4mp\u00f6laajenemiseen. Kun l\u00e4mp\u00f6tila kasvihuoneessa nousee, avaajan sylinteriss\u00e4 oleva aine (mehil\u00e4isvaha) laajenee, jolloin avaajan varsi ty\u00f6ntyy ulos sylinterist\u00e4 ja avaa kattoluukun. L\u00e4mp\u00f6tilan [&hellip;]<\/p>\n","protected":false},"featured_media":7411,"comment_status":"closed","ping_status":"closed","template":"","meta":[],"product_brand":[],"product_cat":[119,130],"product_tag":[],"class_list":{"0":"post-7406","1":"product","2":"type-product","3":"status-publish","4":"has-post-thumbnail","6":"product_cat-kesakalusteet","7":"product_cat-puutarhakatokset","9":"first","10":"instock","11":"taxable","12":"shipping-taxable","13":"purchasable","14":"product-type-simple"},"_links":{"self":[{"href":"https:\/\/www.ksttukku.fi\/kauppa\/wp-json\/wp\/v2\/product\/7406","targetHints":{"allow":["GET"]}}],"collection":[{"href":"https:\/\/www.ksttukku.fi\/kauppa\/wp-json\/wp\/v2\/product"}],"about":[{"href":"https:\/\/www.ksttukku.fi\/kauppa\/wp-json\/wp\/v2\/types\/product"}],"replies":[{"embeddable":true,"href":"https:\/\/www.ksttukku.fi\/kauppa\/wp-json\/wp\/v2\/comments?post=7406"}],"wp:featuredmedia":[{"embeddable":true,"href":"https:\/\/www.ksttukku.fi\/kauppa\/wp-json\/wp\/v2\/media\/7411"}],"wp:attachment":[{"href":"https:\/\/www.ksttukku.fi\/kauppa\/wp-json\/wp\/v2\/media?parent=7406"}],"wp:term":[{"taxonomy":"product_brand","embeddable":true,"href":"https:\/\/www.ksttukku.fi\/kauppa\/wp-json\/wp\/v2\/product_brand?post=7406"},{"taxonomy":"product_cat","embeddable":true,"href":"https:\/\/www.ksttukku.fi\/kauppa\/wp-json\/wp\/v2\/product_cat?post=7406"},{"taxonomy":"product_tag","embeddable":true,"href":"https:\/\/www.ksttukku.fi\/kauppa\/wp-json\/wp\/v2\/product_tag?post=7406"}],"curies":[{"name":"wp","href":"https:\/\/api.w.org\/{rel}","templated":true}]}}