{"id":7412,"date":"2021-05-07T19:12:35","date_gmt":"2021-05-07T16:12:35","guid":{"rendered":"https:\/\/www.ksttukku.fi\/kauppa\/?post_type=product&#038;p=7412"},"modified":"2022-04-25T10:11:51","modified_gmt":"2022-04-25T07:11:51","slug":"pergola-perugia-pe-katteella","status":"publish","type":"product","link":"https:\/\/www.ksttukku.fi\/kauppa\/tuote\/pergola-perugia-pe-katteella\/","title":{"rendered":"Pergola Perugia PE-katteella"},"content":{"rendered":"<div class=\"description\">Koko: 3 x 3 x 2,3 m. Alumiini jalat 100 x 100 mm. Alumiini runko 30 x 60 mm. Kattoristikot ter\u00e4st\u00e4 20 x 30 mm. Polyesterikate 180g, vetonaruilla.<\/div>\n<div class=\"description\">Suoraviivainen ja tyylik\u00e4s pergola lis\u00e4\u00e4 pihan ja puutarhan viihtyisyytt\u00e4 ja tarjoaa viile\u00e4n lev\u00e4hdyspaikan kes\u00e4helteill\u00e4.<\/div>\n","protected":false},"excerpt":{"rendered":"<p>Koko: 3 x 3 x 2,3 m. Alumiini jalat 100 x 100 mm. Alumiini runko 30 x 60 mm. Kattoristikot ter\u00e4st\u00e4 20 x 30 mm. Polyesterikate 180g, vetonaruilla. Suoraviivainen ja tyylik\u00e4s pergola lis\u00e4\u00e4 pihan ja puutarhan viihtyisyytt\u00e4 ja tarjoaa viile\u00e4n lev\u00e4hdyspaikan kes\u00e4helteill\u00e4.<\/p>\n","protected":false},"featured_media":7413,"comment_status":"closed","ping_status":"closed","template":"","meta":[],"product_brand":[],"product_cat":[119,130],"product_tag":[],"class_list":{"0":"post-7412","1":"product","2":"type-product","3":"status-publish","4":"has-post-thumbnail","6":"product_cat-kesakalusteet","7":"product_cat-puutarhakatokset","9":"first","10":"instock","11":"taxable","12":"shipping-taxable","13":"purchasable","14":"product-type-simple"},"_links":{"self":[{"href":"https:\/\/www.ksttukku.fi\/kauppa\/wp-json\/wp\/v2\/product\/7412","targetHints":{"allow":["GET"]}}],"collection":[{"href":"https:\/\/www.ksttukku.fi\/kauppa\/wp-json\/wp\/v2\/product"}],"about":[{"href":"https:\/\/www.ksttukku.fi\/kauppa\/wp-json\/wp\/v2\/types\/product"}],"replies":[{"embeddable":true,"href":"https:\/\/www.ksttukku.fi\/kauppa\/wp-json\/wp\/v2\/comments?post=7412"}],"wp:featuredmedia":[{"embeddable":true,"href":"https:\/\/www.ksttukku.fi\/kauppa\/wp-json\/wp\/v2\/media\/7413"}],"wp:attachment":[{"href":"https:\/\/www.ksttukku.fi\/kauppa\/wp-json\/wp\/v2\/media?parent=7412"}],"wp:term":[{"taxonomy":"product_brand","embeddable":true,"href":"https:\/\/www.ksttukku.fi\/kauppa\/wp-json\/wp\/v2\/product_brand?post=7412"},{"taxonomy":"product_cat","embeddable":true,"href":"https:\/\/www.ksttukku.fi\/kauppa\/wp-json\/wp\/v2\/product_cat?post=7412"},{"taxonomy":"product_tag","embeddable":true,"href":"https:\/\/www.ksttukku.fi\/kauppa\/wp-json\/wp\/v2\/product_tag?post=7412"}],"curies":[{"name":"wp","href":"https:\/\/api.w.org\/{rel}","templated":true}]}}