{"id":7414,"date":"2021-05-07T20:38:16","date_gmt":"2021-05-07T17:38:16","guid":{"rendered":"https:\/\/www.ksttukku.fi\/kauppa\/?post_type=product&#038;p=7414"},"modified":"2022-04-25T10:09:52","modified_gmt":"2022-04-25T07:09:52","slug":"pergola-perugia","status":"publish","type":"product","link":"https:\/\/www.ksttukku.fi\/kauppa\/tuote\/pergola-perugia\/","title":{"rendered":"Pergola Perugia"},"content":{"rendered":"<div class=\"description\">Koko: 3 x 3 x 2,3 m. Jalat 80 x 80 mm. Runko 30 x 50 mm. Katto 20 x 30 mm. Suoraviivainen ja tyylik\u00e4s pergola lis\u00e4\u00e4 pihan ja puutarhan viihtyisyytt\u00e4 ja tarjoaa viile\u00e4n lev\u00e4hdyspaikan kes\u00e4helteill\u00e4.<\/div>\n<div class=\"description\"><\/div>\n","protected":false},"excerpt":{"rendered":"<p>Koko: 3 x 3 x 2,3 m. Jalat 80 x 80 mm. Runko 30 x 50 mm. Katto 20 x 30 mm. Suoraviivainen ja tyylik\u00e4s pergola lis\u00e4\u00e4 pihan ja puutarhan viihtyisyytt\u00e4 ja tarjoaa viile\u00e4n lev\u00e4hdyspaikan kes\u00e4helteill\u00e4.<\/p>\n","protected":false},"featured_media":7415,"comment_status":"closed","ping_status":"closed","template":"","meta":[],"product_brand":[],"product_cat":[119,130],"product_tag":[],"class_list":{"0":"post-7414","1":"product","2":"type-product","3":"status-publish","4":"has-post-thumbnail","6":"product_cat-kesakalusteet","7":"product_cat-puutarhakatokset","9":"first","10":"instock","11":"taxable","12":"shipping-taxable","13":"purchasable","14":"product-type-simple"},"_links":{"self":[{"href":"https:\/\/www.ksttukku.fi\/kauppa\/wp-json\/wp\/v2\/product\/7414","targetHints":{"allow":["GET"]}}],"collection":[{"href":"https:\/\/www.ksttukku.fi\/kauppa\/wp-json\/wp\/v2\/product"}],"about":[{"href":"https:\/\/www.ksttukku.fi\/kauppa\/wp-json\/wp\/v2\/types\/product"}],"replies":[{"embeddable":true,"href":"https:\/\/www.ksttukku.fi\/kauppa\/wp-json\/wp\/v2\/comments?post=7414"}],"wp:featuredmedia":[{"embeddable":true,"href":"https:\/\/www.ksttukku.fi\/kauppa\/wp-json\/wp\/v2\/media\/7415"}],"wp:attachment":[{"href":"https:\/\/www.ksttukku.fi\/kauppa\/wp-json\/wp\/v2\/media?parent=7414"}],"wp:term":[{"taxonomy":"product_brand","embeddable":true,"href":"https:\/\/www.ksttukku.fi\/kauppa\/wp-json\/wp\/v2\/product_brand?post=7414"},{"taxonomy":"product_cat","embeddable":true,"href":"https:\/\/www.ksttukku.fi\/kauppa\/wp-json\/wp\/v2\/product_cat?post=7414"},{"taxonomy":"product_tag","embeddable":true,"href":"https:\/\/www.ksttukku.fi\/kauppa\/wp-json\/wp\/v2\/product_tag?post=7414"}],"curies":[{"name":"wp","href":"https:\/\/api.w.org\/{rel}","templated":true}]}}