{"id":7421,"date":"2021-05-08T14:40:30","date_gmt":"2021-05-08T11:40:30","guid":{"rendered":"https:\/\/www.ksttukku.fi\/kauppa\/?post_type=product&#038;p=7421"},"modified":"2025-07-17T10:47:05","modified_gmt":"2025-07-17T07:47:05","slug":"halmstad-kattotuuletinvalaisin-595cm-musta","status":"publish","type":"product","link":"https:\/\/www.ksttukku.fi\/kauppa\/tuote\/halmstad-kattotuuletinvalaisin-595cm-musta\/","title":{"rendered":"Halmstad kattotuuletinvalaisin 58 cm musta"},"content":{"rendered":"<p>Valaisinta ja tuuletinta voi s\u00e4\u00e4t\u00e4\u00e4 mukana tulevalla kauko-ohjaimella<\/p>\n<p>Tuulettimessa kolme nopeutta<\/p>\n<p>( kes\u00e4- sek\u00e4 talvik\u00e4ytt\u00f6)<\/p>\n<p>Valon v\u00e4ri\u00e4 (v\u00e4ril\u00e4mp\u00f6tilaa kelvinasteina) voi s\u00e4\u00e4t\u00e4\u00e4 portaattomasti.<\/p>\n<p>Y\u00f6valotoiminto ja muistotoiminto<\/p>\n<p>V\u00e4ril\u00e4mp\u00f6tila: 2700 &#8211; 6500 K<\/p>\n<p>Teho: Valaisin 40 W, tuuletin 40 W<\/p>\n<p>Valovirta: 4400 lm<\/p>\n<p>Mitat: \u2205 58 mm, korkeus 180\u00a0 mm<\/p>\n<p>V\u00e4ri: musta<\/p>\n","protected":false},"excerpt":{"rendered":"<p>Valaisinta ja tuuletinta voi s\u00e4\u00e4t\u00e4\u00e4 mukana tulevalla kauko-ohjaimella Tuulettimessa kolme nopeutta ( kes\u00e4- sek\u00e4 talvik\u00e4ytt\u00f6) Valon v\u00e4ri\u00e4 (v\u00e4ril\u00e4mp\u00f6tilaa kelvinasteina) voi s\u00e4\u00e4t\u00e4\u00e4 portaattomasti. Y\u00f6valotoiminto ja muistotoiminto V\u00e4ril\u00e4mp\u00f6tila: 2700 &#8211; 6500 K Teho: Valaisin 40 W, tuuletin 40 W Valovirta: 4400 lm Mitat: \u2205 58 mm, korkeus 180\u00a0 mm V\u00e4ri: musta<\/p>\n","protected":false},"featured_media":7422,"comment_status":"closed","ping_status":"closed","template":"","meta":[],"product_brand":[],"product_cat":[175,260,257],"product_tag":[],"class_list":{"0":"post-7421","1":"product","2":"type-product","3":"status-publish","4":"has-post-thumbnail","6":"product_cat-tuuletinvalaisimet","7":"product_cat-kattotuulettimet","8":"product_cat-tuulettimet-ja-ilmanviilentimet","10":"first","11":"instock","12":"taxable","13":"shipping-taxable","14":"purchasable","15":"product-type-simple"},"_links":{"self":[{"href":"https:\/\/www.ksttukku.fi\/kauppa\/wp-json\/wp\/v2\/product\/7421","targetHints":{"allow":["GET"]}}],"collection":[{"href":"https:\/\/www.ksttukku.fi\/kauppa\/wp-json\/wp\/v2\/product"}],"about":[{"href":"https:\/\/www.ksttukku.fi\/kauppa\/wp-json\/wp\/v2\/types\/product"}],"replies":[{"embeddable":true,"href":"https:\/\/www.ksttukku.fi\/kauppa\/wp-json\/wp\/v2\/comments?post=7421"}],"wp:featuredmedia":[{"embeddable":true,"href":"https:\/\/www.ksttukku.fi\/kauppa\/wp-json\/wp\/v2\/media\/7422"}],"wp:attachment":[{"href":"https:\/\/www.ksttukku.fi\/kauppa\/wp-json\/wp\/v2\/media?parent=7421"}],"wp:term":[{"taxonomy":"product_brand","embeddable":true,"href":"https:\/\/www.ksttukku.fi\/kauppa\/wp-json\/wp\/v2\/product_brand?post=7421"},{"taxonomy":"product_cat","embeddable":true,"href":"https:\/\/www.ksttukku.fi\/kauppa\/wp-json\/wp\/v2\/product_cat?post=7421"},{"taxonomy":"product_tag","embeddable":true,"href":"https:\/\/www.ksttukku.fi\/kauppa\/wp-json\/wp\/v2\/product_tag?post=7421"}],"curies":[{"name":"wp","href":"https:\/\/api.w.org\/{rel}","templated":true}]}}