{"id":7450,"date":"2021-05-17T17:20:28","date_gmt":"2021-05-17T14:20:28","guid":{"rendered":"https:\/\/www.ksttukku.fi\/kauppa\/?post_type=product&#038;p=7450"},"modified":"2022-08-05T18:32:25","modified_gmt":"2022-08-05T15:32:25","slug":"airam-compact-outdoor-ip65-5w-500lm-dim-musta","status":"publish","type":"product","link":"https:\/\/www.ksttukku.fi\/kauppa\/tuote\/airam-compact-outdoor-ip65-5w-500lm-dim-musta\/","title":{"rendered":"Airam Compact Outdoor IP65 5W 500lm DIM musta"},"content":{"rendered":"<p>Compact Outdoor on kauttaaltaan IP65-luokiteltu, suunnattava alasvalosarja. Valaisimet soveltuvat erityisesti kosteisiin tiloihin ja rakennusten ulkopinnoille, r\u00e4yst\u00e4isiin ja harvalaudoituksiin sek\u00e4 terassien kattorakenteisiin. V\u00e4ril\u00e4mp\u00f6tiloina 3000K ja 4000 K. Valaisin on himmennett\u00e4v\u00e4.<\/p>\n<p>J\u00e4nnite: 230 V, 50 Hz<\/p>\n<p>V\u00e4ril\u00e4mp\u00f6tila: 3000 K \/ 4000 K<\/p>\n<p>Valovirta: 500 lm<\/p>\n<p>IP-luokitus: IP65<\/p>\n<p>Mitat: \u00d8 85 mm, korkeus 55 mm, upotusaukko \u00d8 68 mm<\/p>\n<p>K\u00e4ytt\u00f6ik\u00e4: 50 000 h<\/p>\n<p>Runko alumiinia, kupu akryylia.<\/p>\n","protected":false},"excerpt":{"rendered":"<p>Compact Outdoor on kauttaaltaan IP65-luokiteltu, suunnattava alasvalosarja. Valaisimet soveltuvat erityisesti kosteisiin tiloihin ja rakennusten ulkopinnoille, r\u00e4yst\u00e4isiin ja harvalaudoituksiin sek\u00e4 terassien kattorakenteisiin. V\u00e4ril\u00e4mp\u00f6tiloina 3000K ja 4000 K. Valaisin on himmennett\u00e4v\u00e4. J\u00e4nnite: 230 V, 50 Hz V\u00e4ril\u00e4mp\u00f6tila: 3000 K \/ 4000 K Valovirta: 500 lm IP-luokitus: IP65 Mitat: \u00d8 85 mm, korkeus 55 mm, upotusaukko \u00d8 68 [&hellip;]<\/p>\n","protected":false},"featured_media":7453,"comment_status":"closed","ping_status":"closed","template":"","meta":[],"product_brand":[],"product_cat":[46,174,36,52,34],"product_tag":[],"class_list":{"0":"post-7450","1":"product","2":"type-product","3":"status-publish","4":"has-post-thumbnail","6":"product_cat-alasvalot","7":"product_cat-riippuvalaisimet-ulkovalaisimet","8":"product_cat-ulkovalaisimet","9":"product_cat-upotettavat","10":"product_cat-valaisimet","12":"first","13":"instock","14":"taxable","15":"shipping-taxable","16":"purchasable","17":"product-type-variable"},"_links":{"self":[{"href":"https:\/\/www.ksttukku.fi\/kauppa\/wp-json\/wp\/v2\/product\/7450","targetHints":{"allow":["GET"]}}],"collection":[{"href":"https:\/\/www.ksttukku.fi\/kauppa\/wp-json\/wp\/v2\/product"}],"about":[{"href":"https:\/\/www.ksttukku.fi\/kauppa\/wp-json\/wp\/v2\/types\/product"}],"replies":[{"embeddable":true,"href":"https:\/\/www.ksttukku.fi\/kauppa\/wp-json\/wp\/v2\/comments?post=7450"}],"wp:featuredmedia":[{"embeddable":true,"href":"https:\/\/www.ksttukku.fi\/kauppa\/wp-json\/wp\/v2\/media\/7453"}],"wp:attachment":[{"href":"https:\/\/www.ksttukku.fi\/kauppa\/wp-json\/wp\/v2\/media?parent=7450"}],"wp:term":[{"taxonomy":"product_brand","embeddable":true,"href":"https:\/\/www.ksttukku.fi\/kauppa\/wp-json\/wp\/v2\/product_brand?post=7450"},{"taxonomy":"product_cat","embeddable":true,"href":"https:\/\/www.ksttukku.fi\/kauppa\/wp-json\/wp\/v2\/product_cat?post=7450"},{"taxonomy":"product_tag","embeddable":true,"href":"https:\/\/www.ksttukku.fi\/kauppa\/wp-json\/wp\/v2\/product_tag?post=7450"}],"curies":[{"name":"wp","href":"https:\/\/api.w.org\/{rel}","templated":true}]}}