{"id":7474,"date":"2021-05-18T13:58:33","date_gmt":"2021-05-18T10:58:33","guid":{"rendered":"https:\/\/www.ksttukku.fi\/kauppa\/?post_type=product&#038;p=7474"},"modified":"2021-05-26T14:49:17","modified_gmt":"2021-05-26T11:49:17","slug":"ruoho-ruukussa-54-cm","status":"publish","type":"product","link":"https:\/\/www.ksttukku.fi\/kauppa\/tuote\/ruoho-ruukussa-54-cm\/","title":{"rendered":"Ruoho ruukussa 54 cm"},"content":{"rendered":"<p>Aidon n\u00e4k\u00f6inen tekokasvi ruukussa. Ruukullisella rehev\u00e4\u00e4 ruohoa saat lis\u00e4v\u00e4ri\u00e4 sisustukseen helposti. Mustan muoviruukun halkaisija on 15 cm, kokonaiskorkeus 54 cm. Materiaalit polyesteri ja PET-muovi.<\/p>\n","protected":false},"excerpt":{"rendered":"<p>Aidon n\u00e4k\u00f6inen tekokasvi ruukussa. Ruukullisella rehev\u00e4\u00e4 ruohoa saat lis\u00e4v\u00e4ri\u00e4 sisustukseen helposti. Mustan muoviruukun halkaisija on 15 cm, kokonaiskorkeus 54 cm. Materiaalit polyesteri ja PET-muovi.<\/p>\n","protected":false},"featured_media":7475,"comment_status":"closed","ping_status":"closed","template":"","meta":[],"product_brand":[],"product_cat":[377],"product_tag":[],"class_list":{"0":"post-7474","1":"product","2":"type-product","3":"status-publish","4":"has-post-thumbnail","6":"product_cat-sisustus-lahjatavarat","8":"first","9":"instock","10":"taxable","11":"shipping-taxable","12":"purchasable","13":"product-type-simple"},"_links":{"self":[{"href":"https:\/\/www.ksttukku.fi\/kauppa\/wp-json\/wp\/v2\/product\/7474","targetHints":{"allow":["GET"]}}],"collection":[{"href":"https:\/\/www.ksttukku.fi\/kauppa\/wp-json\/wp\/v2\/product"}],"about":[{"href":"https:\/\/www.ksttukku.fi\/kauppa\/wp-json\/wp\/v2\/types\/product"}],"replies":[{"embeddable":true,"href":"https:\/\/www.ksttukku.fi\/kauppa\/wp-json\/wp\/v2\/comments?post=7474"}],"wp:featuredmedia":[{"embeddable":true,"href":"https:\/\/www.ksttukku.fi\/kauppa\/wp-json\/wp\/v2\/media\/7475"}],"wp:attachment":[{"href":"https:\/\/www.ksttukku.fi\/kauppa\/wp-json\/wp\/v2\/media?parent=7474"}],"wp:term":[{"taxonomy":"product_brand","embeddable":true,"href":"https:\/\/www.ksttukku.fi\/kauppa\/wp-json\/wp\/v2\/product_brand?post=7474"},{"taxonomy":"product_cat","embeddable":true,"href":"https:\/\/www.ksttukku.fi\/kauppa\/wp-json\/wp\/v2\/product_cat?post=7474"},{"taxonomy":"product_tag","embeddable":true,"href":"https:\/\/www.ksttukku.fi\/kauppa\/wp-json\/wp\/v2\/product_tag?post=7474"}],"curies":[{"name":"wp","href":"https:\/\/api.w.org\/{rel}","templated":true}]}}