{"id":7522,"date":"2021-05-26T15:33:54","date_gmt":"2021-05-26T12:33:54","guid":{"rendered":"https:\/\/www.ksttukku.fi\/kauppa\/?post_type=product&#038;p=7522"},"modified":"2021-05-26T15:33:56","modified_gmt":"2021-05-26T12:33:56","slug":"kielo-riippuvalaisin","status":"publish","type":"product","link":"https:\/\/www.ksttukku.fi\/kauppa\/tuote\/kielo-riippuvalaisin\/","title":{"rendered":"Kielo riippuvalaisin"},"content":{"rendered":"<div class=\"muotoilija\" data-sanitized-data-mce-fragment=\"1\"><span class=\"label-inline label\" data-sanitized-data-mce-fragment=\"1\">Designer:\u00a0<\/span><a href=\"https:\/\/www.sessak.fi\/fi\/designers\/laura-v%C3%A4re\" data-sanitized-data-mce-fragment=\"1\" data-sanitized-data-mce-href=\"https:\/\/www.sessak.fi\/fi\/designers\/laura-v%C3%A4re\">Laura V\u00e4re<\/a><\/div>\n<div class=\"commerce-product-field commerce-product-field-field-teksti field-field-teksti node-9343-product-field-teksti\" data-sanitized-data-mce-fragment=\"1\">\n<p data-sanitized-data-mce-fragment=\"1\">Laura V\u00e4reen suunnittelema Kielo \u2013riippuvalaisin on saanut inspiraationsa kielon kukasta. Varjostimen alaosa aaltoilee kielon lailla heijastaen valoa pehme\u00e4sti ja luoden ymp\u00e4rilleen lempe\u00e4\u00e4 tunnelmaa. Kielo valaisimet toimivat hyvin yksitt\u00e4isin\u00e4 tai useamman valaisimen ryhm\u00e4n\u00e4, jolloin niist\u00e4 saa rakennettua n\u00e4ytt\u00e4v\u00e4n kokonaisuuden.<\/p>\n<\/div>\n<div class=\"field-product\" data-sanitized-data-mce-fragment=\"1\">\n<form id=\"commerce-cart-add-to-cart-form-12015\" class=\"commerce-add-to-cart commerce-cart-add-to-cart-form-12015\" action=\"\/fi\/valaisimet\/kielo-riippuvalaisin\" method=\"post\" data-sanitized-data-mce-fragment=\"1\" data-sanitized-accept-charset=\"UTF-8\">\n<div data-sanitized-data-mce-fragment=\"1\">\n<div id=\"edit-line-item-fields\" class=\"form-wrapper\" data-sanitized-data-mce-fragment=\"1\"><\/div>\n<\/div>\n<\/form>\n<\/div>\n<div id=\"node_product_display_full_group_main_info\" class=\"group-main-info field-group-div\" data-sanitized-data-mce-fragment=\"1\">\n<div class=\"commerce-product-field commerce-product-field-field-kuvun-vari field-field-kuvun-vari node-9343-product-field-kuvun-vari\" data-sanitized-data-mce-fragment=\"1\"><span class=\"field-label\" data-sanitized-data-mce-fragment=\"1\"> Kuvun v\u00e4ri: <\/span> Mattavalkoinen<\/div>\n<div class=\"commerce-product-field commerce-product-field-field-johdon-vari field-field-johdon-vari node-9343-product-field-johdon-vari\" data-sanitized-data-mce-fragment=\"1\"><span class=\"field-label\" data-sanitized-data-mce-fragment=\"1\"> Johdon v\u00e4ri: <\/span> Valkoinen tekstiilijohto<\/div>\n<div class=\"commerce-product-field commerce-product-field-field-korkeus field-field-korkeus node-9343-product-field-korkeus\" data-sanitized-data-mce-fragment=\"1\"><span class=\"field-label\" data-sanitized-data-mce-fragment=\"1\"> Korkeus: <\/span> 30<\/div>\n<div class=\"commerce-product-field commerce-product-field-field-kuvun-sisapinnan-vari field-field-kuvun-sisapinnan-vari node-9343-product-field-kuvun-sisapinnan-vari\" data-sanitized-data-mce-fragment=\"1\"><span class=\"field-label\" data-sanitized-data-mce-fragment=\"1\"> Kuvun sis\u00e4pinnan v\u00e4ri: <\/span> Mattavalkoinen<\/div>\n<div class=\"commerce-product-field commerce-product-field-field-halkaisija field-field-halkaisija node-9343-product-field-halkaisija\" data-sanitized-data-mce-fragment=\"1\"><span class=\"field-label\" data-sanitized-data-mce-fragment=\"1\"> Halkaisija: <\/span> 20<\/div>\n<div class=\"commerce-product-field commerce-product-field-field-koukkukiinnitys field-field-koukkukiinnitys node-9343-product-field-koukkukiinnitys\" data-sanitized-data-mce-fragment=\"1\"><span class=\"field-label\" data-sanitized-data-mce-fragment=\"1\"> Koukkukiinnitys: <\/span> Kyll\u00e4<\/div>\n<div class=\"commerce-product-field commerce-product-field-field-valaisinpistotulppa-sis field-field-valaisinpistotulppa-sis node-9343-product-field-valaisinpistotulppa-sis\" data-sanitized-data-mce-fragment=\"1\"><span class=\"field-label\" data-sanitized-data-mce-fragment=\"1\"> Valaisinpistotulppa sis: <\/span> Kyll\u00e4<\/div>\n<\/div>\n","protected":false},"excerpt":{"rendered":"<p>Designer:\u00a0Laura V\u00e4re Laura V\u00e4reen suunnittelema Kielo \u2013riippuvalaisin on saanut inspiraationsa kielon kukasta. Varjostimen alaosa aaltoilee kielon lailla heijastaen valoa pehme\u00e4sti ja luoden ymp\u00e4rilleen lempe\u00e4\u00e4 tunnelmaa. Kielo valaisimet toimivat hyvin yksitt\u00e4isin\u00e4 tai useamman valaisimen ryhm\u00e4n\u00e4, jolloin niist\u00e4 saa rakennettua n\u00e4ytt\u00e4v\u00e4n kokonaisuuden. Kuvun v\u00e4ri: Mattavalkoinen Johdon v\u00e4ri: Valkoinen tekstiilijohto Korkeus: 30 Kuvun sis\u00e4pinnan v\u00e4ri: Mattavalkoinen Halkaisija: 20 [&hellip;]<\/p>\n","protected":false},"featured_media":7523,"comment_status":"closed","ping_status":"closed","template":"","meta":[],"product_brand":[],"product_cat":[49,35,34],"product_tag":[400],"class_list":{"0":"post-7522","1":"product","2":"type-product","3":"status-publish","4":"has-post-thumbnail","6":"product_cat-riippuvalaisimet","7":"product_cat-sisavalaisimet","8":"product_cat-valaisimet","9":"product_tag-desing","11":"first","12":"instock","13":"taxable","14":"shipping-taxable","15":"purchasable","16":"product-type-simple"},"_links":{"self":[{"href":"https:\/\/www.ksttukku.fi\/kauppa\/wp-json\/wp\/v2\/product\/7522","targetHints":{"allow":["GET"]}}],"collection":[{"href":"https:\/\/www.ksttukku.fi\/kauppa\/wp-json\/wp\/v2\/product"}],"about":[{"href":"https:\/\/www.ksttukku.fi\/kauppa\/wp-json\/wp\/v2\/types\/product"}],"replies":[{"embeddable":true,"href":"https:\/\/www.ksttukku.fi\/kauppa\/wp-json\/wp\/v2\/comments?post=7522"}],"wp:featuredmedia":[{"embeddable":true,"href":"https:\/\/www.ksttukku.fi\/kauppa\/wp-json\/wp\/v2\/media\/7523"}],"wp:attachment":[{"href":"https:\/\/www.ksttukku.fi\/kauppa\/wp-json\/wp\/v2\/media?parent=7522"}],"wp:term":[{"taxonomy":"product_brand","embeddable":true,"href":"https:\/\/www.ksttukku.fi\/kauppa\/wp-json\/wp\/v2\/product_brand?post=7522"},{"taxonomy":"product_cat","embeddable":true,"href":"https:\/\/www.ksttukku.fi\/kauppa\/wp-json\/wp\/v2\/product_cat?post=7522"},{"taxonomy":"product_tag","embeddable":true,"href":"https:\/\/www.ksttukku.fi\/kauppa\/wp-json\/wp\/v2\/product_tag?post=7522"}],"curies":[{"name":"wp","href":"https:\/\/api.w.org\/{rel}","templated":true}]}}