{"id":753,"date":"2018-02-26T15:18:17","date_gmt":"2018-02-26T13:18:17","guid":{"rendered":"http:\/\/www.ksttukku.fi\/kauppa\/?post_type=product&#038;p=753"},"modified":"2024-11-15T10:50:26","modified_gmt":"2024-11-15T08:50:26","slug":"slim-valonheitin-10w-ip43-pir","status":"publish","type":"product","link":"https:\/\/www.ksttukku.fi\/kauppa\/tuote\/slim-valonheitin-10w-ip43-pir\/","title":{"rendered":"Slim valonheitin 10W IP43 PIR"},"content":{"rendered":"<p>Valaisimessa infrapunaliiketunnistin (PIR)<\/p>\n<p>Valaisimessa valmiina 0,8 m liit\u00e4nt\u00e4johto(kumikaapeli) ja IP44 SUKO-pistotulppa<\/p>\n<p>Ohut muotoilu<\/p>\n<p>Teho: 10 W<\/p>\n<p>Valovirta: 800 lm<\/p>\n<p>IP-luokitus: IP43<\/p>\n<p>Valaisimen koko: 113 x 32 x 95 (mm)<\/p>\n<p>Valonjakokulma 140\u00b0<\/p>\n<p>V\u00e4ril\u00e4mp\u00f6: 4500K<\/p>\n","protected":false},"excerpt":{"rendered":"<p>Led valonheitin liiketunnistimella<\/p>\n","protected":false},"featured_media":754,"comment_status":"closed","ping_status":"closed","template":"","meta":[],"product_brand":[],"product_cat":[63,36,39],"product_tag":[],"class_list":{"0":"post-753","1":"product","2":"type-product","3":"status-publish","4":"has-post-thumbnail","6":"product_cat-slim-valonheittimet","7":"product_cat-ulkovalaisimet","8":"product_cat-valonheittimet","10":"first","11":"outofstock","12":"taxable","13":"shipping-taxable","14":"purchasable","15":"product-type-simple"},"_links":{"self":[{"href":"https:\/\/www.ksttukku.fi\/kauppa\/wp-json\/wp\/v2\/product\/753","targetHints":{"allow":["GET"]}}],"collection":[{"href":"https:\/\/www.ksttukku.fi\/kauppa\/wp-json\/wp\/v2\/product"}],"about":[{"href":"https:\/\/www.ksttukku.fi\/kauppa\/wp-json\/wp\/v2\/types\/product"}],"replies":[{"embeddable":true,"href":"https:\/\/www.ksttukku.fi\/kauppa\/wp-json\/wp\/v2\/comments?post=753"}],"wp:featuredmedia":[{"embeddable":true,"href":"https:\/\/www.ksttukku.fi\/kauppa\/wp-json\/wp\/v2\/media\/754"}],"wp:attachment":[{"href":"https:\/\/www.ksttukku.fi\/kauppa\/wp-json\/wp\/v2\/media?parent=753"}],"wp:term":[{"taxonomy":"product_brand","embeddable":true,"href":"https:\/\/www.ksttukku.fi\/kauppa\/wp-json\/wp\/v2\/product_brand?post=753"},{"taxonomy":"product_cat","embeddable":true,"href":"https:\/\/www.ksttukku.fi\/kauppa\/wp-json\/wp\/v2\/product_cat?post=753"},{"taxonomy":"product_tag","embeddable":true,"href":"https:\/\/www.ksttukku.fi\/kauppa\/wp-json\/wp\/v2\/product_tag?post=753"}],"curies":[{"name":"wp","href":"https:\/\/api.w.org\/{rel}","templated":true}]}}