{"id":7531,"date":"2021-05-26T16:01:17","date_gmt":"2021-05-26T13:01:17","guid":{"rendered":"https:\/\/www.ksttukku.fi\/kauppa\/?post_type=product&#038;p=7531"},"modified":"2025-07-16T10:17:57","modified_gmt":"2025-07-16T07:17:57","slug":"bellus-lattiatuuletin-chrome-50-w-40-cm","status":"publish","type":"product","link":"https:\/\/www.ksttukku.fi\/kauppa\/tuote\/bellus-lattiatuuletin-chrome-50-w-40-cm\/","title":{"rendered":"Bellus Lattiatuuletin Chrome 50 W 40 cm"},"content":{"rendered":"<p>S\u00e4\u00e4dett\u00e4v\u00e4 korkeus max. 120 cm.<\/p>\n<p>Nelilapainen p\u00f6yt\u00e4tuuletin kromatulla viimeistelyll\u00e4, metallilavoilla ja t\u00e4ysmetallirakenteella. Eritt\u00e4in laadukas tuuletin, jossa perinteisi\u00e4 muovilapaisia tuulettimia korkeampi puhallustehokkuus.<\/p>\n<p>Kolme nopeutta ja 70 asteen oskillointitoiminto. 1,6 metrin virtajohto. 50W, 220-240V, 50Hz. Takuu 12 kk.<\/p>\n","protected":false},"excerpt":{"rendered":"<p>S\u00e4\u00e4dett\u00e4v\u00e4 korkeus max. 120 cm. Nelilapainen p\u00f6yt\u00e4tuuletin kromatulla viimeistelyll\u00e4, metallilavoilla ja t\u00e4ysmetallirakenteella. Eritt\u00e4in laadukas tuuletin, jossa perinteisi\u00e4 muovilapaisia tuulettimia korkeampi puhallustehokkuus. Kolme nopeutta ja 70 asteen oskillointitoiminto. 1,6 metrin virtajohto. 50W, 220-240V, 50Hz. Takuu 12 kk.<\/p>\n","protected":false},"featured_media":7534,"comment_status":"closed","ping_status":"closed","template":"","meta":[],"product_brand":[],"product_cat":[207,259,230,257],"product_tag":[401],"class_list":{"0":"post-7531","1":"product","2":"type-product","3":"status-publish","4":"has-post-thumbnail","6":"product_cat-koneet-tyokalut","7":"product_cat-lattia-ja-poytatuulettimet","8":"product_cat-sahkotarvikkeet","9":"product_cat-tuulettimet-ja-ilmanviilentimet","10":"product_tag-tuuletin","12":"first","13":"outofstock","14":"taxable","15":"shipping-taxable","16":"purchasable","17":"product-type-simple"},"_links":{"self":[{"href":"https:\/\/www.ksttukku.fi\/kauppa\/wp-json\/wp\/v2\/product\/7531","targetHints":{"allow":["GET"]}}],"collection":[{"href":"https:\/\/www.ksttukku.fi\/kauppa\/wp-json\/wp\/v2\/product"}],"about":[{"href":"https:\/\/www.ksttukku.fi\/kauppa\/wp-json\/wp\/v2\/types\/product"}],"replies":[{"embeddable":true,"href":"https:\/\/www.ksttukku.fi\/kauppa\/wp-json\/wp\/v2\/comments?post=7531"}],"wp:featuredmedia":[{"embeddable":true,"href":"https:\/\/www.ksttukku.fi\/kauppa\/wp-json\/wp\/v2\/media\/7534"}],"wp:attachment":[{"href":"https:\/\/www.ksttukku.fi\/kauppa\/wp-json\/wp\/v2\/media?parent=7531"}],"wp:term":[{"taxonomy":"product_brand","embeddable":true,"href":"https:\/\/www.ksttukku.fi\/kauppa\/wp-json\/wp\/v2\/product_brand?post=7531"},{"taxonomy":"product_cat","embeddable":true,"href":"https:\/\/www.ksttukku.fi\/kauppa\/wp-json\/wp\/v2\/product_cat?post=7531"},{"taxonomy":"product_tag","embeddable":true,"href":"https:\/\/www.ksttukku.fi\/kauppa\/wp-json\/wp\/v2\/product_tag?post=7531"}],"curies":[{"name":"wp","href":"https:\/\/api.w.org\/{rel}","templated":true}]}}