{"id":7538,"date":"2021-05-26T17:03:55","date_gmt":"2021-05-26T14:03:55","guid":{"rendered":"https:\/\/www.ksttukku.fi\/kauppa\/?post_type=product&#038;p=7538"},"modified":"2021-05-27T13:30:35","modified_gmt":"2021-05-27T10:30:35","slug":"lattiatuuletin-andreas-r038-87","status":"publish","type":"product","link":"https:\/\/www.ksttukku.fi\/kauppa\/tuote\/lattiatuuletin-andreas-r038-87\/","title":{"rendered":"Lattiatuuletin\/ilmanviilennin ANDREAS \u2013 R038-87"},"content":{"rendered":"<p><span dir=\"ltr\" style=\"left: 101.4px; top: 309.242px; font-size: 18.4px; font-family: sans-serif; transform: scaleX(0.912812);\" data-sanitized-data-mce-fragment=\"1\" data-sanitized-data-mce-style=\"left: 101.4px; top: 309.242px; font-size: 18.4px; font-family: sans-serif; transform: scaleX(0.912812);\">Laite soveltuu huoneiden tuuletuksen.<\/span><\/p>\n<p><span dir=\"ltr\" style=\"left: 101.4px; top: 309.242px; font-size: 18.4px; font-family: sans-serif; transform: scaleX(0.912812);\" data-sanitized-data-mce-fragment=\"1\" data-sanitized-data-mce-style=\"left: 101.4px; top: 309.242px; font-size: 18.4px; font-family: sans-serif; transform: scaleX(0.912812);\">Tuuletinta on helppo ohjata toimitukseen sis\u00e4ltyv\u00e4ll\u00e4 kauko-ohjaimella. <\/span><\/p>\n<p><span dir=\"ltr\" style=\"left: 101.4px; top: 309.242px; font-size: 18.4px; font-family: sans-serif; transform: scaleX(0.912812);\" data-sanitized-data-mce-fragment=\"1\" data-sanitized-data-mce-style=\"left: 101.4px; top: 309.242px; font-size: 18.4px; font-family: sans-serif; transform: scaleX(0.912812);\">Integroitu v\u00e4r\u00e4htelytoiminto varmistaa, ett\u00e4 laite k\u00e4\u00e4ntyy automaattisesti sivulta toiselle. T\u00e4m\u00e4n liikkeen avulla (noin 90-180 astetta) ilmavirta saavuttaa paljon suuremman alueen. <span dir=\"ltr\" style=\"left: 101.402px; top: 817.242px; font-size: 18.4px; font-family: sans-serif; transform: scaleX(0.905947);\" data-sanitized-data-mce-fragment=\"1\" data-sanitized-data-mce-style=\"left: 101.402px; top: 817.242px; font-size: 18.4px; font-family: sans-serif; transform: scaleX(0.905947);\">Puhallinp\u00e4\u00e4t\u00e4 voidaan kallistaa jonkin verran.<\/span><br \/>\n<\/span><\/p>\n<p><span dir=\"ltr\" style=\"left: 101.4px; top: 614.042px; font-size: 18.4px; font-family: sans-serif; transform: scaleX(0.916845);\" data-sanitized-data-mce-fragment=\"1\" data-sanitized-data-mce-style=\"left: 101.4px; top: 614.042px; font-size: 18.4px; font-family: sans-serif; transform: scaleX(0.916845);\">Laitteessa on vesis\u00e4ili\u00f6 huoneilman kostuttamiseksi<\/span><span dir=\"ltr\" style=\"left: 486.799px; top: 614.042px; font-size: 18.4px; font-family: sans-serif;\" data-sanitized-data-mce-fragment=\"1\" data-sanitized-data-mce-style=\"left: 486.799px; top: 614.042px; font-size: 18.4px; font-family: sans-serif;\"> sek\u00e4 <\/span><span dir=\"ltr\" style=\"left: 101.4px; top: 715.642px; font-size: 18.4px; font-family: sans-serif; transform: scaleX(0.890611);\" data-sanitized-data-mce-fragment=\"1\" data-sanitized-data-mce-style=\"left: 101.4px; top: 715.642px; font-size: 18.4px; font-family: sans-serif; transform: scaleX(0.890611);\">ajastintoiminto<\/span><span dir=\"ltr\" style=\"left: 874.001px; top: 766.442px; font-size: 18.4px; font-family: sans-serif; transform: scaleX(0.81924);\" data-sanitized-data-mce-fragment=\"1\" data-sanitized-data-mce-style=\"left: 874.001px; top: 766.442px; font-size: 18.4px; font-family: sans-serif; transform: scaleX(0.81924);\">.<\/span><span dir=\"ltr\" style=\"left: 101.402px; top: 868.042px; font-size: 18.4px; font-family: sans-serif; transform: scaleX(0.931865);\" data-sanitized-data-mce-fragment=\"1\" data-sanitized-data-mce-style=\"left: 101.402px; top: 868.042px; font-size: 18.4px; font-family: sans-serif; transform: scaleX(0.931865);\"> Ilmankostutustoiminto tuo my\u00f6s <\/span><span dir=\"ltr\" style=\"left: 493.202px; top: 868.042px; font-size: 18.4px; font-family: sans-serif; transform: scaleX(0.906374);\" data-sanitized-data-mce-fragment=\"1\" data-sanitized-data-mce-style=\"left: 493.202px; top: 868.042px; font-size: 18.4px; font-family: sans-serif; transform: scaleX(0.906374);\">ylim\u00e4\u00e4r\u00e4ist\u00e4 j\u00e4\u00e4hdytysvaikutusta.<\/span><\/p>\n<p><span dir=\"ltr\" style=\"left: 493.202px; top: 868.042px; font-size: 18.4px; font-family: sans-serif; transform: scaleX(0.906374);\" data-sanitized-data-mce-fragment=\"1\" data-sanitized-data-mce-style=\"left: 493.202px; top: 868.042px; font-size: 18.4px; font-family: sans-serif; transform: scaleX(0.906374);\"><span dir=\"ltr\" style=\"left: 101.4px; top: 309.242px; font-size: 18.4px; font-family: sans-serif; transform: scaleX(0.912812);\" data-sanitized-data-mce-style=\"left: 101.4px; top: 309.242px; font-size: 18.4px; font-family: sans-serif; transform: scaleX(0.912812);\" data-sanitized-data-mce-fragment=\"1\">Tuotetta voidaan k\u00e4ytt\u00e4\u00e4 kolmella eri nopeusasteella.<\/span><\/span><\/p>\n<p>&nbsp;<\/p>\n<p>Korkeus 127 cm<\/p>\n<p>Halkaisija 40 cm<\/p>\n<p>Paino 7 kg<\/p>\n","protected":false},"excerpt":{"rendered":"<p>Laite soveltuu huoneiden tuuletuksen. Tuuletinta on helppo ohjata toimitukseen sis\u00e4ltyv\u00e4ll\u00e4 kauko-ohjaimella. Integroitu v\u00e4r\u00e4htelytoiminto varmistaa, ett\u00e4 laite k\u00e4\u00e4ntyy automaattisesti sivulta toiselle. T\u00e4m\u00e4n liikkeen avulla (noin 90-180 astetta) ilmavirta saavuttaa paljon suuremman alueen. Puhallinp\u00e4\u00e4t\u00e4 voidaan kallistaa jonkin verran. Laitteessa on vesis\u00e4ili\u00f6 huoneilman kostuttamiseksi sek\u00e4 ajastintoiminto. Ilmankostutustoiminto tuo my\u00f6s ylim\u00e4\u00e4r\u00e4ist\u00e4 j\u00e4\u00e4hdytysvaikutusta. Tuotetta voidaan k\u00e4ytt\u00e4\u00e4 kolmella eri nopeusasteella. &nbsp; [&hellip;]<\/p>\n","protected":false},"featured_media":7539,"comment_status":"closed","ping_status":"closed","template":"","meta":[],"product_brand":[],"product_cat":[258,207,259,257],"product_tag":[402,401],"class_list":{"0":"post-7538","1":"product","2":"type-product","3":"status-publish","4":"has-post-thumbnail","6":"product_cat-ilmanviilentimet","7":"product_cat-koneet-tyokalut","8":"product_cat-lattia-ja-poytatuulettimet","9":"product_cat-tuulettimet-ja-ilmanviilentimet","10":"product_tag-ilmankostutin","11":"product_tag-tuuletin","13":"first","14":"instock","15":"taxable","16":"shipping-taxable","17":"purchasable","18":"product-type-simple"},"_links":{"self":[{"href":"https:\/\/www.ksttukku.fi\/kauppa\/wp-json\/wp\/v2\/product\/7538","targetHints":{"allow":["GET"]}}],"collection":[{"href":"https:\/\/www.ksttukku.fi\/kauppa\/wp-json\/wp\/v2\/product"}],"about":[{"href":"https:\/\/www.ksttukku.fi\/kauppa\/wp-json\/wp\/v2\/types\/product"}],"replies":[{"embeddable":true,"href":"https:\/\/www.ksttukku.fi\/kauppa\/wp-json\/wp\/v2\/comments?post=7538"}],"wp:featuredmedia":[{"embeddable":true,"href":"https:\/\/www.ksttukku.fi\/kauppa\/wp-json\/wp\/v2\/media\/7539"}],"wp:attachment":[{"href":"https:\/\/www.ksttukku.fi\/kauppa\/wp-json\/wp\/v2\/media?parent=7538"}],"wp:term":[{"taxonomy":"product_brand","embeddable":true,"href":"https:\/\/www.ksttukku.fi\/kauppa\/wp-json\/wp\/v2\/product_brand?post=7538"},{"taxonomy":"product_cat","embeddable":true,"href":"https:\/\/www.ksttukku.fi\/kauppa\/wp-json\/wp\/v2\/product_cat?post=7538"},{"taxonomy":"product_tag","embeddable":true,"href":"https:\/\/www.ksttukku.fi\/kauppa\/wp-json\/wp\/v2\/product_tag?post=7538"}],"curies":[{"name":"wp","href":"https:\/\/api.w.org\/{rel}","templated":true}]}}