{"id":7542,"date":"2021-05-27T13:35:07","date_gmt":"2021-05-27T10:35:07","guid":{"rendered":"https:\/\/www.ksttukku.fi\/kauppa\/?post_type=product&#038;p=7542"},"modified":"2021-05-27T13:36:06","modified_gmt":"2021-05-27T10:36:06","slug":"iceberg-r039-01-ilman-viilennin-kostutin","status":"publish","type":"product","link":"https:\/\/www.ksttukku.fi\/kauppa\/tuote\/iceberg-r039-01-ilman-viilennin-kostutin\/","title":{"rendered":"Iceberg \u2013 R039-01 ilman viilennin\/-kostutin"},"content":{"rendered":"<p>Integroitu v\u00e4r\u00e4htelytoiminto varmistaa, ett\u00e4 laite k\u00e4\u00e4ntyy automaattisesti sivulta toiselle. T\u00e4m\u00e4n liikkeen avulla (noin 90 &#8211; 180 astetta) ilmavirta saavuttaa paljon suuremman alueen.<\/p>\n<p>Laitetta on helppo ohjata toimitukseen sis\u00e4ltyv\u00e4ll\u00e4 kauko-ohjaimella.<\/p>\n<p>Tuotteeseen sis\u00e4ltyy vesis\u00e4ili\u00f6. Integroitu toiminto ilman kosteuden is\u00e4\u00e4miseksi.<\/p>\n<p>Integroitu ajastustoiminto mahdollistaa tuotteen automaattisesti kytkemisen p\u00e4\u00e4lle ja pois p\u00e4\u00e4lt\u00e4 asetettuna ajankohtana.<\/p>\n<p>Tuotetta voidaan k\u00e4ytt\u00e4\u00e4 kolmella eri nopeusasetuksella.<\/p>\n<p>Korkeus 114cm<\/p>\n<p>Halkaisija 34 cm<\/p>\n<p>Paino 5 kg<\/p>\n","protected":false},"excerpt":{"rendered":"<p>Integroitu v\u00e4r\u00e4htelytoiminto varmistaa, ett\u00e4 laite k\u00e4\u00e4ntyy automaattisesti sivulta toiselle. T\u00e4m\u00e4n liikkeen avulla (noin 90 &#8211; 180 astetta) ilmavirta saavuttaa paljon suuremman alueen. Laitetta on helppo ohjata toimitukseen sis\u00e4ltyv\u00e4ll\u00e4 kauko-ohjaimella. Tuotteeseen sis\u00e4ltyy vesis\u00e4ili\u00f6. Integroitu toiminto ilman kosteuden is\u00e4\u00e4miseksi. Integroitu ajastustoiminto mahdollistaa tuotteen automaattisesti kytkemisen p\u00e4\u00e4lle ja pois p\u00e4\u00e4lt\u00e4 asetettuna ajankohtana. Tuotetta voidaan k\u00e4ytt\u00e4\u00e4 kolmella eri nopeusasetuksella. [&hellip;]<\/p>\n","protected":false},"featured_media":7555,"comment_status":"closed","ping_status":"closed","template":"","meta":[],"product_brand":[],"product_cat":[258,259,257],"product_tag":[404,403],"class_list":{"0":"post-7542","1":"product","2":"type-product","3":"status-publish","4":"has-post-thumbnail","6":"product_cat-ilmanviilentimet","7":"product_cat-lattia-ja-poytatuulettimet","8":"product_cat-tuulettimet-ja-ilmanviilentimet","9":"product_tag-tuulentin","10":"product_tag-viilennin","12":"first","13":"instock","14":"taxable","15":"shipping-taxable","16":"purchasable","17":"product-type-simple"},"_links":{"self":[{"href":"https:\/\/www.ksttukku.fi\/kauppa\/wp-json\/wp\/v2\/product\/7542","targetHints":{"allow":["GET"]}}],"collection":[{"href":"https:\/\/www.ksttukku.fi\/kauppa\/wp-json\/wp\/v2\/product"}],"about":[{"href":"https:\/\/www.ksttukku.fi\/kauppa\/wp-json\/wp\/v2\/types\/product"}],"replies":[{"embeddable":true,"href":"https:\/\/www.ksttukku.fi\/kauppa\/wp-json\/wp\/v2\/comments?post=7542"}],"wp:featuredmedia":[{"embeddable":true,"href":"https:\/\/www.ksttukku.fi\/kauppa\/wp-json\/wp\/v2\/media\/7555"}],"wp:attachment":[{"href":"https:\/\/www.ksttukku.fi\/kauppa\/wp-json\/wp\/v2\/media?parent=7542"}],"wp:term":[{"taxonomy":"product_brand","embeddable":true,"href":"https:\/\/www.ksttukku.fi\/kauppa\/wp-json\/wp\/v2\/product_brand?post=7542"},{"taxonomy":"product_cat","embeddable":true,"href":"https:\/\/www.ksttukku.fi\/kauppa\/wp-json\/wp\/v2\/product_cat?post=7542"},{"taxonomy":"product_tag","embeddable":true,"href":"https:\/\/www.ksttukku.fi\/kauppa\/wp-json\/wp\/v2\/product_tag?post=7542"}],"curies":[{"name":"wp","href":"https:\/\/api.w.org\/{rel}","templated":true}]}}