{"id":7545,"date":"2021-05-27T11:47:26","date_gmt":"2021-05-27T08:47:26","guid":{"rendered":"https:\/\/www.ksttukku.fi\/kauppa\/?post_type=product&#038;p=7545"},"modified":"2022-05-02T17:41:39","modified_gmt":"2022-05-02T14:41:39","slug":"lattiatuuletin-malmo-r032-01","status":"publish","type":"product","link":"https:\/\/www.ksttukku.fi\/kauppa\/tuote\/lattiatuuletin-malmo-r032-01\/","title":{"rendered":"Lattiatuuletin Malm\u00f6 \u2013 R032-01"},"content":{"rendered":"<p>Integroitu v\u00e4r\u00e4htelytoiminto varmistaa, ett\u00e4 laite k\u00e4\u00e4ntyy automaattisesti sivulta toiselle. T\u00e4m\u00e4n liikkeen avulla (noin 90 &#8211; 180 astetta) ilmavirta saavuttaa paljon suuremman alueen.<\/p>\n<p>Tuotetta voidaan k\u00e4ytt\u00e4\u00e4 kolmella eri nopeusasetuksella.<\/p>\n<p>Tuotteen mitat<\/p>\n<p>Korkeus 73 cm<\/p>\n<p>Halkaisija 22 cm<\/p>\n<p>Paino 2 kg<\/p>\n","protected":false},"excerpt":{"rendered":"<p>Integroitu v\u00e4r\u00e4htelytoiminto varmistaa, ett\u00e4 laite k\u00e4\u00e4ntyy automaattisesti sivulta toiselle. T\u00e4m\u00e4n liikkeen avulla (noin 90 &#8211; 180 astetta) ilmavirta saavuttaa paljon suuremman alueen. Tuotetta voidaan k\u00e4ytt\u00e4\u00e4 kolmella eri nopeusasetuksella. Tuotteen mitat Korkeus 73 cm Halkaisija 22 cm Paino 2 kg<\/p>\n","protected":false},"featured_media":7546,"comment_status":"closed","ping_status":"closed","template":"","meta":[],"product_brand":[],"product_cat":[258,207,259,230,257],"product_tag":[401,403],"class_list":{"0":"post-7545","1":"product","2":"type-product","3":"status-publish","4":"has-post-thumbnail","6":"product_cat-ilmanviilentimet","7":"product_cat-koneet-tyokalut","8":"product_cat-lattia-ja-poytatuulettimet","9":"product_cat-sahkotarvikkeet","10":"product_cat-tuulettimet-ja-ilmanviilentimet","11":"product_tag-tuuletin","12":"product_tag-viilennin","14":"first","15":"instock","16":"taxable","17":"shipping-taxable","18":"purchasable","19":"product-type-simple"},"_links":{"self":[{"href":"https:\/\/www.ksttukku.fi\/kauppa\/wp-json\/wp\/v2\/product\/7545","targetHints":{"allow":["GET"]}}],"collection":[{"href":"https:\/\/www.ksttukku.fi\/kauppa\/wp-json\/wp\/v2\/product"}],"about":[{"href":"https:\/\/www.ksttukku.fi\/kauppa\/wp-json\/wp\/v2\/types\/product"}],"replies":[{"embeddable":true,"href":"https:\/\/www.ksttukku.fi\/kauppa\/wp-json\/wp\/v2\/comments?post=7545"}],"wp:featuredmedia":[{"embeddable":true,"href":"https:\/\/www.ksttukku.fi\/kauppa\/wp-json\/wp\/v2\/media\/7546"}],"wp:attachment":[{"href":"https:\/\/www.ksttukku.fi\/kauppa\/wp-json\/wp\/v2\/media?parent=7545"}],"wp:term":[{"taxonomy":"product_brand","embeddable":true,"href":"https:\/\/www.ksttukku.fi\/kauppa\/wp-json\/wp\/v2\/product_brand?post=7545"},{"taxonomy":"product_cat","embeddable":true,"href":"https:\/\/www.ksttukku.fi\/kauppa\/wp-json\/wp\/v2\/product_cat?post=7545"},{"taxonomy":"product_tag","embeddable":true,"href":"https:\/\/www.ksttukku.fi\/kauppa\/wp-json\/wp\/v2\/product_tag?post=7545"}],"curies":[{"name":"wp","href":"https:\/\/api.w.org\/{rel}","templated":true}]}}