{"id":7548,"date":"2021-05-27T13:13:21","date_gmt":"2021-05-27T10:13:21","guid":{"rendered":"https:\/\/www.ksttukku.fi\/kauppa\/?post_type=product&#038;p=7548"},"modified":"2022-06-30T11:20:15","modified_gmt":"2022-06-30T08:20:15","slug":"rgp-varia-vaihtava-lattiatuuletin-kalmar","status":"publish","type":"product","link":"https:\/\/www.ksttukku.fi\/kauppa\/tuote\/rgp-varia-vaihtava-lattiatuuletin-kalmar\/","title":{"rendered":"Kalmar RGP v\u00e4ri\u00e4 vaihtava lattiatuuletin"},"content":{"rendered":"<p>Valaisimessa on RGB-v\u00e4rinvaihdin (punainen, vihre\u00e4, sininen).<\/p>\n<p>Integroitu ajastintoiminto mahdollistaa tuotteen automaattisen kytkemisen p\u00e4\u00e4lle ja pois p\u00e4\u00e4lt\u00e4 asetettuina ajankohtina. Tuotetta voidaan k\u00e4ytt\u00e4\u00e4 kolmella eri nopeusasteella.<\/p>\n<p>Tuotetta voidaan hallita joko kosketusn\u00e4yt\u00f6navulla tai toimitukseen sis\u00e4ltyv\u00e4ll\u00e4 kauko-ohjaimella.<\/p>\n<p>Korkeus 60 cm<\/p>\n<p>Leveys 28 cm<\/p>\n<p>Syvyys 19 cm<\/p>\n","protected":false},"excerpt":{"rendered":"<p>Valaisimessa on RGB-v\u00e4rinvaihdin (punainen, vihre\u00e4, sininen). Integroitu ajastintoiminto mahdollistaa tuotteen automaattisen kytkemisen p\u00e4\u00e4lle ja pois p\u00e4\u00e4lt\u00e4 asetettuina ajankohtina. Tuotetta voidaan k\u00e4ytt\u00e4\u00e4 kolmella eri nopeusasteella. Tuotetta voidaan hallita joko kosketusn\u00e4yt\u00f6navulla tai toimitukseen sis\u00e4ltyv\u00e4ll\u00e4 kauko-ohjaimella. Korkeus 60 cm Leveys 28 cm Syvyys 19 cm<\/p>\n","protected":false},"featured_media":7549,"comment_status":"closed","ping_status":"closed","template":"","meta":[],"product_brand":[],"product_cat":[259,257],"product_tag":[401,403],"class_list":{"0":"post-7548","1":"product","2":"type-product","3":"status-publish","4":"has-post-thumbnail","6":"product_cat-lattia-ja-poytatuulettimet","7":"product_cat-tuulettimet-ja-ilmanviilentimet","8":"product_tag-tuuletin","9":"product_tag-viilennin","11":"first","12":"instock","13":"taxable","14":"shipping-taxable","15":"purchasable","16":"product-type-simple"},"_links":{"self":[{"href":"https:\/\/www.ksttukku.fi\/kauppa\/wp-json\/wp\/v2\/product\/7548","targetHints":{"allow":["GET"]}}],"collection":[{"href":"https:\/\/www.ksttukku.fi\/kauppa\/wp-json\/wp\/v2\/product"}],"about":[{"href":"https:\/\/www.ksttukku.fi\/kauppa\/wp-json\/wp\/v2\/types\/product"}],"replies":[{"embeddable":true,"href":"https:\/\/www.ksttukku.fi\/kauppa\/wp-json\/wp\/v2\/comments?post=7548"}],"wp:featuredmedia":[{"embeddable":true,"href":"https:\/\/www.ksttukku.fi\/kauppa\/wp-json\/wp\/v2\/media\/7549"}],"wp:attachment":[{"href":"https:\/\/www.ksttukku.fi\/kauppa\/wp-json\/wp\/v2\/media?parent=7548"}],"wp:term":[{"taxonomy":"product_brand","embeddable":true,"href":"https:\/\/www.ksttukku.fi\/kauppa\/wp-json\/wp\/v2\/product_brand?post=7548"},{"taxonomy":"product_cat","embeddable":true,"href":"https:\/\/www.ksttukku.fi\/kauppa\/wp-json\/wp\/v2\/product_cat?post=7548"},{"taxonomy":"product_tag","embeddable":true,"href":"https:\/\/www.ksttukku.fi\/kauppa\/wp-json\/wp\/v2\/product_tag?post=7548"}],"curies":[{"name":"wp","href":"https:\/\/api.w.org\/{rel}","templated":true}]}}