{"id":7568,"date":"2021-05-27T16:16:19","date_gmt":"2021-05-27T13:16:19","guid":{"rendered":"https:\/\/www.ksttukku.fi\/kauppa\/?post_type=product&#038;p=7568"},"modified":"2022-05-27T16:18:47","modified_gmt":"2022-05-27T13:18:47","slug":"led-energie-led-nauha-230v-ip44-ip65-4000k-5m","status":"publish","type":"product","link":"https:\/\/www.ksttukku.fi\/kauppa\/tuote\/led-energie-led-nauha-230v-ip44-ip65-4000k-5m\/","title":{"rendered":"Led Energie LED-nauha 230V IP44\/IP65 4000K 5m"},"content":{"rendered":"<p>Pakkaus sis\u00e4lt\u00e4\u00e4: 5m LED-nauhaa valmiilla pistotulpalla 10kpl kiinnikkeit\u00e4, 20kpl ruuveja 1kpl p\u00e4\u00e4typala 1kpl joustava liitosjohto<\/p>\n<p>Rakenne: Nauhan mitat (PxLxK): 5000mm x 14,5mm x 7,5mm<\/p>\n<p>LED-nauha: IP65<\/p>\n<p>Liitosjohto: IP44, valkoinen, 1,5metri\u00e4 pitk\u00e4<\/p>\n<p>&nbsp;<\/p>\n<p>S\u00e4hk\u00f6tekniset ja valotekniset tiedot:<\/p>\n<p>J\u00e4nnite: AC230V\/50Hz<\/p>\n<p>Teho: 7W\/m, kokonaisteho 35W<\/p>\n<p>Valovirta: 480lm\/m, kokonaisvalovirta 2400lm<\/p>\n<p>V\u00e4ril\u00e4mp\u00f6tila: 4000K, valkoinen<\/p>\n<p>V\u00e4rintoistoindeksi: Ra&gt;80<\/p>\n<p>LED-nauhaa voidaan katkaista 1metrin v\u00e4lein. Katkaisun j\u00e4lkeen LED-nauhan IP-luokitus on IP20 ilman p\u00e4\u00e4typalan asennusta silikonin kanssa.<\/p>\n<p>Elinik\u00e4: 25 000h K\u00e4ytt\u00f6ymp\u00e4rist\u00f6n l\u00e4mp\u00f6tila: -35\u02daC &#8211; +50 \u02daC<\/p>\n","protected":false},"excerpt":{"rendered":"<p>Pakkaus sis\u00e4lt\u00e4\u00e4: 5m LED-nauhaa valmiilla pistotulpalla 10kpl kiinnikkeit\u00e4, 20kpl ruuveja 1kpl p\u00e4\u00e4typala 1kpl joustava liitosjohto Rakenne: Nauhan mitat (PxLxK): 5000mm x 14,5mm x 7,5mm LED-nauha: IP65 Liitosjohto: IP44, valkoinen, 1,5metri\u00e4 pitk\u00e4 &nbsp; S\u00e4hk\u00f6tekniset ja valotekniset tiedot: J\u00e4nnite: AC230V\/50Hz Teho: 7W\/m, kokonaisteho 35W Valovirta: 480lm\/m, kokonaisvalovirta 2400lm V\u00e4ril\u00e4mp\u00f6tila: 4000K, valkoinen V\u00e4rintoistoindeksi: Ra&gt;80 LED-nauhaa voidaan katkaista 1metrin [&hellip;]<\/p>\n","protected":false},"featured_media":7569,"comment_status":"closed","ping_status":"closed","template":"","meta":[],"product_brand":[],"product_cat":[35,59,36,34,45],"product_tag":[408,409],"class_list":{"0":"post-7568","1":"product","2":"type-product","3":"status-publish","4":"has-post-thumbnail","6":"product_cat-sisavalaisimet","7":"product_cat-terassivalaisimet","8":"product_cat-ulkovalaisimet","9":"product_cat-valaisimet","10":"product_cat-valonauhat","11":"product_tag-lednauha","12":"product_tag-terassivalo","14":"first","15":"outofstock","16":"taxable","17":"shipping-taxable","18":"purchasable","19":"product-type-simple"},"_links":{"self":[{"href":"https:\/\/www.ksttukku.fi\/kauppa\/wp-json\/wp\/v2\/product\/7568","targetHints":{"allow":["GET"]}}],"collection":[{"href":"https:\/\/www.ksttukku.fi\/kauppa\/wp-json\/wp\/v2\/product"}],"about":[{"href":"https:\/\/www.ksttukku.fi\/kauppa\/wp-json\/wp\/v2\/types\/product"}],"replies":[{"embeddable":true,"href":"https:\/\/www.ksttukku.fi\/kauppa\/wp-json\/wp\/v2\/comments?post=7568"}],"wp:featuredmedia":[{"embeddable":true,"href":"https:\/\/www.ksttukku.fi\/kauppa\/wp-json\/wp\/v2\/media\/7569"}],"wp:attachment":[{"href":"https:\/\/www.ksttukku.fi\/kauppa\/wp-json\/wp\/v2\/media?parent=7568"}],"wp:term":[{"taxonomy":"product_brand","embeddable":true,"href":"https:\/\/www.ksttukku.fi\/kauppa\/wp-json\/wp\/v2\/product_brand?post=7568"},{"taxonomy":"product_cat","embeddable":true,"href":"https:\/\/www.ksttukku.fi\/kauppa\/wp-json\/wp\/v2\/product_cat?post=7568"},{"taxonomy":"product_tag","embeddable":true,"href":"https:\/\/www.ksttukku.fi\/kauppa\/wp-json\/wp\/v2\/product_tag?post=7568"}],"curies":[{"name":"wp","href":"https:\/\/api.w.org\/{rel}","templated":true}]}}