{"id":7573,"date":"2021-05-27T16:49:55","date_gmt":"2021-05-27T13:49:55","guid":{"rendered":"https:\/\/www.ksttukku.fi\/kauppa\/?post_type=product&#038;p=7573"},"modified":"2025-11-25T14:30:42","modified_gmt":"2025-11-25T12:30:42","slug":"led-energie-led-nauha-230v-ip44-ip65-4000k-10m","status":"publish","type":"product","link":"https:\/\/www.ksttukku.fi\/kauppa\/tuote\/led-energie-led-nauha-230v-ip44-ip65-4000k-10m\/","title":{"rendered":"Led Energie LED-nauha 230V IP44\/IP65 4000K 10m"},"content":{"rendered":"<table>\n<tbody>\n<tr>\n<th class=\"right top\"><\/th>\n<td>230V LED-valonauha yleis- ja korostusvalaistukseen valmiilla IP44 suko-pistotulpalla.<\/p>\n<p>Pakkaus sis\u00e4lt\u00e4\u00e4: 10m LED-nauhaa valmiilla pistotulpalla 20kpl kiinnikkeit\u00e4, 40kpl ruuveja 1kpl p\u00e4\u00e4typala 2kpl joustava liitosjohto<\/p>\n<p>Rakenne: Nauhan mitat(PxLxK): 10000mm x 14,5mm x 7,5mm<\/p>\n<p>LED-valonauha: IP65<\/p>\n<p>Liitosjohto: IP44, valkoinen, 1,5metri\u00e4 pitk\u00e4<\/p>\n<p>J\u00e4nnite: AC230V\/50Hz<\/p>\n<p>Teho: 7W\/m, kokonaisteho 70W<\/p>\n<p>Valovirta: 480lm\/m, kokonaisvalovirta 4800lm<\/p>\n<p>V\u00e4ril\u00e4mp\u00f6tila: 4000K, valkoinen<\/p>\n<p>V\u00e4rintoistoindeksi: Ra&gt;80<\/p>\n<p>LED-valonauhaa voidaan katkaista 1 metrin v\u00e4lein. Katkaisun j\u00e4lkeen LED-nauhan IP-luokitus on IP20 ilman p\u00e4\u00e4typalan asennusta silikonin kanssa.<\/p>\n<p>Elinik\u00e4: 25 000h K\u00e4ytt\u00f6ymp\u00e4rist\u00f6n l\u00e4mp\u00f6tila: -35\u02daC &#8211; +50 \u02daC<\/td>\n<\/tr>\n<\/tbody>\n<\/table>\n","protected":false},"excerpt":{"rendered":"<p>230V LED-valonauha yleis- ja korostusvalaistukseen valmiilla IP44 suko-pistotulpalla. Pakkaus sis\u00e4lt\u00e4\u00e4: 10m LED-nauhaa valmiilla pistotulpalla 20kpl kiinnikkeit\u00e4, 40kpl ruuveja 1kpl p\u00e4\u00e4typala 2kpl joustava liitosjohto Rakenne: Nauhan mitat(PxLxK): 10000mm x 14,5mm x 7,5mm LED-valonauha: IP65 Liitosjohto: IP44, valkoinen, 1,5metri\u00e4 pitk\u00e4 J\u00e4nnite: AC230V\/50Hz Teho: 7W\/m, kokonaisteho 70W Valovirta: 480lm\/m, kokonaisvalovirta 4800lm V\u00e4ril\u00e4mp\u00f6tila: 4000K, valkoinen V\u00e4rintoistoindeksi: Ra&gt;80 LED-valonauhaa voidaan [&hellip;]<\/p>\n","protected":false},"featured_media":7569,"comment_status":"closed","ping_status":"closed","template":"","meta":[],"product_brand":[],"product_cat":[35,59,36,34,45],"product_tag":[408,409],"class_list":{"0":"post-7573","1":"product","2":"type-product","3":"status-publish","4":"has-post-thumbnail","6":"product_cat-sisavalaisimet","7":"product_cat-terassivalaisimet","8":"product_cat-ulkovalaisimet","9":"product_cat-valaisimet","10":"product_cat-valonauhat","11":"product_tag-lednauha","12":"product_tag-terassivalo","14":"first","15":"outofstock","16":"taxable","17":"shipping-taxable","18":"purchasable","19":"product-type-simple"},"_links":{"self":[{"href":"https:\/\/www.ksttukku.fi\/kauppa\/wp-json\/wp\/v2\/product\/7573","targetHints":{"allow":["GET"]}}],"collection":[{"href":"https:\/\/www.ksttukku.fi\/kauppa\/wp-json\/wp\/v2\/product"}],"about":[{"href":"https:\/\/www.ksttukku.fi\/kauppa\/wp-json\/wp\/v2\/types\/product"}],"replies":[{"embeddable":true,"href":"https:\/\/www.ksttukku.fi\/kauppa\/wp-json\/wp\/v2\/comments?post=7573"}],"wp:featuredmedia":[{"embeddable":true,"href":"https:\/\/www.ksttukku.fi\/kauppa\/wp-json\/wp\/v2\/media\/7569"}],"wp:attachment":[{"href":"https:\/\/www.ksttukku.fi\/kauppa\/wp-json\/wp\/v2\/media?parent=7573"}],"wp:term":[{"taxonomy":"product_brand","embeddable":true,"href":"https:\/\/www.ksttukku.fi\/kauppa\/wp-json\/wp\/v2\/product_brand?post=7573"},{"taxonomy":"product_cat","embeddable":true,"href":"https:\/\/www.ksttukku.fi\/kauppa\/wp-json\/wp\/v2\/product_cat?post=7573"},{"taxonomy":"product_tag","embeddable":true,"href":"https:\/\/www.ksttukku.fi\/kauppa\/wp-json\/wp\/v2\/product_tag?post=7573"}],"curies":[{"name":"wp","href":"https:\/\/api.w.org\/{rel}","templated":true}]}}