{"id":7585,"date":"2021-05-28T10:25:23","date_gmt":"2021-05-28T07:25:23","guid":{"rendered":"https:\/\/www.ksttukku.fi\/kauppa\/?post_type=product&#038;p=7585"},"modified":"2021-05-28T10:25:27","modified_gmt":"2021-05-28T07:25:27","slug":"liima-ansa-50","status":"publish","type":"product","link":"https:\/\/www.ksttukku.fi\/kauppa\/tuote\/liima-ansa-50\/","title":{"rendered":"Liima-ansa 50"},"content":{"rendered":"<div class=\"entry-content content\">\n<p>\u00d6t\u00f6kk\u00e4 Liima-ansa 50 on myrkyt\u00f6n, ymp\u00e4rist\u00f6yst\u00e4v\u00e4llinen ja helppo k\u00e4ytt\u00e4\u00e4! Ansassa on 9 W:n ultraviolettilamppu, joka houkuttelee tehokkaasti hy\u00f6nteisi\u00e4 luokseen, mink\u00e4 j\u00e4lkeen ne kuolevat ansan sis\u00e4ll\u00e4 olevaan liima-paperiin. Liima-ansa liitet\u00e4\u00e4n suoraan pistorasiaan. Ansa on suunniteltu sis\u00e4k\u00e4ytt\u00f6\u00f6n. Valmistettu paloturvallisesta ABS-muovista. Liima-ansan vaihtopapereita voi ostaa \u00d6t\u00f6kk\u00e4-j\u00e4lleenmyyjilt\u00e4.<\/p>\n<\/div>\n<div class=\"product-details\">\n<h4>Tuotetiedot<\/h4>\n<ul>\n<li><strong>Lamppu:<\/strong> 9 W, keskim\u00e4\u00e4rin 8000 tunnin toiminta-aika<\/li>\n<li><strong>Tuotteen mitat:<\/strong> 28 x 9 x 7 cm<\/li>\n<li><strong>Toiminta-ala:<\/strong> 50 m\u00b2<\/li>\n<li><strong>Sis\u00e4lt\u00e4\u00e4 :<\/strong> 2 kpl liimapaperia<\/li>\n<\/ul>\n<\/div>\n","protected":false},"excerpt":{"rendered":"<p>\u00d6t\u00f6kk\u00e4 Liima-ansa 50 on myrkyt\u00f6n, ymp\u00e4rist\u00f6yst\u00e4v\u00e4llinen ja helppo k\u00e4ytt\u00e4\u00e4! Ansassa on 9 W:n ultraviolettilamppu, joka houkuttelee tehokkaasti hy\u00f6nteisi\u00e4 luokseen, mink\u00e4 j\u00e4lkeen ne kuolevat ansan sis\u00e4ll\u00e4 olevaan liima-paperiin. Liima-ansa liitet\u00e4\u00e4n suoraan pistorasiaan. Ansa on suunniteltu sis\u00e4k\u00e4ytt\u00f6\u00f6n. Valmistettu paloturvallisesta ABS-muovista. Liima-ansan vaihtopapereita voi ostaa \u00d6t\u00f6kk\u00e4-j\u00e4lleenmyyjilt\u00e4. Tuotetiedot Lamppu: 9 W, keskim\u00e4\u00e4rin 8000 tunnin toiminta-aika Tuotteen mitat: 28 x [&hellip;]<\/p>\n","protected":false},"featured_media":7586,"comment_status":"closed","ping_status":"closed","template":"","meta":[],"product_brand":[],"product_cat":[351],"product_tag":[405],"class_list":{"0":"post-7585","1":"product","2":"type-product","3":"status-publish","4":"has-post-thumbnail","6":"product_cat-hyttysansat-ja-karkottimet","7":"product_tag-hyttyskarkotin","9":"first","10":"instock","11":"taxable","12":"shipping-taxable","13":"purchasable","14":"product-type-simple"},"_links":{"self":[{"href":"https:\/\/www.ksttukku.fi\/kauppa\/wp-json\/wp\/v2\/product\/7585","targetHints":{"allow":["GET"]}}],"collection":[{"href":"https:\/\/www.ksttukku.fi\/kauppa\/wp-json\/wp\/v2\/product"}],"about":[{"href":"https:\/\/www.ksttukku.fi\/kauppa\/wp-json\/wp\/v2\/types\/product"}],"replies":[{"embeddable":true,"href":"https:\/\/www.ksttukku.fi\/kauppa\/wp-json\/wp\/v2\/comments?post=7585"}],"wp:featuredmedia":[{"embeddable":true,"href":"https:\/\/www.ksttukku.fi\/kauppa\/wp-json\/wp\/v2\/media\/7586"}],"wp:attachment":[{"href":"https:\/\/www.ksttukku.fi\/kauppa\/wp-json\/wp\/v2\/media?parent=7585"}],"wp:term":[{"taxonomy":"product_brand","embeddable":true,"href":"https:\/\/www.ksttukku.fi\/kauppa\/wp-json\/wp\/v2\/product_brand?post=7585"},{"taxonomy":"product_cat","embeddable":true,"href":"https:\/\/www.ksttukku.fi\/kauppa\/wp-json\/wp\/v2\/product_cat?post=7585"},{"taxonomy":"product_tag","embeddable":true,"href":"https:\/\/www.ksttukku.fi\/kauppa\/wp-json\/wp\/v2\/product_tag?post=7585"}],"curies":[{"name":"wp","href":"https:\/\/api.w.org\/{rel}","templated":true}]}}