{"id":7595,"date":"2021-05-28T10:56:58","date_gmt":"2021-05-28T07:56:58","guid":{"rendered":"https:\/\/www.ksttukku.fi\/kauppa\/?post_type=product&#038;p=7595"},"modified":"2021-05-28T10:57:00","modified_gmt":"2021-05-28T07:57:00","slug":"tarraikkunaverkko-valkoinen","status":"publish","type":"product","link":"https:\/\/www.ksttukku.fi\/kauppa\/tuote\/tarraikkunaverkko-valkoinen\/","title":{"rendered":"Tarraikkunaverkko valkoinen"},"content":{"rendered":"<div class=\"entry-content content\">\n<p>Ikkunoihin, jotka ovat puuta, alumiinia tai muovia. K\u00e4tev\u00e4 keino est\u00e4\u00e4 lent\u00e4vien hy\u00f6nteisten p\u00e4\u00e4sy sis\u00e4tiloihin. Helppo asentaa: kiinnitet\u00e4\u00e4n tarranauha ikkunapuitteeseen ja painetaan verkko kiinni. Pakkaus sis\u00e4lt\u00e4\u00e4 verkon ja kiinnitysnauhan.<\/p>\n<p>Katso asennusohjeet <a href=\"https:\/\/youtu.be\/U0lKHO6KLFg\" target=\"_blank\" rel=\"noopener\" data-rel=\"lightbox-video-0\">t\u00e4st\u00e4<\/a>.<\/p>\n<\/div>\n<div class=\"product-details\">\n<h4>Tuotetiedot<\/h4>\n<ul>\n<li><strong>Koko:<\/strong> 75 x 150 cm tai 130 x 150 cm<\/li>\n<li><strong>V\u00e4ri:<\/strong> valkoinen<\/li>\n<\/ul>\n<\/div>\n","protected":false},"excerpt":{"rendered":"<p>Ikkunoihin, jotka ovat puuta, alumiinia tai muovia. K\u00e4tev\u00e4 keino est\u00e4\u00e4 lent\u00e4vien hy\u00f6nteisten p\u00e4\u00e4sy sis\u00e4tiloihin. Helppo asentaa: kiinnitet\u00e4\u00e4n tarranauha ikkunapuitteeseen ja painetaan verkko kiinni. Pakkaus sis\u00e4lt\u00e4\u00e4 verkon ja kiinnitysnauhan. Katso asennusohjeet t\u00e4st\u00e4. Tuotetiedot Koko: 75 x 150 cm tai 130 x 150 cm V\u00e4ri: valkoinen<\/p>\n","protected":false},"featured_media":7596,"comment_status":"closed","ping_status":"closed","template":"","meta":[],"product_brand":[],"product_cat":[351],"product_tag":[412],"class_list":{"0":"post-7595","1":"product","2":"type-product","3":"status-publish","4":"has-post-thumbnail","6":"product_cat-hyttysansat-ja-karkottimet","7":"product_tag-verkko","9":"first","10":"instock","11":"taxable","12":"shipping-taxable","13":"purchasable","14":"product-type-simple"},"_links":{"self":[{"href":"https:\/\/www.ksttukku.fi\/kauppa\/wp-json\/wp\/v2\/product\/7595","targetHints":{"allow":["GET"]}}],"collection":[{"href":"https:\/\/www.ksttukku.fi\/kauppa\/wp-json\/wp\/v2\/product"}],"about":[{"href":"https:\/\/www.ksttukku.fi\/kauppa\/wp-json\/wp\/v2\/types\/product"}],"replies":[{"embeddable":true,"href":"https:\/\/www.ksttukku.fi\/kauppa\/wp-json\/wp\/v2\/comments?post=7595"}],"wp:featuredmedia":[{"embeddable":true,"href":"https:\/\/www.ksttukku.fi\/kauppa\/wp-json\/wp\/v2\/media\/7596"}],"wp:attachment":[{"href":"https:\/\/www.ksttukku.fi\/kauppa\/wp-json\/wp\/v2\/media?parent=7595"}],"wp:term":[{"taxonomy":"product_brand","embeddable":true,"href":"https:\/\/www.ksttukku.fi\/kauppa\/wp-json\/wp\/v2\/product_brand?post=7595"},{"taxonomy":"product_cat","embeddable":true,"href":"https:\/\/www.ksttukku.fi\/kauppa\/wp-json\/wp\/v2\/product_cat?post=7595"},{"taxonomy":"product_tag","embeddable":true,"href":"https:\/\/www.ksttukku.fi\/kauppa\/wp-json\/wp\/v2\/product_tag?post=7595"}],"curies":[{"name":"wp","href":"https:\/\/api.w.org\/{rel}","templated":true}]}}