{"id":7599,"date":"2021-05-28T11:28:08","date_gmt":"2021-05-28T08:28:08","guid":{"rendered":"https:\/\/www.ksttukku.fi\/kauppa\/?post_type=product&#038;p=7599"},"modified":"2021-05-28T11:54:32","modified_gmt":"2021-05-28T08:54:32","slug":"sahkoansa-kupu","status":"publish","type":"product","link":"https:\/\/www.ksttukku.fi\/kauppa\/tuote\/sahkoansa-kupu\/","title":{"rendered":"S\u00e4hk\u00f6ansa kupu"},"content":{"rendered":"<p>Soveltuu k\u00e4ytett\u00e4v\u00e4ksi \u00d6t\u00f6kk\u00e4 S\u00e4hk\u00f6ansa 45 kanssa.<br data-sanitized-data-mce-fragment=\"1\" \/>Ei sis\u00e4ll\u00e4 s\u00e4hk\u00f6ansaa.<\/p>\n","protected":false},"excerpt":{"rendered":"<p>Soveltuu k\u00e4ytett\u00e4v\u00e4ksi \u00d6t\u00f6kk\u00e4 S\u00e4hk\u00f6ansa 45 kanssa.Ei sis\u00e4ll\u00e4 s\u00e4hk\u00f6ansaa.<\/p>\n","protected":false},"featured_media":7606,"comment_status":"closed","ping_status":"closed","template":"","meta":[],"product_brand":[],"product_cat":[351],"product_tag":[405],"class_list":{"0":"post-7599","1":"product","2":"type-product","3":"status-publish","4":"has-post-thumbnail","6":"product_cat-hyttysansat-ja-karkottimet","7":"product_tag-hyttyskarkotin","9":"first","10":"instock","11":"taxable","12":"shipping-taxable","13":"purchasable","14":"product-type-simple"},"_links":{"self":[{"href":"https:\/\/www.ksttukku.fi\/kauppa\/wp-json\/wp\/v2\/product\/7599","targetHints":{"allow":["GET"]}}],"collection":[{"href":"https:\/\/www.ksttukku.fi\/kauppa\/wp-json\/wp\/v2\/product"}],"about":[{"href":"https:\/\/www.ksttukku.fi\/kauppa\/wp-json\/wp\/v2\/types\/product"}],"replies":[{"embeddable":true,"href":"https:\/\/www.ksttukku.fi\/kauppa\/wp-json\/wp\/v2\/comments?post=7599"}],"wp:featuredmedia":[{"embeddable":true,"href":"https:\/\/www.ksttukku.fi\/kauppa\/wp-json\/wp\/v2\/media\/7606"}],"wp:attachment":[{"href":"https:\/\/www.ksttukku.fi\/kauppa\/wp-json\/wp\/v2\/media?parent=7599"}],"wp:term":[{"taxonomy":"product_brand","embeddable":true,"href":"https:\/\/www.ksttukku.fi\/kauppa\/wp-json\/wp\/v2\/product_brand?post=7599"},{"taxonomy":"product_cat","embeddable":true,"href":"https:\/\/www.ksttukku.fi\/kauppa\/wp-json\/wp\/v2\/product_cat?post=7599"},{"taxonomy":"product_tag","embeddable":true,"href":"https:\/\/www.ksttukku.fi\/kauppa\/wp-json\/wp\/v2\/product_tag?post=7599"}],"curies":[{"name":"wp","href":"https:\/\/api.w.org\/{rel}","templated":true}]}}