{"id":76,"date":"2017-09-05T17:20:21","date_gmt":"2017-09-05T14:20:21","guid":{"rendered":"http:\/\/www.ksttukku.fi\/kauppa\/?post_type=product&#038;p=76"},"modified":"2024-06-12T14:19:19","modified_gmt":"2024-06-12T11:19:19","slug":"york-100cm-beige","status":"publish","type":"product","link":"https:\/\/www.ksttukku.fi\/kauppa\/tuote\/york-100cm-beige\/","title":{"rendered":"Kuramatto York 100 cm beige 13,90\u20ac\/m"},"content":{"rendered":"<p>Kuramatot est\u00e4v\u00e4t lian ja kosteuden siirtymisen ulkoa sis\u00e4tiloihin ja ovat helppohoitoisia.<\/p>\n<p>Materiaali: Polypropeeni, pohja lateksi<\/p>\n<p>Hoito-ohje: Tahrat pyyhit\u00e4\u00e4n tuoreeltaan kostealla liinalla, imurointi, tarvittaessa k\u00e4sinpesu miedolla pesuaineella 40 asteessa, kuivattaminen py\u00f6re\u00e4ll\u00e4 tangolla.<\/p>\n<p>Leveys: 100 cm<\/p>\n<p>V\u00e4ri. Beige<\/p>\n","protected":false},"excerpt":{"rendered":"<p>Kuramatot est\u00e4v\u00e4t lian ja kosteuden siirtymisen ulkoa sis\u00e4tiloihin ja ovat helppohoitoisia. Materiaali: Polypropeeni, pohja lateksi Hoito-ohje: Tahrat pyyhit\u00e4\u00e4n tuoreeltaan kostealla liinalla, imurointi, tarvittaessa k\u00e4sinpesu miedolla pesuaineella 40 asteessa, kuivattaminen py\u00f6re\u00e4ll\u00e4 tangolla. Leveys: 100 cm V\u00e4ri. Beige<\/p>\n","protected":false},"featured_media":834,"comment_status":"closed","ping_status":"closed","template":"","meta":[],"product_brand":[],"product_cat":[26,22],"product_tag":[],"class_list":{"0":"post-76","1":"product","2":"type-product","3":"status-publish","4":"has-post-thumbnail","6":"product_cat-kuramatot","7":"product_cat-matot","9":"first","10":"outofstock","11":"taxable","12":"shipping-taxable","13":"purchasable","14":"product-type-simple"},"_links":{"self":[{"href":"https:\/\/www.ksttukku.fi\/kauppa\/wp-json\/wp\/v2\/product\/76","targetHints":{"allow":["GET"]}}],"collection":[{"href":"https:\/\/www.ksttukku.fi\/kauppa\/wp-json\/wp\/v2\/product"}],"about":[{"href":"https:\/\/www.ksttukku.fi\/kauppa\/wp-json\/wp\/v2\/types\/product"}],"replies":[{"embeddable":true,"href":"https:\/\/www.ksttukku.fi\/kauppa\/wp-json\/wp\/v2\/comments?post=76"}],"wp:featuredmedia":[{"embeddable":true,"href":"https:\/\/www.ksttukku.fi\/kauppa\/wp-json\/wp\/v2\/media\/834"}],"wp:attachment":[{"href":"https:\/\/www.ksttukku.fi\/kauppa\/wp-json\/wp\/v2\/media?parent=76"}],"wp:term":[{"taxonomy":"product_brand","embeddable":true,"href":"https:\/\/www.ksttukku.fi\/kauppa\/wp-json\/wp\/v2\/product_brand?post=76"},{"taxonomy":"product_cat","embeddable":true,"href":"https:\/\/www.ksttukku.fi\/kauppa\/wp-json\/wp\/v2\/product_cat?post=76"},{"taxonomy":"product_tag","embeddable":true,"href":"https:\/\/www.ksttukku.fi\/kauppa\/wp-json\/wp\/v2\/product_tag?post=76"}],"curies":[{"name":"wp","href":"https:\/\/api.w.org\/{rel}","templated":true}]}}