{"id":7602,"date":"2021-05-28T11:47:16","date_gmt":"2021-05-28T08:47:16","guid":{"rendered":"https:\/\/www.ksttukku.fi\/kauppa\/?post_type=product&#038;p=7602"},"modified":"2021-05-31T10:05:18","modified_gmt":"2021-05-31T07:05:18","slug":"magneettioviverho-musta","status":"publish","type":"product","link":"https:\/\/www.ksttukku.fi\/kauppa\/tuote\/magneettioviverho-musta\/","title":{"rendered":"Magneettioviverho musta max. 93 x 235 cm"},"content":{"rendered":"<div class=\"entry-content content\">\n<ul>\n<li>Sopii kaikkiin vakio-oviin (ei k\u00e4y tuplaoviin)<\/li>\n<li>Helppo asentaa<\/li>\n<li>Sulkeutuu itsest\u00e4\u00e4n keskell\u00e4 olevan magneetin avulla<\/li>\n<li>Patentoitu kiinnitysj\u00e4rjestelm\u00e4<\/li>\n<li>Tarra kiinnitet\u00e4\u00e4n listaan (tai sein\u00e4\u00e4n) pinta-asennuksena<\/li>\n<li>Kiinniketarran v\u00e4ri: valkoinen<\/li>\n<li>Asennusohjeet pakkauksessa<\/li>\n<li>Paketti sis\u00e4lt\u00e4\u00e4: 2 lamellia ja kiinniketarrat asennusta varten<\/li>\n<\/ul>\n<p>Katso asennusohjeet\u00a0<a href=\"http:\/\/www.otokka.fi\/wp-content\/uploads\/2020\/06\/O\u0308to\u0308kka\u0308-Magneetti-oviverhoon-UUSI-OHJE-2014.pdf\">t\u00e4st\u00e4.<\/a><\/p>\n<\/div>\n<div class=\"product-details\">\n<h4>Tuotetiedot<\/h4>\n<ul>\n<li><strong>Koko:<\/strong> s\u00e4\u00e4dett\u00e4v\u00e4 max. 93 x 235 cm<\/li>\n<li><strong>V\u00e4ri:<\/strong> musta<\/li>\n<\/ul>\n<\/div>\n","protected":false},"excerpt":{"rendered":"<p>Sopii kaikkiin vakio-oviin (ei k\u00e4y tuplaoviin) Helppo asentaa Sulkeutuu itsest\u00e4\u00e4n keskell\u00e4 olevan magneetin avulla Patentoitu kiinnitysj\u00e4rjestelm\u00e4 Tarra kiinnitet\u00e4\u00e4n listaan (tai sein\u00e4\u00e4n) pinta-asennuksena Kiinniketarran v\u00e4ri: valkoinen Asennusohjeet pakkauksessa Paketti sis\u00e4lt\u00e4\u00e4: 2 lamellia ja kiinniketarrat asennusta varten Katso asennusohjeet\u00a0t\u00e4st\u00e4. Tuotetiedot Koko: s\u00e4\u00e4dett\u00e4v\u00e4 max. 93 x 235 cm V\u00e4ri: musta<\/p>\n","protected":false},"featured_media":7603,"comment_status":"closed","ping_status":"closed","template":"","meta":[],"product_brand":[],"product_cat":[351],"product_tag":[413],"class_list":{"0":"post-7602","1":"product","2":"type-product","3":"status-publish","4":"has-post-thumbnail","6":"product_cat-hyttysansat-ja-karkottimet","7":"product_tag-oviverho","9":"first","10":"instock","11":"taxable","12":"shipping-taxable","13":"purchasable","14":"product-type-simple"},"_links":{"self":[{"href":"https:\/\/www.ksttukku.fi\/kauppa\/wp-json\/wp\/v2\/product\/7602","targetHints":{"allow":["GET"]}}],"collection":[{"href":"https:\/\/www.ksttukku.fi\/kauppa\/wp-json\/wp\/v2\/product"}],"about":[{"href":"https:\/\/www.ksttukku.fi\/kauppa\/wp-json\/wp\/v2\/types\/product"}],"replies":[{"embeddable":true,"href":"https:\/\/www.ksttukku.fi\/kauppa\/wp-json\/wp\/v2\/comments?post=7602"}],"wp:featuredmedia":[{"embeddable":true,"href":"https:\/\/www.ksttukku.fi\/kauppa\/wp-json\/wp\/v2\/media\/7603"}],"wp:attachment":[{"href":"https:\/\/www.ksttukku.fi\/kauppa\/wp-json\/wp\/v2\/media?parent=7602"}],"wp:term":[{"taxonomy":"product_brand","embeddable":true,"href":"https:\/\/www.ksttukku.fi\/kauppa\/wp-json\/wp\/v2\/product_brand?post=7602"},{"taxonomy":"product_cat","embeddable":true,"href":"https:\/\/www.ksttukku.fi\/kauppa\/wp-json\/wp\/v2\/product_cat?post=7602"},{"taxonomy":"product_tag","embeddable":true,"href":"https:\/\/www.ksttukku.fi\/kauppa\/wp-json\/wp\/v2\/product_tag?post=7602"}],"curies":[{"name":"wp","href":"https:\/\/api.w.org\/{rel}","templated":true}]}}