{"id":7613,"date":"2021-05-28T12:05:22","date_gmt":"2021-05-28T09:05:22","guid":{"rendered":"https:\/\/www.ksttukku.fi\/kauppa\/?post_type=product&#038;p=7613"},"modified":"2021-05-28T12:05:23","modified_gmt":"2021-05-28T09:05:23","slug":"4-lamellinen-hyonteisoviverho-economic","status":"publish","type":"product","link":"https:\/\/www.ksttukku.fi\/kauppa\/tuote\/4-lamellinen-hyonteisoviverho-economic\/","title":{"rendered":"4-lamellinen hy\u00f6nteisoviverho economic"},"content":{"rendered":"<div class=\"entry-content content\">\n<ul>\n<li>Sopii kaikkiin vakio-oviin<\/li>\n<li>Helppo asentaa<\/li>\n<li>Sulkeutuu itsest\u00e4\u00e4n<\/li>\n<li>Helppo l\u00e4pikulku<\/li>\n<li>Helppo poistaa ja asentaa takaisin<\/li>\n<li>Toimii n\u00e4k\u00f6suojana<\/li>\n<li>Asennusohjeet pakkauksessa<\/li>\n<li>Pakkaus sis\u00e4lt\u00e4\u00e4: 4 lamellia, asennusprofiilin ja sulkijaprofiilin.<\/li>\n<\/ul>\n<p>Katso asennusohjeet <a href=\"https:\/\/youtu.be\/RUyimdk-LPc\" target=\"_blank\" rel=\"noopener\" data-rel=\"lightbox-video-0\">t\u00e4st\u00e4<\/a>.<\/p>\n<\/div>\n<div class=\"product-details\">\n<h4>Tuotetiedot<\/h4>\n<ul>\n<li><strong>Koko:<\/strong> s\u00e4\u00e4dett\u00e4v\u00e4 max. 95 x 215 cm<\/li>\n<\/ul>\n<\/div>\n","protected":false},"excerpt":{"rendered":"<p>Sopii kaikkiin vakio-oviin Helppo asentaa Sulkeutuu itsest\u00e4\u00e4n Helppo l\u00e4pikulku Helppo poistaa ja asentaa takaisin Toimii n\u00e4k\u00f6suojana Asennusohjeet pakkauksessa Pakkaus sis\u00e4lt\u00e4\u00e4: 4 lamellia, asennusprofiilin ja sulkijaprofiilin. Katso asennusohjeet t\u00e4st\u00e4. Tuotetiedot Koko: s\u00e4\u00e4dett\u00e4v\u00e4 max. 95 x 215 cm<\/p>\n","protected":false},"featured_media":7614,"comment_status":"closed","ping_status":"closed","template":"","meta":[],"product_brand":[],"product_cat":[351],"product_tag":[413],"class_list":{"0":"post-7613","1":"product","2":"type-product","3":"status-publish","4":"has-post-thumbnail","6":"product_cat-hyttysansat-ja-karkottimet","7":"product_tag-oviverho","9":"first","10":"instock","11":"taxable","12":"shipping-taxable","13":"purchasable","14":"product-type-simple"},"_links":{"self":[{"href":"https:\/\/www.ksttukku.fi\/kauppa\/wp-json\/wp\/v2\/product\/7613","targetHints":{"allow":["GET"]}}],"collection":[{"href":"https:\/\/www.ksttukku.fi\/kauppa\/wp-json\/wp\/v2\/product"}],"about":[{"href":"https:\/\/www.ksttukku.fi\/kauppa\/wp-json\/wp\/v2\/types\/product"}],"replies":[{"embeddable":true,"href":"https:\/\/www.ksttukku.fi\/kauppa\/wp-json\/wp\/v2\/comments?post=7613"}],"wp:featuredmedia":[{"embeddable":true,"href":"https:\/\/www.ksttukku.fi\/kauppa\/wp-json\/wp\/v2\/media\/7614"}],"wp:attachment":[{"href":"https:\/\/www.ksttukku.fi\/kauppa\/wp-json\/wp\/v2\/media?parent=7613"}],"wp:term":[{"taxonomy":"product_brand","embeddable":true,"href":"https:\/\/www.ksttukku.fi\/kauppa\/wp-json\/wp\/v2\/product_brand?post=7613"},{"taxonomy":"product_cat","embeddable":true,"href":"https:\/\/www.ksttukku.fi\/kauppa\/wp-json\/wp\/v2\/product_cat?post=7613"},{"taxonomy":"product_tag","embeddable":true,"href":"https:\/\/www.ksttukku.fi\/kauppa\/wp-json\/wp\/v2\/product_tag?post=7613"}],"curies":[{"name":"wp","href":"https:\/\/api.w.org\/{rel}","templated":true}]}}