{"id":7636,"date":"2021-05-31T12:10:25","date_gmt":"2021-05-31T09:10:25","guid":{"rendered":"https:\/\/www.ksttukku.fi\/kauppa\/?post_type=product&#038;p=7636"},"modified":"2025-08-19T11:54:16","modified_gmt":"2025-08-19T08:54:16","slug":"riipputuoli-sun-natural","status":"publish","type":"product","link":"https:\/\/www.ksttukku.fi\/kauppa\/tuote\/riipputuoli-sun-natural\/","title":{"rendered":"Riipputuoli Sun natural"},"content":{"rendered":"<p>Riipputuolissa on kiva loikoilla ja nauttia rennosti kauniista kes\u00e4p\u00e4iv\u00e4st\u00e4. Vaalea riipputuoli luonnonvalkealla miellytt\u00e4v\u00e4ll\u00e4 pehmusteella on tyylik\u00e4s n\u00e4ky terassilla tai parvekkeella.<\/p>\n<p>Istuinosa 90 x 65 x 113 cm.<\/p>\n<p>Luonnonvalkoinen istuintyynypuuvillaa, vaahtomuovi t\u00e4yte.<\/p>\n","protected":false},"excerpt":{"rendered":"<p>Riipputuolissa on kiva loikoilla ja nauttia rennosti kauniista kes\u00e4p\u00e4iv\u00e4st\u00e4. Vaalea riipputuoli luonnonvalkealla miellytt\u00e4v\u00e4ll\u00e4 pehmusteella on tyylik\u00e4s n\u00e4ky terassilla tai parvekkeella. Istuinosa 90 x 65 x 113 cm. Luonnonvalkoinen istuintyynypuuvillaa, vaahtomuovi t\u00e4yte.<\/p>\n","protected":false},"featured_media":7639,"comment_status":"closed","ping_status":"closed","template":"","meta":[],"product_brand":[],"product_cat":[119,123],"product_tag":[416],"class_list":{"0":"post-7636","1":"product","2":"type-product","3":"status-publish","4":"has-post-thumbnail","6":"product_cat-kesakalusteet","7":"product_cat-lepotuolit","8":"product_tag-korituoli","10":"first","11":"instock","12":"taxable","13":"shipping-taxable","14":"purchasable","15":"product-type-simple"},"_links":{"self":[{"href":"https:\/\/www.ksttukku.fi\/kauppa\/wp-json\/wp\/v2\/product\/7636","targetHints":{"allow":["GET"]}}],"collection":[{"href":"https:\/\/www.ksttukku.fi\/kauppa\/wp-json\/wp\/v2\/product"}],"about":[{"href":"https:\/\/www.ksttukku.fi\/kauppa\/wp-json\/wp\/v2\/types\/product"}],"replies":[{"embeddable":true,"href":"https:\/\/www.ksttukku.fi\/kauppa\/wp-json\/wp\/v2\/comments?post=7636"}],"wp:featuredmedia":[{"embeddable":true,"href":"https:\/\/www.ksttukku.fi\/kauppa\/wp-json\/wp\/v2\/media\/7639"}],"wp:attachment":[{"href":"https:\/\/www.ksttukku.fi\/kauppa\/wp-json\/wp\/v2\/media?parent=7636"}],"wp:term":[{"taxonomy":"product_brand","embeddable":true,"href":"https:\/\/www.ksttukku.fi\/kauppa\/wp-json\/wp\/v2\/product_brand?post=7636"},{"taxonomy":"product_cat","embeddable":true,"href":"https:\/\/www.ksttukku.fi\/kauppa\/wp-json\/wp\/v2\/product_cat?post=7636"},{"taxonomy":"product_tag","embeddable":true,"href":"https:\/\/www.ksttukku.fi\/kauppa\/wp-json\/wp\/v2\/product_tag?post=7636"}],"curies":[{"name":"wp","href":"https:\/\/api.w.org\/{rel}","templated":true}]}}